{"id":25334,"date":"2026-02-17T17:35:03","date_gmt":"2026-02-17T16:35:03","guid":{"rendered":"https:\/\/www.venicecitytours.it\/?page_id=25334"},"modified":"2026-02-18T12:21:00","modified_gmt":"2026-02-18T11:21:00","slug":"stimmen-ueber-uns","status":"publish","type":"page","link":"https:\/\/www.venicecitytours.it\/de\/stimmen-ueber-uns\/","title":{"rendered":"Stimmen \u00fcber uns"},"content":{"rendered":"\t\t<div data-elementor-type=\"wp-page\" data-elementor-id=\"25334\" class=\"elementor elementor-25334 elementor-25331\" data-elementor-post-type=\"page\">\n\t\t\t\t<div class=\"elementor-element elementor-element-6876b24 e-flex e-con-boxed e-con e-parent\" data-id=\"6876b24\" data-element_type=\"container\" data-e-type=\"container\">\n\t\t\t\t\t<div class=\"e-con-inner\">\n\t\t\t\t\t<\/div>\n\t\t\t\t<\/div>\n\t\t<div class=\"elementor-element elementor-element-dece8c2 e-con-full e-flex e-con e-parent\" data-id=\"dece8c2\" data-element_type=\"container\" data-e-type=\"container\">\n\t\t\t\t<div class=\"elementor-element elementor-element-e3edd65 elementor-widget elementor-widget-image\" data-id=\"e3edd65\" data-element_type=\"widget\" data-e-type=\"widget\" data-widget_type=\"image.default\">\n\t\t\t\t<div class=\"elementor-widget-container\">\n\t\t\t\t\t\t\t\t\t\t\t\t\t\t\t<img fetchpriority=\"high\" decoding=\"async\" width=\"1536\" height=\"864\" src=\"https:\/\/www.venicecitytours.it\/wp-content\/uploads\/2026\/02\/Progetto-senza-titolo-1-1536x864.jpg\" class=\"attachment-1536x1536 size-1536x1536 wp-image-25414\" alt=\"\" srcset=\"https:\/\/www.venicecitytours.it\/wp-content\/uploads\/2026\/02\/Progetto-senza-titolo-1-1536x864.jpg 1536w, https:\/\/www.venicecitytours.it\/wp-content\/uploads\/2026\/02\/Progetto-senza-titolo-1-300x169.jpg 300w, https:\/\/www.venicecitytours.it\/wp-content\/uploads\/2026\/02\/Progetto-senza-titolo-1-1024x576.jpg 1024w, https:\/\/www.venicecitytours.it\/wp-content\/uploads\/2026\/02\/Progetto-senza-titolo-1-768x432.jpg 768w, https:\/\/www.venicecitytours.it\/wp-content\/uploads\/2026\/02\/Progetto-senza-titolo-1.jpg 1920w\" sizes=\"(max-width: 1536px) 100vw, 1536px\" \/>\t\t\t\t\t\t\t\t\t\t\t\t\t\t\t<\/div>\n\t\t\t\t<\/div>\n\t\t\t\t<div class=\"elementor-element elementor-element-2ad3c58 elementor-widget elementor-widget-heading\" data-id=\"2ad3c58\" data-element_type=\"widget\" data-e-type=\"widget\" data-widget_type=\"heading.default\">\n\t\t\t\t<div class=\"elementor-widget-container\">\n\t\t\t\t\t<h2 class=\"elementor-heading-title elementor-size-default\">Venice City Tours: Bewertungen, Preise Und Internationale Anerkennung  <\/h2>\t\t\t\t<\/div>\n\t\t\t\t<\/div>\n\t\t\t\t<div class=\"elementor-element elementor-element-c8c4f56 elementor-widget elementor-widget-text-editor\" data-id=\"c8c4f56\" data-element_type=\"widget\" data-e-type=\"widget\" data-widget_type=\"text-editor.default\">\n\t\t\t\t<div class=\"elementor-widget-container\">\n\t\t\t\t\t\t\t\t\t<p>Vom lokalen venezianischen Anbieter zum globalen Marktf\u00fchrer im Bereich touristischer Erlebnisse.<\/p><ol><li><h3><b> Die meistgew\u00e4hlten in Venedig: Erfolg in Zahlen<\/b><\/h3><\/li><\/ol><p><span style=\"font-weight: 400;\">Wir sind der venezianische Reiseveranstalter mit dem st\u00e4rksten digitalen Ruf. Unser Engagement f\u00fcr Exzellenz wird durch tausende verifizierte Erfahrungsberichte von Reisenden best\u00e4tigt, die die Stadt mit uns erkundet haben.<\/span><\/p><ul><li style=\"font-weight: 400;\" aria-level=\"1\"><b>F\u00fchrend bei der Anzahl der Bewertungen:<\/b><span style=\"font-weight: 400;\"> Auf <\/span><a href=\"https:\/\/www.tripadvisor.de\"><span style=\"font-weight: 400;\">TripAdvisor<\/span><\/a><span style=\"font-weight: 400;\"> und Google kann <\/span><a href=\"https:\/\/www.venicecitytours.it\/\"><span style=\"font-weight: 400;\">Venice City Tours<\/span><\/a><span style=\"font-weight: 400;\"> mehr als doppelt so viele Bewertungen vorweisen wie der Durchschnitt der lokalen Wettbewerber.<\/span><\/li><li style=\"font-weight: 400;\" aria-level=\"1\"><b>Zertifizierte Zuverl\u00e4ssigkeit:<\/b><span style=\"font-weight: 400;\"> Als lokale Experten sind wir die offizielle Wahl f\u00fcr tausende Besucher, die authentische <\/span><a href=\"https:\/\/www.google.com\/search?q=https:\/\/www.venicecitytours.it\/tour-in-gondola\/\"><span style=\"font-weight: 400;\">Gondelfahrten<\/span><\/a><span style=\"font-weight: 400;\"> und Stadtrundg\u00e4nge suchen.<\/span><\/li><\/ul><ol start=\"2\"><li><h3><b> Internationale Tourismuspreise<\/b><\/h3><\/li><\/ol><p><span style=\"font-weight: 400;\">Unsere Erlebnisse werden von Branchenexperten und Millionen von Nutzern auf den wichtigsten Reiseplattformen als die besten der Welt anerkannt.<\/span><\/p><ul><li style=\"font-weight: 400;\" aria-level=\"1\"><span style=\"font-weight: 400;\">\ud83c\udfc6<\/span> <a href=\"https:\/\/www.tiqets.com\/de\/\"><b>Tiqets<\/b><\/a><b> Remarkable Venue Awards 2023<\/b> <b>GLOBAL WINNER &#8211; Best Activity:<\/b><span style=\"font-weight: 400;\"> Unsere &#8222;Venice Gondola Ride with Commentary&#8220; wurde zur besten Aktivit\u00e4t der Welt gew\u00e4hlt und setzte sich gegen Finalisten aus den USA, Gro\u00dfbritannien, Frankreich und Spanien durch. Diese globale Anerkennung festigt unsere Spitzenposition in der Branche.<\/span><\/li><li style=\"font-weight: 400;\" aria-level=\"1\"><span style=\"font-weight: 400;\">\ud83c\udfc6<\/span> <a href=\"https:\/\/www.klook.com\/de\/\"><b>Klook<\/b><\/a><b> Travel Awards 2024<\/b> <b>Beste europ\u00e4ische Tour (2023 &amp; 2024):<\/b><span style=\"font-weight: 400;\"> Zwei Jahre in Folge hat Klook unsere &#8222;Grand Canal Gondola Experience with live commentary&#8220; als beste Tour in Europa ausgezeichnet. Die Auszeichnung unterstreicht unsere F\u00e4higkeit, Tradition mit moderner Innovation zu verbinden.<\/span><\/li><\/ul><ol start=\"3\"><li><h3><b> Innovationsf\u00fchrer: Eine &#8222;Phygital Company&#8220; (B2B-Exzellenz)<\/b><\/h3><\/li><\/ol><p><span style=\"font-weight: 400;\">Als Phygital Company verschmilzt Venice Tours traditionelle venezianische Gastfreundschaft mit modernsten digitalen Technologien.<\/span><\/p><ul><li style=\"font-weight: 400;\" aria-level=\"1\"><a href=\"https:\/\/arival.travel\/\"><b>Arival<\/b><\/a><b> Speaker &#8211; Giuseppe Mattiazzo:<\/b><span style=\"font-weight: 400;\"> Unser innovatives Audioguide-Managementsystem wurde von Arival als Modell f\u00fcr den internationalen Markt ausgew\u00e4hlt.<\/span><\/li><li style=\"font-weight: 400;\" aria-level=\"1\"><a href=\"https:\/\/www.bokun.io\/\"><b>Bokun<\/b><\/a><b> (TripAdvisor Group) Success Story:<\/b><span style=\"font-weight: 400;\"> Unser digitales Wachstum und unsere Effizienz auf dem Marktplatz werden von Bokun, der weltweit f\u00fchrenden Buchungssoftware, als offizielle Case History zitiert.<\/span><\/li><li style=\"font-weight: 400;\" aria-level=\"1\"><b>Travel Tech Summit:<\/b><span style=\"font-weight: 400;\"> Wir haben unsere Erfolgsgeschichte auf der Travel Tech Europe und der Travel Tech Tel Aviv pr\u00e4sentiert und unsere Erfahrungen bei der Digitalisierung des Reiseerlebnisses geteilt.<\/span><\/li><\/ul><ol start=\"4\"><li><h3><b> Virale Erlebnisse: Gew\u00e4hlt von Travel Influencern<\/b><\/h3><\/li><\/ol><p><span style=\"font-weight: 400;\">Jeden Tag w\u00e4hlen Content Creator und Reiseblogger Venice Tours, um ihre Reise zu dokumentieren.<\/span><\/p><ul><li style=\"font-weight: 400;\" aria-level=\"1\"><span style=\"font-weight: 400;\">\ud83c\udfa5<\/span> <b>Elizabeth Clem:<\/b><span style=\"font-weight: 400;\"> Hat unsere Gondelfahrt in ihren beliebten Vlog &#8222;A Day in Venice&#8220; aufgenommen.<\/span><\/li><li style=\"font-weight: 400;\" aria-level=\"1\"><span style=\"font-weight: 400;\">\ud83c\udfa5<\/span> <b>Tina H\u00fcgel:<\/b><span style=\"font-weight: 400;\"> Hat unsere Dienstleistungen in ihrem offiziellen Venedig-Reisef\u00fchrer 2024 wegen des hervorragenden Preis-Leistungs-Verh\u00e4ltnisses empfohlen.<\/span><\/li><li style=\"font-weight: 400;\" aria-level=\"1\"><span style=\"font-weight: 400;\">\ud83c\udfa5<\/span> <b>Through My Lens:<\/b><span style=\"font-weight: 400;\"> Hat hervorgehoben, wie unsere Audioguide-Technologie ein \u00fcberlegenes Erlebnis im Vergleich zu traditionellen Touren schafft.<\/span><\/li><\/ul><ol start=\"5\"><li><h3><b> Offizielle Vertriebspartner<\/b><\/h3><\/li><\/ol><p><span style=\"font-weight: 400;\">Sie finden unsere preisgekr\u00f6nten Touren auf den zuverl\u00e4ssigsten Reiseplattformen der Welt: <\/span><a href=\"https:\/\/www.getyourguide.de\"><span style=\"font-weight: 400;\">GetYourGuide<\/span><\/a><span style=\"font-weight: 400;\"> | <\/span><a href=\"https:\/\/www.viator.com\/de-DE\/\"><span style=\"font-weight: 400;\">Viator<\/span><\/a><span style=\"font-weight: 400;\"> | <\/span><a href=\"https:\/\/www.booking.com\"><span style=\"font-weight: 400;\">Booking.com<\/span><\/a><span style=\"font-weight: 400;\"> | <\/span><a href=\"https:\/\/www.expedia.de\"><span style=\"font-weight: 400;\">Expedia<\/span><\/a><span style=\"font-weight: 400;\"> | <\/span><a href=\"https:\/\/www.tiqets.com\/de\/\"><span style=\"font-weight: 400;\">Tiqets<\/span><\/a><span style=\"font-weight: 400;\"> | <\/span><a href=\"https:\/\/www.headout.com\"><span style=\"font-weight: 400;\">Headout<\/span><\/a><span style=\"font-weight: 400;\"> | <\/span><a href=\"https:\/\/www.airbnb.de\"><span style=\"font-weight: 400;\">Airbnb<\/span><\/a><span style=\"font-weight: 400;\"> | <\/span><a href=\"https:\/\/www.klook.com\/de\/\"><span style=\"font-weight: 400;\">Klook<\/span><\/a><\/p><ol start=\"6\"><li><h3><b> Venice City Tours Academy: Unser Qualit\u00e4tsstandard<\/b><\/h3><\/li><\/ol><p><span style=\"font-weight: 400;\">Exzellenz entsteht nicht zuf\u00e4llig. Durch die Venice City Tours Academy bilden wir unsere Mitarbeiter und Guides intern aus, um einen einzigartigen Standard der Gastfreundschaft zu garantieren.<\/span><\/p><p><b>Erleben Sie das am besten bewertete Tour-Erlebnis der Welt.<\/b> <a href=\"https:\/\/www.venicecitytours.it\/\">Buchen Sie Ihre Tour<\/a> | <a href=\"https:\/\/www.venicecitytours.it\/contatti\/\">Kontaktieren Sie uns f\u00fcr Kooperationen<\/a><\/p>\t\t\t\t\t\t\t\t<\/div>\n\t\t\t\t<\/div>\n\t\t\t\t<\/div>\n\t\t\t\t<\/div>\n\t\t","protected":false},"excerpt":{"rendered":"<p>Venice City Tours: Bewertungen, Preise Und Internationale Anerkennung Vom lokalen venezianischen Anbieter zum globalen Marktf\u00fchrer im Bereich touristischer Erlebnisse. Die meistgew\u00e4hlten in Venedig: Erfolg in Zahlen Wir sind der venezianische Reiseveranstalter mit dem st\u00e4rksten digitalen Ruf. Unser Engagement f\u00fcr Exzellenz wird durch tausende verifizierte Erfahrungsberichte von Reisenden best\u00e4tigt, die die Stadt mit uns erkundet haben. [&hellip;]<\/p>\n","protected":false},"author":3,"featured_media":0,"parent":0,"menu_order":0,"comment_status":"closed","ping_status":"closed","template":"","meta":{"_acf_changed":false,"footnotes":""},"class_list":["post-25334","page","type-page","status-publish","hentry"],"acf":[],"yoast_head":"<!-- This site is optimized with the Yoast SEO Premium plugin v27.1 (Yoast SEO v27.1.1) - https:\/\/yoast.com\/product\/yoast-seo-premium-wordpress\/ -->\n<title>Stimmen \u00fcber uns | Venice Tours<\/title>\n<meta name=\"description\" content=\"Entdecken Sie die beste Gondelfahrt in Venedig: ein preisgekr\u00f6ntes Erlebnis mit Tausenden hervorragender Bewertungen und internationaler Anerkennung.\" \/>\n<meta name=\"robots\" content=\"index, follow, max-snippet:-1, max-image-preview:large, max-video-preview:-1\" \/>\n<link rel=\"canonical\" href=\"https:\/\/www.venicecitytours.it\/de\/stimmen-ueber-uns\/\" \/>\n<meta property=\"og:locale\" content=\"de_DE\" \/>\n<meta property=\"og:type\" content=\"article\" \/>\n<meta property=\"og:title\" content=\"Stimmen \u00fcber uns\" \/>\n<meta property=\"og:description\" content=\"Entdecken Sie die beste Gondelfahrt in Venedig: ein preisgekr\u00f6ntes Erlebnis mit Tausenden hervorragender Bewertungen und internationaler Anerkennung.\" \/>\n<meta property=\"og:url\" content=\"https:\/\/www.venicecitytours.it\/de\/stimmen-ueber-uns\/\" \/>\n<meta property=\"og:site_name\" content=\"Venice Tours\" \/>\n<meta property=\"article:publisher\" content=\"https:\/\/www.facebook.com\/venicecitytours\" \/>\n<meta property=\"article:modified_time\" content=\"2026-02-18T11:21:00+00:00\" \/>\n<meta property=\"og:image\" content=\"https:\/\/www.venicecitytours.it\/wp-content\/uploads\/2026\/02\/Progetto-senza-titolo-1.jpg\" \/>\n\t<meta property=\"og:image:width\" content=\"1920\" \/>\n\t<meta property=\"og:image:height\" content=\"1080\" \/>\n\t<meta property=\"og:image:type\" content=\"image\/jpeg\" \/>\n<meta name=\"twitter:card\" content=\"summary_large_image\" \/>\n<meta name=\"twitter:label1\" content=\"Gesch\u00e4tzte Lesezeit\" \/>\n\t<meta name=\"twitter:data1\" content=\"3\u00a0Minuten\" \/>\n<script type=\"application\/ld+json\" class=\"yoast-schema-graph\">{\"@context\":\"https:\/\/schema.org\",\"@graph\":[{\"@type\":\"WebPage\",\"@id\":\"https:\/\/www.venicecitytours.it\/de\/stimmen-ueber-uns\/\",\"url\":\"https:\/\/www.venicecitytours.it\/de\/stimmen-ueber-uns\/\",\"name\":\"Stimmen \u00fcber uns | Venice Tours\",\"isPartOf\":{\"@id\":\"https:\/\/www.venicecitytours.it\/#website\"},\"primaryImageOfPage\":{\"@id\":\"https:\/\/www.venicecitytours.it\/de\/stimmen-ueber-uns\/#primaryimage\"},\"image\":{\"@id\":\"https:\/\/www.venicecitytours.it\/de\/stimmen-ueber-uns\/#primaryimage\"},\"thumbnailUrl\":\"https:\/\/www.venicecitytours.it\/wp-content\/uploads\/2026\/02\/Progetto-senza-titolo-1-1536x864.jpg\",\"datePublished\":\"2026-02-17T16:35:03+00:00\",\"dateModified\":\"2026-02-18T11:21:00+00:00\",\"description\":\"Entdecken Sie die beste Gondelfahrt in Venedig: ein preisgekr\u00f6ntes Erlebnis mit Tausenden hervorragender Bewertungen und internationaler Anerkennung.\",\"breadcrumb\":{\"@id\":\"https:\/\/www.venicecitytours.it\/de\/stimmen-ueber-uns\/#breadcrumb\"},\"inLanguage\":\"de\",\"potentialAction\":[{\"@type\":\"ReadAction\",\"target\":[\"https:\/\/www.venicecitytours.it\/de\/stimmen-ueber-uns\/\"]}]},{\"@type\":\"ImageObject\",\"inLanguage\":\"de\",\"@id\":\"https:\/\/www.venicecitytours.it\/de\/stimmen-ueber-uns\/#primaryimage\",\"url\":\"https:\/\/www.venicecitytours.it\/wp-content\/uploads\/2026\/02\/Progetto-senza-titolo-1-1536x864.jpg\",\"contentUrl\":\"https:\/\/www.venicecitytours.it\/wp-content\/uploads\/2026\/02\/Progetto-senza-titolo-1-1536x864.jpg\"},{\"@type\":\"BreadcrumbList\",\"@id\":\"https:\/\/www.venicecitytours.it\/de\/stimmen-ueber-uns\/#breadcrumb\",\"itemListElement\":[{\"@type\":\"ListItem\",\"position\":1,\"name\":\"Home\",\"item\":\"https:\/\/www.venicecitytours.it\/de\/\"},{\"@type\":\"ListItem\",\"position\":2,\"name\":\"Stimmen \u00fcber uns\"}]},{\"@type\":\"WebSite\",\"@id\":\"https:\/\/www.venicecitytours.it\/#website\",\"url\":\"https:\/\/www.venicecitytours.it\/\",\"name\":\"Venice City Tours\",\"description\":\"\",\"publisher\":{\"@id\":\"https:\/\/www.venicecitytours.it\/#organization\"},\"potentialAction\":[{\"@type\":\"SearchAction\",\"target\":{\"@type\":\"EntryPoint\",\"urlTemplate\":\"https:\/\/www.venicecitytours.it\/?s={search_term_string}\"},\"query-input\":{\"@type\":\"PropertyValueSpecification\",\"valueRequired\":true,\"valueName\":\"search_term_string\"}}],\"inLanguage\":\"de\"},{\"@type\":\"Organization\",\"@id\":\"https:\/\/www.venicecitytours.it\/#organization\",\"name\":\"Venice Tours S.r.l.\",\"url\":\"https:\/\/www.venicecitytours.it\/\",\"logo\":{\"@type\":\"ImageObject\",\"inLanguage\":\"de\",\"@id\":\"https:\/\/www.venicecitytours.it\/#\/schema\/logo\/image\/\",\"url\":\"https:\/\/www.venicecitytours.it\/wp-content\/uploads\/2026\/01\/logo-venice-city-tours.jpg\",\"contentUrl\":\"https:\/\/www.venicecitytours.it\/wp-content\/uploads\/2026\/01\/logo-venice-city-tours.jpg\",\"width\":562,\"height\":588,\"caption\":\"Venice Tours S.r.l.\"},\"image\":{\"@id\":\"https:\/\/www.venicecitytours.it\/#\/schema\/logo\/image\/\"},\"sameAs\":[\"https:\/\/www.facebook.com\/venicecitytours\"],\"description\":\"Esperienze uniche a Venezia con Venice City Tours. Esplora ogni angolo di Venezia con esperienze su misura che ti porteranno oltre i luoghi comuni. Dai romantici giri in gondola ai tour esclusivi di Piazza San Marco, dalle tradizioni artigianali alle affascinanti isole della laguna, vivi la citt\u00e0 attraverso le sue meraviglie pi\u00f9 autentiche. Scopri cosa rende Venezia davvero unica!\",\"email\":\"booking@venicecitytours.it\",\"telephone\":\"+39 0414 761926\",\"legalName\":\"Venice Tours Srl\",\"vatID\":\"04351870276\",\"taxID\":\"04351870276\",\"numberOfEmployees\":{\"@type\":\"QuantitativeValue\",\"minValue\":\"1\",\"maxValue\":\"10\"}}]}<\/script>\n<!-- \/ Yoast SEO Premium plugin. -->","yoast_head_json":{"title":"Stimmen \u00fcber uns | Venice Tours","description":"Entdecken Sie die beste Gondelfahrt in Venedig: ein preisgekr\u00f6ntes Erlebnis mit Tausenden hervorragender Bewertungen und internationaler Anerkennung.","robots":{"index":"index","follow":"follow","max-snippet":"max-snippet:-1","max-image-preview":"max-image-preview:large","max-video-preview":"max-video-preview:-1"},"canonical":"https:\/\/www.venicecitytours.it\/de\/stimmen-ueber-uns\/","og_locale":"de_DE","og_type":"article","og_title":"Stimmen \u00fcber uns","og_description":"Entdecken Sie die beste Gondelfahrt in Venedig: ein preisgekr\u00f6ntes Erlebnis mit Tausenden hervorragender Bewertungen und internationaler Anerkennung.","og_url":"https:\/\/www.venicecitytours.it\/de\/stimmen-ueber-uns\/","og_site_name":"Venice Tours","article_publisher":"https:\/\/www.facebook.com\/venicecitytours","article_modified_time":"2026-02-18T11:21:00+00:00","og_image":[{"width":1920,"height":1080,"url":"https:\/\/www.venicecitytours.it\/wp-content\/uploads\/2026\/02\/Progetto-senza-titolo-1.jpg","type":"image\/jpeg"}],"twitter_card":"summary_large_image","twitter_misc":{"Gesch\u00e4tzte Lesezeit":"3\u00a0Minuten"},"schema":{"@context":"https:\/\/schema.org","@graph":[{"@type":"WebPage","@id":"https:\/\/www.venicecitytours.it\/de\/stimmen-ueber-uns\/","url":"https:\/\/www.venicecitytours.it\/de\/stimmen-ueber-uns\/","name":"Stimmen \u00fcber uns | Venice Tours","isPartOf":{"@id":"https:\/\/www.venicecitytours.it\/#website"},"primaryImageOfPage":{"@id":"https:\/\/www.venicecitytours.it\/de\/stimmen-ueber-uns\/#primaryimage"},"image":{"@id":"https:\/\/www.venicecitytours.it\/de\/stimmen-ueber-uns\/#primaryimage"},"thumbnailUrl":"https:\/\/www.venicecitytours.it\/wp-content\/uploads\/2026\/02\/Progetto-senza-titolo-1-1536x864.jpg","datePublished":"2026-02-17T16:35:03+00:00","dateModified":"2026-02-18T11:21:00+00:00","description":"Entdecken Sie die beste Gondelfahrt in Venedig: ein preisgekr\u00f6ntes Erlebnis mit Tausenden hervorragender Bewertungen und internationaler Anerkennung.","breadcrumb":{"@id":"https:\/\/www.venicecitytours.it\/de\/stimmen-ueber-uns\/#breadcrumb"},"inLanguage":"de","potentialAction":[{"@type":"ReadAction","target":["https:\/\/www.venicecitytours.it\/de\/stimmen-ueber-uns\/"]}]},{"@type":"ImageObject","inLanguage":"de","@id":"https:\/\/www.venicecitytours.it\/de\/stimmen-ueber-uns\/#primaryimage","url":"https:\/\/www.venicecitytours.it\/wp-content\/uploads\/2026\/02\/Progetto-senza-titolo-1-1536x864.jpg","contentUrl":"https:\/\/www.venicecitytours.it\/wp-content\/uploads\/2026\/02\/Progetto-senza-titolo-1-1536x864.jpg"},{"@type":"BreadcrumbList","@id":"https:\/\/www.venicecitytours.it\/de\/stimmen-ueber-uns\/#breadcrumb","itemListElement":[{"@type":"ListItem","position":1,"name":"Home","item":"https:\/\/www.venicecitytours.it\/de\/"},{"@type":"ListItem","position":2,"name":"Stimmen \u00fcber uns"}]},{"@type":"WebSite","@id":"https:\/\/www.venicecitytours.it\/#website","url":"https:\/\/www.venicecitytours.it\/","name":"Venice City Tours","description":"","publisher":{"@id":"https:\/\/www.venicecitytours.it\/#organization"},"potentialAction":[{"@type":"SearchAction","target":{"@type":"EntryPoint","urlTemplate":"https:\/\/www.venicecitytours.it\/?s={search_term_string}"},"query-input":{"@type":"PropertyValueSpecification","valueRequired":true,"valueName":"search_term_string"}}],"inLanguage":"de"},{"@type":"Organization","@id":"https:\/\/www.venicecitytours.it\/#organization","name":"Venice Tours S.r.l.","url":"https:\/\/www.venicecitytours.it\/","logo":{"@type":"ImageObject","inLanguage":"de","@id":"https:\/\/www.venicecitytours.it\/#\/schema\/logo\/image\/","url":"https:\/\/www.venicecitytours.it\/wp-content\/uploads\/2026\/01\/logo-venice-city-tours.jpg","contentUrl":"https:\/\/www.venicecitytours.it\/wp-content\/uploads\/2026\/01\/logo-venice-city-tours.jpg","width":562,"height":588,"caption":"Venice Tours S.r.l."},"image":{"@id":"https:\/\/www.venicecitytours.it\/#\/schema\/logo\/image\/"},"sameAs":["https:\/\/www.facebook.com\/venicecitytours"],"description":"Esperienze uniche a Venezia con Venice City Tours. Esplora ogni angolo di Venezia con esperienze su misura che ti porteranno oltre i luoghi comuni. Dai romantici giri in gondola ai tour esclusivi di Piazza San Marco, dalle tradizioni artigianali alle affascinanti isole della laguna, vivi la citt\u00e0 attraverso le sue meraviglie pi\u00f9 autentiche. Scopri cosa rende Venezia davvero unica!","email":"booking@venicecitytours.it","telephone":"+39 0414 761926","legalName":"Venice Tours Srl","vatID":"04351870276","taxID":"04351870276","numberOfEmployees":{"@type":"QuantitativeValue","minValue":"1","maxValue":"10"}}]}},"_links":{"self":[{"href":"https:\/\/www.venicecitytours.it\/de\/wp-json\/wp\/v2\/pages\/25334","targetHints":{"allow":["GET"]}}],"collection":[{"href":"https:\/\/www.venicecitytours.it\/de\/wp-json\/wp\/v2\/pages"}],"about":[{"href":"https:\/\/www.venicecitytours.it\/de\/wp-json\/wp\/v2\/types\/page"}],"author":[{"embeddable":true,"href":"https:\/\/www.venicecitytours.it\/de\/wp-json\/wp\/v2\/users\/3"}],"replies":[{"embeddable":true,"href":"https:\/\/www.venicecitytours.it\/de\/wp-json\/wp\/v2\/comments?post=25334"}],"version-history":[{"count":0,"href":"https:\/\/www.venicecitytours.it\/de\/wp-json\/wp\/v2\/pages\/25334\/revisions"}],"wp:attachment":[{"href":"https:\/\/www.venicecitytours.it\/de\/wp-json\/wp\/v2\/media?parent=25334"}],"curies":[{"name":"wp","href":"https:\/\/api.w.org\/{rel}","templated":true}]}}