{"id":25816,"date":"2026-03-11T11:32:03","date_gmt":"2026-03-11T10:32:03","guid":{"rendered":"https:\/\/www.venicecitytours.it\/?page_id=25816"},"modified":"2026-03-11T11:57:46","modified_gmt":"2026-03-11T10:57:46","slug":"murano-burano-torcello-tour-faq","status":"publish","type":"page","link":"https:\/\/www.venicecitytours.it\/de\/murano-burano-torcello-tour-faq\/","title":{"rendered":"Faq Inseln"},"content":{"rendered":"\t\t<div data-elementor-type=\"wp-page\" data-elementor-id=\"25816\" class=\"elementor elementor-25816\" data-elementor-post-type=\"page\">\n\t\t\t\t<div class=\"elementor-element elementor-element-a33f2d5 e-flex e-con-boxed e-con e-parent\" data-id=\"a33f2d5\" data-element_type=\"container\" data-e-type=\"container\" data-settings=\"{&quot;background_background&quot;:&quot;classic&quot;,&quot;shape_divider_bottom&quot;:&quot;curve&quot;,&quot;shape_divider_bottom_negative&quot;:&quot;yes&quot;}\">\n\t\t\t\t\t<div class=\"e-con-inner\">\n\t\t\t\t<div class=\"elementor-shape elementor-shape-bottom\" aria-hidden=\"true\" data-negative=\"true\">\n\t\t\t<svg xmlns=\"http:\/\/www.w3.org\/2000\/svg\" viewBox=\"0 0 1000 100\" preserveAspectRatio=\"none\">\n\t<path class=\"elementor-shape-fill\" d=\"M500,97C126.7,96.3,0.8,19.8,0,0v100l1000,0V1C1000,19.4,873.3,97.8,500,97z\"\/>\n<\/svg>\t\t<\/div>\n\t\t<div class=\"elementor-element elementor-element-c44b64f e-con-full e-flex e-con e-child\" data-id=\"c44b64f\" data-element_type=\"container\" data-e-type=\"container\">\n\t\t\t\t<div class=\"elementor-element elementor-element-ff70253 elementor-widget elementor-widget-heading\" data-id=\"ff70253\" data-element_type=\"widget\" data-e-type=\"widget\" data-widget_type=\"heading.default\">\n\t\t\t\t<div class=\"elementor-widget-container\">\n\t\t\t\t\t<h1 class=\"elementor-heading-title elementor-size-default\">FAQ Inseln: Murano, Burano und Torcello<\/h1>\t\t\t\t<\/div>\n\t\t\t\t<\/div>\n\t\t\t\t<div class=\"elementor-element elementor-element-edbf21a elementor-widget elementor-widget-heading\" data-id=\"edbf21a\" data-element_type=\"widget\" data-e-type=\"widget\" data-widget_type=\"heading.default\">\n\t\t\t\t<div class=\"elementor-widget-container\">\n\t\t\t\t\t<p class=\"elementor-heading-title elementor-size-default\">Kaufe venezianisch, genie\u00dfe das Authentische!<\/p>\t\t\t\t<\/div>\n\t\t\t\t<\/div>\n\t\t\t\t<\/div>\n\t\t\t\t\t<\/div>\n\t\t\t\t<\/div>\n\t\t<div class=\"elementor-element elementor-element-4cf9903 e-flex e-con-boxed e-con e-parent\" data-id=\"4cf9903\" data-element_type=\"container\" data-e-type=\"container\">\n\t\t\t\t\t<div class=\"e-con-inner\">\n\t\t\t\t<div class=\"elementor-element elementor-element-28c171b elementor-widget elementor-widget-spacer\" data-id=\"28c171b\" data-element_type=\"widget\" data-e-type=\"widget\" data-widget_type=\"spacer.default\">\n\t\t\t\t<div class=\"elementor-widget-container\">\n\t\t\t\t\t\t\t<div class=\"elementor-spacer\">\n\t\t\t<div class=\"elementor-spacer-inner\"><\/div>\n\t\t<\/div>\n\t\t\t\t\t\t<\/div>\n\t\t\t\t<\/div>\n\t\t\t\t\t<\/div>\n\t\t\t\t<\/div>\n\t\t<div class=\"elementor-element elementor-element-e3ad795 e-flex e-con-boxed e-con e-parent\" data-id=\"e3ad795\" data-element_type=\"container\" data-e-type=\"container\">\n\t\t\t\t\t<div class=\"e-con-inner\">\n\t\t\t\t<div class=\"elementor-element elementor-element-8f85c01 elementor-widget elementor-widget-text-editor\" data-id=\"8f85c01\" data-element_type=\"widget\" data-e-type=\"widget\" data-widget_type=\"text-editor.default\">\n\t\t\t\t<div class=\"elementor-widget-container\">\n\t\t\t\t\t\t\t\t\t<p data-start=\"1141\" data-end=\"1538\"><strong data-start=\"1141\" data-end=\"1204\">F: Wie lange dauert eine Tour zu den venezianischen Inseln? <\/strong>A: Die Dauer einer <strong data-start=\"1226\" data-end=\"1257\">Murano Burano Torcello Tour<\/strong> h\u00e4ngt von der gew\u00e4hlten Option ab. Kompletttouren, die alle drei Inseln beinhalten, dauern normalerweise etwa <strong data-start=\"1368\" data-end=\"1381\">5 Stunden<\/strong>, w\u00e4hrend k\u00fcrzere oder halbprivate Touren etwa <strong data-start=\"1428\" data-end=\"1441\">3 Stunden<\/strong> dauern k\u00f6nnen. Die Zeit umfasst die Bootsfahrt durch die Lagune sowie die Stopps auf den Inseln.<\/p><p data-start=\"1545\" data-end=\"1812\"><strong data-start=\"1545\" data-end=\"1596\">F: Wie erreicht man die Inseln von Venedig aus? <\/strong>A: Die Inseln der venezianischen Lagune sind <strong data-start=\"1644\" data-end=\"1678\">nur \u00fcber das Wasser erreichbar<\/strong>. Eine <strong data-start=\"1685\" data-end=\"1716\">Murano Burano Torcello Tour<\/strong> startet normalerweise im Zentrum von Venedig und beinhaltet den Bootstransfer durch die Lagune.<\/p><p data-start=\"1819\" data-end=\"2133\"><strong data-start=\"1819\" data-end=\"1872\">F: Ist der Bootstransfer im Insel-Tour enthalten? <\/strong>A: Ja, alle Touren beinhalten den Bootstransfer durch die venezianische Lagune. Je nach gew\u00e4hlter Option kann die <strong data-start=\"1989\" data-end=\"2020\">Murano Burano Torcello Tour<\/strong> auf gr\u00f6\u00dferen Booten mit mehreren Passagieren, kleineren Booten oder halbprivaten Booten mit Skipper stattfinden.<\/p><p data-start=\"2140\" data-end=\"2457\"><strong data-start=\"2140\" data-end=\"2191\">F: Wie viel Zeit verbringt man auf jeder Insel? <\/strong>A: Bei einer klassischen <strong data-start=\"2219\" data-end=\"2250\">Murano Burano Torcello Tour<\/strong> verbringen Besucher normalerweise etwa <strong data-start=\"2290\" data-end=\"2337\">1 Stunde auf Murano und 1 Stunde auf Burano<\/strong>, w\u00e4hrend der Aufenthalt auf <strong data-start=\"2366\" data-end=\"2401\">Torcello etwa 30 Minuten dauert<\/strong>. Ein Teil der Tour findet w\u00e4hrend der Bootsfahrt statt.<\/p><p data-start=\"2464\" data-end=\"2780\"><strong data-start=\"2464\" data-end=\"2528\">F: Was kann man auf der Insel Murano w\u00e4hrend der Tour sehen? <\/strong>A: Murano ist weltweit f\u00fcr seine <strong data-start=\"2564\" data-end=\"2597\">traditionelle Glasherstellung<\/strong> bekannt. Viele Optionen der <strong data-start=\"2626\" data-end=\"2657\">Murano Burano Torcello Tour<\/strong> beinhalten einen Besuch in einer historischen Glasfabrik, wo Besucher eine <strong data-start=\"2733\" data-end=\"2766\">Live-Glasbl\u00e4ser-Demonstration<\/strong> sehen k\u00f6nnen.<\/p><p data-start=\"2787\" data-end=\"3116\"><strong data-start=\"2787\" data-end=\"2842\">F: Warum ist Burano eine der meistbesuchten Inseln? <\/strong>A: Burano ist bekannt f\u00fcr seine <strong data-start=\"2877\" data-end=\"2913\">bunten H\u00e4user entlang der Kan\u00e4le<\/strong>, die zu den meistfotografierten Orten der venezianischen Lagune geh\u00f6ren. W\u00e4hrend der <strong data-start=\"2999\" data-end=\"3030\">Murano Burano Torcello Tour<\/strong> nutzen viele Besucher die Zeit, um durch die Gassen zu spazieren und Fotos zu machen.<\/p><p data-start=\"3123\" data-end=\"3446\"><strong data-start=\"3123\" data-end=\"3173\">F: Was macht Torcello zu einem besonderen Ort? <\/strong>A: Torcello ist eine der <strong data-start=\"3201\" data-end=\"3246\">\u00e4ltesten Inseln der venezianischen Lagune<\/strong> und gilt als einer der ersten Orte, die zur Entstehung von Venedig f\u00fchrten. Die <strong data-start=\"3327\" data-end=\"3358\">Murano Burano Torcello Tour<\/strong> erm\u00f6glicht es Besuchern, eine ruhigere und historischere Seite der Lagune zu entdecken.<\/p><p data-start=\"3453\" data-end=\"3740\"><strong data-start=\"3453\" data-end=\"3487\">F: Ist die Insel-Tour gef\u00fchrt?<\/strong>A: Viele Touren beinhalten einen <strong data-start=\"3523\" data-end=\"3551\">erfahrenen lokalen Guide<\/strong>, der w\u00e4hrend der Bootsfahrt und bei den wichtigsten Stopps die Geschichte der Inseln erkl\u00e4rt. Einige Varianten der <strong data-start=\"3667\" data-end=\"3698\">Murano Burano Torcello Tour<\/strong> beinhalten stattdessen nur einen Skipper.<\/p><p data-start=\"3747\" data-end=\"3985\"><strong data-start=\"3747\" data-end=\"3789\">F: Muss man die Tour im Voraus buchen? <\/strong>A: Eine Buchung ist nicht verpflichtend, wird aber <strong data-start=\"3843\" data-end=\"3862\">stark empfohlen<\/strong>, besonders in der Hochsaison. Wenn Sie die <strong data-start=\"3906\" data-end=\"3937\">Murano Burano Torcello Tour<\/strong> im Voraus buchen, sichern Sie sich Ihren Platz.<\/p><p data-start=\"3992\" data-end=\"4234\"><strong data-start=\"3992\" data-end=\"4042\">F: Von wo starten die Insel-Touren in Venedig? <\/strong>A: Die <strong data-start=\"4052\" data-end=\"4083\">Murano Burano Torcello Tour<\/strong> startet normalerweise von Anlegestellen im Zentrum von Venedig. Der genaue Treffpunkt wird in der <strong data-start=\"4182\" data-end=\"4209\">\u201eMeeting Point\u201c-Sektion<\/strong> der Tourseite angegeben.<\/p><p data-start=\"4241\" data-end=\"4444\"><strong data-start=\"4241\" data-end=\"4295\">F: Kann ich den Voucher auf dem Smartphone zeigen? <\/strong>A: Ja, es ist nicht notwendig, den Voucher auszudrucken. Sie k\u00f6nnen den <strong data-start=\"4370\" data-end=\"4419\">digitalen Voucher direkt auf Ihrem Smartphone<\/strong> am Treffpunkt vorzeigen.<\/p><p data-start=\"4451\" data-end=\"4666\"><strong data-start=\"4451\" data-end=\"4504\">F: Kann ich meine Buchung stornieren oder \u00e4ndern? <\/strong>A: In den meisten F\u00e4llen k\u00f6nnen Sie Ihre Buchung <strong data-start=\"4556\" data-end=\"4616\">bis zu 24 Stunden vor der Abfahrt stornieren oder \u00e4ndern<\/strong>, um eine vollst\u00e4ndige R\u00fcckerstattung zu erhalten.<\/p>\t\t\t\t\t\t\t\t<\/div>\n\t\t\t\t<\/div>\n\t\t\t\t\t<\/div>\n\t\t\t\t<\/div>\n\t\t<div class=\"elementor-element elementor-element-8629a54 e-flex e-con-boxed e-con e-parent\" data-id=\"8629a54\" data-element_type=\"container\" data-e-type=\"container\">\n\t\t\t\t\t<div class=\"e-con-inner\">\n\t\t\t\t<div class=\"elementor-element elementor-element-fa45e91 elementor-widget elementor-widget-spacer\" data-id=\"fa45e91\" data-element_type=\"widget\" data-e-type=\"widget\" data-widget_type=\"spacer.default\">\n\t\t\t\t<div class=\"elementor-widget-container\">\n\t\t\t\t\t\t\t<div class=\"elementor-spacer\">\n\t\t\t<div class=\"elementor-spacer-inner\"><\/div>\n\t\t<\/div>\n\t\t\t\t\t\t<\/div>\n\t\t\t\t<\/div>\n\t\t\t\t<div class=\"elementor-element elementor-element-11ceef8 elementor-widget elementor-widget-html\" data-id=\"11ceef8\" data-element_type=\"widget\" data-e-type=\"widget\" data-widget_type=\"html.default\">\n\t\t\t\t<div class=\"elementor-widget-container\">\n\t\t\t\t\t<script defer async src='https:\/\/cdn.trustindex.io\/loader.js?5381d2562d84789a3a36dfce8a3'><\/script>\t\t\t\t<\/div>\n\t\t\t\t<\/div>\n\t\t\t\t\t<\/div>\n\t\t\t\t<\/div>\n\t\t<div class=\"elementor-element elementor-element-1a573af e-flex e-con-boxed e-con e-parent\" data-id=\"1a573af\" data-element_type=\"container\" data-e-type=\"container\">\n\t\t\t\t\t<div class=\"e-con-inner\">\n\t\t\t\t<div class=\"elementor-element elementor-element-a7c3d04 elementor-widget elementor-widget-heading\" data-id=\"a7c3d04\" data-element_type=\"widget\" data-e-type=\"widget\" data-widget_type=\"heading.default\">\n\t\t\t\t<div class=\"elementor-widget-container\">\n\t\t\t\t\t<h4 class=\"elementor-heading-title elementor-size-default\">Haben Sie weitere Fragen oder sind Sie neugierig?\nKlicken Sie unten rechts und fragen Sie Marco Polo!<\/h4>\t\t\t\t<\/div>\n\t\t\t\t<\/div>\n\t\t\t\t\t<\/div>\n\t\t\t\t<\/div>\n\t\t\t\t<\/div>\n\t\t","protected":false},"excerpt":{"rendered":"<p>FAQ Inseln: Murano, Burano und Torcello Kaufe venezianisch, genie\u00dfe das Authentische! F: Wie lange dauert eine Tour zu den venezianischen Inseln? A: Die Dauer einer Murano Burano Torcello Tour h\u00e4ngt von der gew\u00e4hlten Option ab. Kompletttouren, die alle drei Inseln beinhalten, dauern normalerweise etwa 5 Stunden, w\u00e4hrend k\u00fcrzere oder halbprivate Touren etwa 3 Stunden dauern [&hellip;]<\/p>\n","protected":false},"author":3,"featured_media":0,"parent":0,"menu_order":0,"comment_status":"closed","ping_status":"closed","template":"","meta":{"_acf_changed":false,"footnotes":""},"class_list":["post-25816","page","type-page","status-publish","hentry"],"acf":[],"yoast_head":"<!-- This site is optimized with the Yoast SEO Premium plugin v27.1 (Yoast SEO v27.1.1) - https:\/\/yoast.com\/product\/yoast-seo-premium-wordpress\/ -->\n<title>Murano Burano Torcello Tour FAQ | Inseln Venedig<\/title>\n<meta name=\"description\" content=\"Lesen Sie die FAQ zum Murano Burano Torcello Tour ab Venedig: Dauer, Glasbl\u00e4serei in Murano und Sehensw\u00fcrdigkeiten der Laguneninseln.\" \/>\n<meta name=\"robots\" content=\"index, follow, max-snippet:-1, max-image-preview:large, max-video-preview:-1\" \/>\n<link rel=\"canonical\" href=\"https:\/\/www.venicecitytours.it\/de\/murano-burano-torcello-tour-faq\/\" \/>\n<meta property=\"og:locale\" content=\"de_DE\" \/>\n<meta property=\"og:type\" content=\"article\" \/>\n<meta property=\"og:title\" content=\"Faq Inseln\" \/>\n<meta property=\"og:description\" content=\"Lesen Sie die FAQ zum Murano Burano Torcello Tour ab Venedig: Dauer, Glasbl\u00e4serei in Murano und Sehensw\u00fcrdigkeiten der Laguneninseln.\" \/>\n<meta property=\"og:url\" content=\"https:\/\/www.venicecitytours.it\/de\/murano-burano-torcello-tour-faq\/\" \/>\n<meta property=\"og:site_name\" content=\"Venice Tours\" \/>\n<meta property=\"article:publisher\" content=\"https:\/\/www.facebook.com\/venicecitytours\" \/>\n<meta property=\"article:modified_time\" content=\"2026-03-11T10:57:46+00:00\" \/>\n<meta name=\"twitter:card\" content=\"summary_large_image\" \/>\n<meta name=\"twitter:label1\" content=\"Gesch\u00e4tzte Lesezeit\" \/>\n\t<meta name=\"twitter:data1\" content=\"3\u00a0Minuten\" \/>\n<script type=\"application\/ld+json\" class=\"yoast-schema-graph\">{\"@context\":\"https:\/\/schema.org\",\"@graph\":[{\"@type\":\"WebPage\",\"@id\":\"https:\/\/www.venicecitytours.it\/de\/murano-burano-torcello-tour-faq\/\",\"url\":\"https:\/\/www.venicecitytours.it\/de\/murano-burano-torcello-tour-faq\/\",\"name\":\"Murano Burano Torcello Tour FAQ | Inseln Venedig\",\"isPartOf\":{\"@id\":\"https:\/\/www.venicecitytours.it\/#website\"},\"datePublished\":\"2026-03-11T10:32:03+00:00\",\"dateModified\":\"2026-03-11T10:57:46+00:00\",\"description\":\"Lesen Sie die FAQ zum Murano Burano Torcello Tour ab Venedig: Dauer, Glasbl\u00e4serei in Murano und Sehensw\u00fcrdigkeiten der Laguneninseln.\",\"breadcrumb\":{\"@id\":\"https:\/\/www.venicecitytours.it\/de\/murano-burano-torcello-tour-faq\/#breadcrumb\"},\"inLanguage\":\"de\",\"potentialAction\":[{\"@type\":\"ReadAction\",\"target\":[\"https:\/\/www.venicecitytours.it\/de\/murano-burano-torcello-tour-faq\/\"]}]},{\"@type\":\"BreadcrumbList\",\"@id\":\"https:\/\/www.venicecitytours.it\/de\/murano-burano-torcello-tour-faq\/#breadcrumb\",\"itemListElement\":[{\"@type\":\"ListItem\",\"position\":1,\"name\":\"Home\",\"item\":\"https:\/\/www.venicecitytours.it\/de\/\"},{\"@type\":\"ListItem\",\"position\":2,\"name\":\"Faq Inseln\"}]},{\"@type\":\"WebSite\",\"@id\":\"https:\/\/www.venicecitytours.it\/#website\",\"url\":\"https:\/\/www.venicecitytours.it\/\",\"name\":\"Venice City Tours\",\"description\":\"\",\"publisher\":{\"@id\":\"https:\/\/www.venicecitytours.it\/#organization\"},\"potentialAction\":[{\"@type\":\"SearchAction\",\"target\":{\"@type\":\"EntryPoint\",\"urlTemplate\":\"https:\/\/www.venicecitytours.it\/?s={search_term_string}\"},\"query-input\":{\"@type\":\"PropertyValueSpecification\",\"valueRequired\":true,\"valueName\":\"search_term_string\"}}],\"inLanguage\":\"de\"},{\"@type\":\"Organization\",\"@id\":\"https:\/\/www.venicecitytours.it\/#organization\",\"name\":\"Venice Tours S.r.l.\",\"url\":\"https:\/\/www.venicecitytours.it\/\",\"logo\":{\"@type\":\"ImageObject\",\"inLanguage\":\"de\",\"@id\":\"https:\/\/www.venicecitytours.it\/#\/schema\/logo\/image\/\",\"url\":\"https:\/\/www.venicecitytours.it\/wp-content\/uploads\/2026\/01\/logo-venice-city-tours.jpg\",\"contentUrl\":\"https:\/\/www.venicecitytours.it\/wp-content\/uploads\/2026\/01\/logo-venice-city-tours.jpg\",\"width\":562,\"height\":588,\"caption\":\"Venice Tours S.r.l.\"},\"image\":{\"@id\":\"https:\/\/www.venicecitytours.it\/#\/schema\/logo\/image\/\"},\"sameAs\":[\"https:\/\/www.facebook.com\/venicecitytours\"],\"description\":\"Esperienze uniche a Venezia con Venice City Tours. Esplora ogni angolo di Venezia con esperienze su misura che ti porteranno oltre i luoghi comuni. Dai romantici giri in gondola ai tour esclusivi di Piazza San Marco, dalle tradizioni artigianali alle affascinanti isole della laguna, vivi la citt\u00e0 attraverso le sue meraviglie pi\u00f9 autentiche. Scopri cosa rende Venezia davvero unica!\",\"email\":\"booking@venicecitytours.it\",\"telephone\":\"+39 0414 761926\",\"legalName\":\"Venice Tours Srl\",\"vatID\":\"04351870276\",\"taxID\":\"04351870276\",\"numberOfEmployees\":{\"@type\":\"QuantitativeValue\",\"minValue\":\"1\",\"maxValue\":\"10\"}}]}<\/script>\n<!-- \/ Yoast SEO Premium plugin. -->","yoast_head_json":{"title":"Murano Burano Torcello Tour FAQ | Inseln Venedig","description":"Lesen Sie die FAQ zum Murano Burano Torcello Tour ab Venedig: Dauer, Glasbl\u00e4serei in Murano und Sehensw\u00fcrdigkeiten der Laguneninseln.","robots":{"index":"index","follow":"follow","max-snippet":"max-snippet:-1","max-image-preview":"max-image-preview:large","max-video-preview":"max-video-preview:-1"},"canonical":"https:\/\/www.venicecitytours.it\/de\/murano-burano-torcello-tour-faq\/","og_locale":"de_DE","og_type":"article","og_title":"Faq Inseln","og_description":"Lesen Sie die FAQ zum Murano Burano Torcello Tour ab Venedig: Dauer, Glasbl\u00e4serei in Murano und Sehensw\u00fcrdigkeiten der Laguneninseln.","og_url":"https:\/\/www.venicecitytours.it\/de\/murano-burano-torcello-tour-faq\/","og_site_name":"Venice Tours","article_publisher":"https:\/\/www.facebook.com\/venicecitytours","article_modified_time":"2026-03-11T10:57:46+00:00","twitter_card":"summary_large_image","twitter_misc":{"Gesch\u00e4tzte Lesezeit":"3\u00a0Minuten"},"schema":{"@context":"https:\/\/schema.org","@graph":[{"@type":"WebPage","@id":"https:\/\/www.venicecitytours.it\/de\/murano-burano-torcello-tour-faq\/","url":"https:\/\/www.venicecitytours.it\/de\/murano-burano-torcello-tour-faq\/","name":"Murano Burano Torcello Tour FAQ | Inseln Venedig","isPartOf":{"@id":"https:\/\/www.venicecitytours.it\/#website"},"datePublished":"2026-03-11T10:32:03+00:00","dateModified":"2026-03-11T10:57:46+00:00","description":"Lesen Sie die FAQ zum Murano Burano Torcello Tour ab Venedig: Dauer, Glasbl\u00e4serei in Murano und Sehensw\u00fcrdigkeiten der Laguneninseln.","breadcrumb":{"@id":"https:\/\/www.venicecitytours.it\/de\/murano-burano-torcello-tour-faq\/#breadcrumb"},"inLanguage":"de","potentialAction":[{"@type":"ReadAction","target":["https:\/\/www.venicecitytours.it\/de\/murano-burano-torcello-tour-faq\/"]}]},{"@type":"BreadcrumbList","@id":"https:\/\/www.venicecitytours.it\/de\/murano-burano-torcello-tour-faq\/#breadcrumb","itemListElement":[{"@type":"ListItem","position":1,"name":"Home","item":"https:\/\/www.venicecitytours.it\/de\/"},{"@type":"ListItem","position":2,"name":"Faq Inseln"}]},{"@type":"WebSite","@id":"https:\/\/www.venicecitytours.it\/#website","url":"https:\/\/www.venicecitytours.it\/","name":"Venice City Tours","description":"","publisher":{"@id":"https:\/\/www.venicecitytours.it\/#organization"},"potentialAction":[{"@type":"SearchAction","target":{"@type":"EntryPoint","urlTemplate":"https:\/\/www.venicecitytours.it\/?s={search_term_string}"},"query-input":{"@type":"PropertyValueSpecification","valueRequired":true,"valueName":"search_term_string"}}],"inLanguage":"de"},{"@type":"Organization","@id":"https:\/\/www.venicecitytours.it\/#organization","name":"Venice Tours S.r.l.","url":"https:\/\/www.venicecitytours.it\/","logo":{"@type":"ImageObject","inLanguage":"de","@id":"https:\/\/www.venicecitytours.it\/#\/schema\/logo\/image\/","url":"https:\/\/www.venicecitytours.it\/wp-content\/uploads\/2026\/01\/logo-venice-city-tours.jpg","contentUrl":"https:\/\/www.venicecitytours.it\/wp-content\/uploads\/2026\/01\/logo-venice-city-tours.jpg","width":562,"height":588,"caption":"Venice Tours S.r.l."},"image":{"@id":"https:\/\/www.venicecitytours.it\/#\/schema\/logo\/image\/"},"sameAs":["https:\/\/www.facebook.com\/venicecitytours"],"description":"Esperienze uniche a Venezia con Venice City Tours. Esplora ogni angolo di Venezia con esperienze su misura che ti porteranno oltre i luoghi comuni. Dai romantici giri in gondola ai tour esclusivi di Piazza San Marco, dalle tradizioni artigianali alle affascinanti isole della laguna, vivi la citt\u00e0 attraverso le sue meraviglie pi\u00f9 autentiche. Scopri cosa rende Venezia davvero unica!","email":"booking@venicecitytours.it","telephone":"+39 0414 761926","legalName":"Venice Tours Srl","vatID":"04351870276","taxID":"04351870276","numberOfEmployees":{"@type":"QuantitativeValue","minValue":"1","maxValue":"10"}}]}},"_links":{"self":[{"href":"https:\/\/www.venicecitytours.it\/de\/wp-json\/wp\/v2\/pages\/25816","targetHints":{"allow":["GET"]}}],"collection":[{"href":"https:\/\/www.venicecitytours.it\/de\/wp-json\/wp\/v2\/pages"}],"about":[{"href":"https:\/\/www.venicecitytours.it\/de\/wp-json\/wp\/v2\/types\/page"}],"author":[{"embeddable":true,"href":"https:\/\/www.venicecitytours.it\/de\/wp-json\/wp\/v2\/users\/3"}],"replies":[{"embeddable":true,"href":"https:\/\/www.venicecitytours.it\/de\/wp-json\/wp\/v2\/comments?post=25816"}],"version-history":[{"count":0,"href":"https:\/\/www.venicecitytours.it\/de\/wp-json\/wp\/v2\/pages\/25816\/revisions"}],"wp:attachment":[{"href":"https:\/\/www.venicecitytours.it\/de\/wp-json\/wp\/v2\/media?parent=25816"}],"curies":[{"name":"wp","href":"https:\/\/api.w.org\/{rel}","templated":true}]}}