{"id":23633,"date":"2026-01-07T12:16:11","date_gmt":"2026-01-07T11:16:11","guid":{"rendered":"https:\/\/www.venicecitytours.it\/academy\/"},"modified":"2026-01-07T12:43:55","modified_gmt":"2026-01-07T11:43:55","slug":"academy","status":"publish","type":"page","link":"https:\/\/www.venicecitytours.it\/es\/academy\/","title":{"rendered":"Academy"},"content":{"rendered":"\t\t<div data-elementor-type=\"wp-page\" data-elementor-id=\"23633\" class=\"elementor elementor-23633 elementor-23574\" data-elementor-post-type=\"page\">\n\t\t\t\t<div class=\"elementor-element elementor-element-6876b24 e-flex e-con-boxed e-con e-parent\" data-id=\"6876b24\" data-element_type=\"container\" data-e-type=\"container\">\n\t\t\t\t\t<div class=\"e-con-inner\">\n\t\t\t\t\t<\/div>\n\t\t\t\t<\/div>\n\t\t<div class=\"elementor-element elementor-element-dece8c2 e-flex e-con-boxed e-con e-parent\" data-id=\"dece8c2\" data-element_type=\"container\" data-e-type=\"container\">\n\t\t\t\t\t<div class=\"e-con-inner\">\n\t\t\t\t<div class=\"elementor-element elementor-element-e3edd65 elementor-widget elementor-widget-image\" data-id=\"e3edd65\" data-element_type=\"widget\" data-e-type=\"widget\" data-widget_type=\"image.default\">\n\t\t\t\t<div class=\"elementor-widget-container\">\n\t\t\t\t\t\t\t\t\t\t\t\t\t\t\t<img fetchpriority=\"high\" decoding=\"async\" width=\"1300\" height=\"650\" src=\"https:\/\/www.venicecitytours.it\/wp-content\/uploads\/2026\/01\/Fotolia_43685068_M-1300x650.jpg\" class=\"attachment-qi_addons_for_elementor_image_size_landscape size-qi_addons_for_elementor_image_size_landscape wp-image-23604\" alt=\"\" \/>\t\t\t\t\t\t\t\t\t\t\t\t\t\t\t<\/div>\n\t\t\t\t<\/div>\n\t\t\t\t<div class=\"elementor-element elementor-element-23e8a06 elementor-widget elementor-widget-heading\" data-id=\"23e8a06\" data-element_type=\"widget\" data-e-type=\"widget\" data-widget_type=\"heading.default\">\n\t\t\t\t<div class=\"elementor-widget-container\">\n\t\t\t\t\t<h2 class=\"elementor-heading-title elementor-size-default\">Venice Tours Academy<\/h2>\t\t\t\t<\/div>\n\t\t\t\t<\/div>\n\t\t\t\t<div class=\"elementor-element elementor-element-c8c4f56 elementor-widget elementor-widget-text-editor\" data-id=\"c8c4f56\" data-element_type=\"widget\" data-e-type=\"widget\" data-widget_type=\"text-editor.default\">\n\t\t\t\t<div class=\"elementor-widget-container\">\n\t\t\t\t\t\t\t\t\t<p data-start=\"28\" data-end=\"368\">Venice Tours considera el desarrollo de las competencias de su personal como uno de los activos estrat\u00e9gicos m\u00e1s importantes de la empresa. Por este motivo, dedica una atenci\u00f3n constante al crecimiento profesional de sus colaboradores, con el fin de responder de manera eficaz a los retos y a los continuos cambios impuestos por el mercado.<\/p>\n<p data-start=\"370\" data-end=\"909\">Para afrontar estas evoluciones, Venice Tours ha estructurado un programa de formaci\u00f3n permanente que ofrece oportunidades de formaci\u00f3n y crecimiento personal a todos los empleados, con itinerarios adaptados a los puestos desempe\u00f1ados y a las necesidades individuales. La empresa desea expresar un sincero agradecimiento a los formadores y a los socios que han contribuido a la realizaci\u00f3n de este programa de desarrollo de los recursos humanos, dise\u00f1ado a medida tanto para las necesidades de la empresa como para las de cada colaborador.<\/p>\n<p data-start=\"911\" data-end=\"1075\">Los cursos se han organizado en colaboraci\u00f3n con TRAICONET, entidad de formaci\u00f3n acreditada FTO, mediante el uso del Fondo Forte y del Ente Bilateral de referencia.<\/p>\n<h3 data-start=\"1077\" data-end=\"1099\"><span style=\"color: #005f5e;\">\u00c1reas de actividad<\/span><\/h3>\n<p data-start=\"1101\" data-end=\"1559\"><span style=\"color: #005f5e;\"><strong data-start=\"1101\" data-end=\"1130\">Modelos de comportamiento<\/strong><\/span><br data-start=\"1130\" data-end=\"1133\" \/>Itinerarios de formaci\u00f3n y desarrollo dedicados a la gesti\u00f3n de la relaci\u00f3n con el cliente, a la resoluci\u00f3n de conflictos y a la gesti\u00f3n de situaciones de estr\u00e9s. Asimismo, se ha desarrollado un formato Venice Tours para la gesti\u00f3n del cliente durante los tours, con el objetivo de aumentar su implicaci\u00f3n y la calidad de la experiencia.<br data-start=\"1470\" data-end=\"1473\" \/>Cursos impartidos por Codato Communication \u2013 Dr. Massimo Codato y Dra. Alessia Codato.<\/p>\n<p data-start=\"1561\" data-end=\"1829\"><span style=\"color: #005f5e;\"><strong data-start=\"1561\" data-end=\"1579\">Neuromarketing<\/strong><\/span><br data-start=\"1579\" data-end=\"1582\" \/>Cursos de profundizaci\u00f3n y actualizaci\u00f3n continua en Neuromarketing, con la integraci\u00f3n de las t\u00e9cnicas m\u00e1s recientes y de herramientas de comunicaci\u00f3n innovadoras.<br data-start=\"1746\" data-end=\"1749\" \/>Cursos impartidos por Neurowebdesign \u2013 Dr. Stefano Civiero y Dr. Nicola Trentin.<\/p>\n<p data-start=\"1831\" data-end=\"2175\"><span style=\"color: #005f5e;\"><strong data-start=\"1831\" data-end=\"1857\">Estrategia empresarial<\/strong><\/span><br data-start=\"1857\" data-end=\"1860\" \/>Itinerarios formativos dedicados al an\u00e1lisis de mercado y a la competitividad econ\u00f3mica en un contexto en constante evoluci\u00f3n, con especial atenci\u00f3n al impacto de las nuevas tecnolog\u00edas en las actividades empresariales.<br data-start=\"2079\" data-end=\"2082\" \/>Cursos impartidos por ASCE \u2013 Prof. Arduino Paniccia, Dra. Laura Trevisa y Dr. Eugenio Porras.<\/p>\n<p data-start=\"2177\" data-end=\"2450\"><span style=\"color: #005f5e;\"><strong data-start=\"2177\" data-end=\"2231\">Las nuevas fronteras de la Inteligencia Artificial<\/strong><\/span><br data-start=\"2231\" data-end=\"2234\" \/>Cursos de formaci\u00f3n dedicados a la integraci\u00f3n de la IA en los procesos empresariales, con un enfoque en la reorganizaci\u00f3n y la optimizaci\u00f3n de los procesos de negocio.<br data-start=\"2402\" data-end=\"2405\" \/>Cursos impartidos por el Dr. Raffaello Lully.<\/p>\n<p data-start=\"2452\" data-end=\"2687\"><span style=\"color: #005f5e;\"><strong data-start=\"2452\" data-end=\"2487\">API y mantenimiento de sistemas<\/strong><\/span><br data-start=\"2487\" data-end=\"2490\" \/>Actualizaciones y formaci\u00f3n continua para la gesti\u00f3n de los procesos de reserva a trav\u00e9s de conexiones API con los principales portales en constante evoluci\u00f3n.<br data-start=\"2649\" data-end=\"2652\" \/>Cursos impartidos por Datagest Srl.<\/p>\n<p data-start=\"2689\" data-end=\"2855\"><span style=\"color: #005f5e;\"><strong data-start=\"2689\" data-end=\"2710\">Cursos de idiomas<\/strong><\/span><br data-start=\"2710\" data-end=\"2713\" \/>Programas ling\u00fc\u00edsticos dise\u00f1ados en funci\u00f3n de las necesidades individuales de los colaboradores y de las exigencias operativas de la empresa.<\/p>\n<p data-start=\"2857\" data-end=\"3032\" data-is-last-node=\"\" data-is-only-node=\"\"><span style=\"color: #005f5e;\"><strong data-start=\"2857\" data-end=\"2891\">Formaci\u00f3n en seguridad laboral<\/strong><\/span><br data-start=\"2891\" data-end=\"2894\" \/>Cursos obligatorios de actualizaci\u00f3n y formaci\u00f3n en materia de seguridad en el trabajo, impartidos por entidades de formaci\u00f3n acreditadas.<\/p>\t\t\t\t\t\t\t\t<\/div>\n\t\t\t\t<\/div>\n\t\t\t\t\t<\/div>\n\t\t\t\t<\/div>\n\t\t\t\t<\/div>\n\t\t","protected":false},"excerpt":{"rendered":"<p>Venice Tours Academy Venice Tours considera el desarrollo de las competencias de su personal como uno de los activos estrat\u00e9gicos m\u00e1s importantes de la empresa. Por este motivo, dedica una atenci\u00f3n constante al crecimiento profesional de sus colaboradores, con el fin de responder de manera eficaz a los retos y a los continuos cambios impuestos [&hellip;]<\/p>\n","protected":false},"author":3,"featured_media":0,"parent":0,"menu_order":0,"comment_status":"closed","ping_status":"closed","template":"","meta":{"_acf_changed":false,"footnotes":""},"class_list":["post-23633","page","type-page","status-publish","hentry"],"acf":[],"yoast_head":"<!-- This site is optimized with the Yoast SEO Premium plugin v27.1 (Yoast SEO v27.1.1) - https:\/\/yoast.com\/product\/yoast-seo-premium-wordpress\/ -->\n<title>Academy | Venice Tours<\/title>\n<meta name=\"robots\" content=\"index, follow, max-snippet:-1, max-image-preview:large, max-video-preview:-1\" \/>\n<link rel=\"canonical\" href=\"https:\/\/www.venicecitytours.it\/es\/academy\/\" \/>\n<meta property=\"og:locale\" content=\"es_ES\" \/>\n<meta property=\"og:type\" content=\"article\" \/>\n<meta property=\"og:title\" content=\"Academy\" \/>\n<meta property=\"og:description\" content=\"Venice Tours Academy Venice Tours considera el desarrollo de las competencias de su personal como uno de los activos estrat\u00e9gicos m\u00e1s importantes de la empresa. Por este motivo, dedica una atenci\u00f3n constante al crecimiento profesional de sus colaboradores, con el fin de responder de manera eficaz a los retos y a los continuos cambios impuestos [&hellip;]\" \/>\n<meta property=\"og:url\" content=\"https:\/\/www.venicecitytours.it\/es\/academy\/\" \/>\n<meta property=\"og:site_name\" content=\"Venice Tours\" \/>\n<meta property=\"article:publisher\" content=\"https:\/\/www.facebook.com\/venicecitytours\" \/>\n<meta property=\"article:modified_time\" content=\"2026-01-07T11:43:55+00:00\" \/>\n<meta property=\"og:image\" content=\"https:\/\/www.venicecitytours.it\/wp-content\/uploads\/2026\/01\/Fotolia_43685068_M.jpg\" \/>\n\t<meta property=\"og:image:width\" content=\"1690\" \/>\n\t<meta property=\"og:image:height\" content=\"1124\" \/>\n\t<meta property=\"og:image:type\" content=\"image\/jpeg\" \/>\n<meta name=\"twitter:card\" content=\"summary_large_image\" \/>\n<meta name=\"twitter:label1\" content=\"Tiempo de lectura\" \/>\n\t<meta name=\"twitter:data1\" content=\"3 minutos\" \/>\n<script type=\"application\/ld+json\" class=\"yoast-schema-graph\">{\"@context\":\"https:\/\/schema.org\",\"@graph\":[{\"@type\":\"WebPage\",\"@id\":\"https:\/\/www.venicecitytours.it\/es\/academy\/\",\"url\":\"https:\/\/www.venicecitytours.it\/es\/academy\/\",\"name\":\"Academy | Venice Tours\",\"isPartOf\":{\"@id\":\"https:\/\/www.venicecitytours.it\/#website\"},\"primaryImageOfPage\":{\"@id\":\"https:\/\/www.venicecitytours.it\/es\/academy\/#primaryimage\"},\"image\":{\"@id\":\"https:\/\/www.venicecitytours.it\/es\/academy\/#primaryimage\"},\"thumbnailUrl\":\"https:\/\/www.venicecitytours.it\/wp-content\/uploads\/2026\/01\/Fotolia_43685068_M-1300x650.jpg\",\"datePublished\":\"2026-01-07T11:16:11+00:00\",\"dateModified\":\"2026-01-07T11:43:55+00:00\",\"breadcrumb\":{\"@id\":\"https:\/\/www.venicecitytours.it\/es\/academy\/#breadcrumb\"},\"inLanguage\":\"es\",\"potentialAction\":[{\"@type\":\"ReadAction\",\"target\":[\"https:\/\/www.venicecitytours.it\/es\/academy\/\"]}]},{\"@type\":\"ImageObject\",\"inLanguage\":\"es\",\"@id\":\"https:\/\/www.venicecitytours.it\/es\/academy\/#primaryimage\",\"url\":\"https:\/\/www.venicecitytours.it\/wp-content\/uploads\/2026\/01\/Fotolia_43685068_M-1300x650.jpg\",\"contentUrl\":\"https:\/\/www.venicecitytours.it\/wp-content\/uploads\/2026\/01\/Fotolia_43685068_M-1300x650.jpg\"},{\"@type\":\"BreadcrumbList\",\"@id\":\"https:\/\/www.venicecitytours.it\/es\/academy\/#breadcrumb\",\"itemListElement\":[{\"@type\":\"ListItem\",\"position\":1,\"name\":\"Home\",\"item\":\"https:\/\/www.venicecitytours.it\/es\/\"},{\"@type\":\"ListItem\",\"position\":2,\"name\":\"Academy\"}]},{\"@type\":\"WebSite\",\"@id\":\"https:\/\/www.venicecitytours.it\/#website\",\"url\":\"https:\/\/www.venicecitytours.it\/\",\"name\":\"Venice City Tours\",\"description\":\"\",\"publisher\":{\"@id\":\"https:\/\/www.venicecitytours.it\/#organization\"},\"potentialAction\":[{\"@type\":\"SearchAction\",\"target\":{\"@type\":\"EntryPoint\",\"urlTemplate\":\"https:\/\/www.venicecitytours.it\/?s={search_term_string}\"},\"query-input\":{\"@type\":\"PropertyValueSpecification\",\"valueRequired\":true,\"valueName\":\"search_term_string\"}}],\"inLanguage\":\"es\"},{\"@type\":\"Organization\",\"@id\":\"https:\/\/www.venicecitytours.it\/#organization\",\"name\":\"Venice Tours S.r.l.\",\"url\":\"https:\/\/www.venicecitytours.it\/\",\"logo\":{\"@type\":\"ImageObject\",\"inLanguage\":\"es\",\"@id\":\"https:\/\/www.venicecitytours.it\/#\/schema\/logo\/image\/\",\"url\":\"https:\/\/www.venicecitytours.it\/wp-content\/uploads\/2026\/01\/logo-venice-city-tours.jpg\",\"contentUrl\":\"https:\/\/www.venicecitytours.it\/wp-content\/uploads\/2026\/01\/logo-venice-city-tours.jpg\",\"width\":562,\"height\":588,\"caption\":\"Venice Tours S.r.l.\"},\"image\":{\"@id\":\"https:\/\/www.venicecitytours.it\/#\/schema\/logo\/image\/\"},\"sameAs\":[\"https:\/\/www.facebook.com\/venicecitytours\"],\"description\":\"Esperienze uniche a Venezia con Venice City Tours. Esplora ogni angolo di Venezia con esperienze su misura che ti porteranno oltre i luoghi comuni. Dai romantici giri in gondola ai tour esclusivi di Piazza San Marco, dalle tradizioni artigianali alle affascinanti isole della laguna, vivi la citt\u00e0 attraverso le sue meraviglie pi\u00f9 autentiche. Scopri cosa rende Venezia davvero unica!\",\"email\":\"booking@venicecitytours.it\",\"telephone\":\"+39 0414 761926\",\"legalName\":\"Venice Tours Srl\",\"vatID\":\"04351870276\",\"taxID\":\"04351870276\",\"numberOfEmployees\":{\"@type\":\"QuantitativeValue\",\"minValue\":\"1\",\"maxValue\":\"10\"}}]}<\/script>\n<!-- \/ Yoast SEO Premium plugin. -->","yoast_head_json":{"title":"Academy | Venice Tours","robots":{"index":"index","follow":"follow","max-snippet":"max-snippet:-1","max-image-preview":"max-image-preview:large","max-video-preview":"max-video-preview:-1"},"canonical":"https:\/\/www.venicecitytours.it\/es\/academy\/","og_locale":"es_ES","og_type":"article","og_title":"Academy","og_description":"Venice Tours Academy Venice Tours considera el desarrollo de las competencias de su personal como uno de los activos estrat\u00e9gicos m\u00e1s importantes de la empresa. Por este motivo, dedica una atenci\u00f3n constante al crecimiento profesional de sus colaboradores, con el fin de responder de manera eficaz a los retos y a los continuos cambios impuestos [&hellip;]","og_url":"https:\/\/www.venicecitytours.it\/es\/academy\/","og_site_name":"Venice Tours","article_publisher":"https:\/\/www.facebook.com\/venicecitytours","article_modified_time":"2026-01-07T11:43:55+00:00","og_image":[{"width":1690,"height":1124,"url":"https:\/\/www.venicecitytours.it\/wp-content\/uploads\/2026\/01\/Fotolia_43685068_M.jpg","type":"image\/jpeg"}],"twitter_card":"summary_large_image","twitter_misc":{"Tiempo de lectura":"3 minutos"},"schema":{"@context":"https:\/\/schema.org","@graph":[{"@type":"WebPage","@id":"https:\/\/www.venicecitytours.it\/es\/academy\/","url":"https:\/\/www.venicecitytours.it\/es\/academy\/","name":"Academy | Venice Tours","isPartOf":{"@id":"https:\/\/www.venicecitytours.it\/#website"},"primaryImageOfPage":{"@id":"https:\/\/www.venicecitytours.it\/es\/academy\/#primaryimage"},"image":{"@id":"https:\/\/www.venicecitytours.it\/es\/academy\/#primaryimage"},"thumbnailUrl":"https:\/\/www.venicecitytours.it\/wp-content\/uploads\/2026\/01\/Fotolia_43685068_M-1300x650.jpg","datePublished":"2026-01-07T11:16:11+00:00","dateModified":"2026-01-07T11:43:55+00:00","breadcrumb":{"@id":"https:\/\/www.venicecitytours.it\/es\/academy\/#breadcrumb"},"inLanguage":"es","potentialAction":[{"@type":"ReadAction","target":["https:\/\/www.venicecitytours.it\/es\/academy\/"]}]},{"@type":"ImageObject","inLanguage":"es","@id":"https:\/\/www.venicecitytours.it\/es\/academy\/#primaryimage","url":"https:\/\/www.venicecitytours.it\/wp-content\/uploads\/2026\/01\/Fotolia_43685068_M-1300x650.jpg","contentUrl":"https:\/\/www.venicecitytours.it\/wp-content\/uploads\/2026\/01\/Fotolia_43685068_M-1300x650.jpg"},{"@type":"BreadcrumbList","@id":"https:\/\/www.venicecitytours.it\/es\/academy\/#breadcrumb","itemListElement":[{"@type":"ListItem","position":1,"name":"Home","item":"https:\/\/www.venicecitytours.it\/es\/"},{"@type":"ListItem","position":2,"name":"Academy"}]},{"@type":"WebSite","@id":"https:\/\/www.venicecitytours.it\/#website","url":"https:\/\/www.venicecitytours.it\/","name":"Venice City Tours","description":"","publisher":{"@id":"https:\/\/www.venicecitytours.it\/#organization"},"potentialAction":[{"@type":"SearchAction","target":{"@type":"EntryPoint","urlTemplate":"https:\/\/www.venicecitytours.it\/?s={search_term_string}"},"query-input":{"@type":"PropertyValueSpecification","valueRequired":true,"valueName":"search_term_string"}}],"inLanguage":"es"},{"@type":"Organization","@id":"https:\/\/www.venicecitytours.it\/#organization","name":"Venice Tours S.r.l.","url":"https:\/\/www.venicecitytours.it\/","logo":{"@type":"ImageObject","inLanguage":"es","@id":"https:\/\/www.venicecitytours.it\/#\/schema\/logo\/image\/","url":"https:\/\/www.venicecitytours.it\/wp-content\/uploads\/2026\/01\/logo-venice-city-tours.jpg","contentUrl":"https:\/\/www.venicecitytours.it\/wp-content\/uploads\/2026\/01\/logo-venice-city-tours.jpg","width":562,"height":588,"caption":"Venice Tours S.r.l."},"image":{"@id":"https:\/\/www.venicecitytours.it\/#\/schema\/logo\/image\/"},"sameAs":["https:\/\/www.facebook.com\/venicecitytours"],"description":"Esperienze uniche a Venezia con Venice City Tours. Esplora ogni angolo di Venezia con esperienze su misura che ti porteranno oltre i luoghi comuni. Dai romantici giri in gondola ai tour esclusivi di Piazza San Marco, dalle tradizioni artigianali alle affascinanti isole della laguna, vivi la citt\u00e0 attraverso le sue meraviglie pi\u00f9 autentiche. Scopri cosa rende Venezia davvero unica!","email":"booking@venicecitytours.it","telephone":"+39 0414 761926","legalName":"Venice Tours Srl","vatID":"04351870276","taxID":"04351870276","numberOfEmployees":{"@type":"QuantitativeValue","minValue":"1","maxValue":"10"}}]}},"_links":{"self":[{"href":"https:\/\/www.venicecitytours.it\/es\/wp-json\/wp\/v2\/pages\/23633","targetHints":{"allow":["GET"]}}],"collection":[{"href":"https:\/\/www.venicecitytours.it\/es\/wp-json\/wp\/v2\/pages"}],"about":[{"href":"https:\/\/www.venicecitytours.it\/es\/wp-json\/wp\/v2\/types\/page"}],"author":[{"embeddable":true,"href":"https:\/\/www.venicecitytours.it\/es\/wp-json\/wp\/v2\/users\/3"}],"replies":[{"embeddable":true,"href":"https:\/\/www.venicecitytours.it\/es\/wp-json\/wp\/v2\/comments?post=23633"}],"version-history":[{"count":0,"href":"https:\/\/www.venicecitytours.it\/es\/wp-json\/wp\/v2\/pages\/23633\/revisions"}],"wp:attachment":[{"href":"https:\/\/www.venicecitytours.it\/es\/wp-json\/wp\/v2\/media?parent=23633"}],"curies":[{"name":"wp","href":"https:\/\/api.w.org\/{rel}","templated":true}]}}