{"id":23654,"date":"2026-01-07T12:02:30","date_gmt":"2026-01-07T11:02:30","guid":{"rendered":"https:\/\/www.venicecitytours.it\/phygital-company\/"},"modified":"2026-01-07T15:38:21","modified_gmt":"2026-01-07T14:38:21","slug":"phygital-company","status":"publish","type":"page","link":"https:\/\/www.venicecitytours.it\/es\/phygital-company\/","title":{"rendered":"Phygital Company"},"content":{"rendered":"\t\t<div data-elementor-type=\"wp-page\" data-elementor-id=\"23654\" class=\"elementor elementor-23654 elementor-23608\" data-elementor-post-type=\"page\">\n\t\t\t\t<div class=\"elementor-element elementor-element-864c441 e-flex e-con-boxed e-con e-parent\" data-id=\"864c441\" data-element_type=\"container\" data-e-type=\"container\">\n\t\t\t\t\t<div class=\"e-con-inner\">\n\t\t\t\t<div class=\"elementor-element elementor-element-2c8b16d elementor-widget__width-initial elementor-widget elementor-widget-image\" data-id=\"2c8b16d\" data-element_type=\"widget\" data-e-type=\"widget\" data-widget_type=\"image.default\">\n\t\t\t\t<div class=\"elementor-widget-container\">\n\t\t\t\t\t\t\t\t\t\t\t\t\t\t\t<img fetchpriority=\"high\" decoding=\"async\" width=\"1300\" height=\"650\" src=\"https:\/\/www.venicecitytours.it\/wp-content\/uploads\/2026\/01\/f594835a-6a64-4047-85d8-086f641627c0-1-1300x650.jpg\" class=\"attachment-qi_addons_for_elementor_image_size_landscape size-qi_addons_for_elementor_image_size_landscape wp-image-23619\" alt=\"\" \/>\t\t\t\t\t\t\t\t\t\t\t\t\t\t\t<\/div>\n\t\t\t\t<\/div>\n\t\t\t\t<div class=\"elementor-element elementor-element-05640fd elementor-widget elementor-widget-heading\" data-id=\"05640fd\" data-element_type=\"widget\" data-e-type=\"widget\" data-widget_type=\"heading.default\">\n\t\t\t\t<div class=\"elementor-widget-container\">\n\t\t\t\t\t<h2 class=\"elementor-heading-title elementor-size-default\">Innovaci\u00f3n digital al servicio del turismo veneciano<\/h2>\t\t\t\t<\/div>\n\t\t\t\t<\/div>\n\t\t\t\t<div class=\"elementor-element elementor-element-3dd49e0 elementor-widget elementor-widget-text-editor\" data-id=\"3dd49e0\" data-element_type=\"widget\" data-e-type=\"widget\" data-widget_type=\"text-editor.default\">\n\t\t\t\t<div class=\"elementor-widget-container\">\n\t\t\t\t\t\t\t\t\t<p data-start=\"221\" data-end=\"661\">Venice Tours se consolida como una realidad pionera en el \u00e1mbito digital y phygital dentro del panorama tur\u00edstico veneciano, redefiniendo la forma de vivir y gestionar el turismo en uno de los destinos m\u00e1s ic\u00f3nicos del mundo. Mediante la integraci\u00f3n de tecnolog\u00edas avanzadas y programas de formaci\u00f3n especializada, la empresa optimiza la experiencia del cliente y los procesos de reserva, adoptando un enfoque phygital verdaderamente \u00fanico.<\/p><h3 data-start=\"663\" data-end=\"737\"><span style=\"color: #005f5e;\"><strong data-start=\"667\" data-end=\"737\">Conexiones API y precios din\u00e1micos: un nuevo est\u00e1ndar para Venecia<\/strong><\/span><\/h3><p data-start=\"739\" data-end=\"1169\">Gracias a una s\u00f3lida colaboraci\u00f3n con Datagest, empresa de software de referencia en el sector, Venice Tours utiliza conexiones API con las principales Agencias de Viajes Online (OTA). Esta infraestructura tecnol\u00f3gica permite la verificaci\u00f3n en tiempo real de la disponibilidad, las condiciones y los precios din\u00e1micos de los productos en Venecia, posicionando a la empresa como un actor digital de vanguardia en el turismo local.<\/p><h3 data-start=\"1171\" data-end=\"1254\"><span style=\"color: #005f5e;\"><strong data-start=\"1175\" data-end=\"1254\">Atenci\u00f3n al cliente digital y aplicaciones exclusivas para explorar Venecia<\/strong><\/span><\/h3><p data-start=\"1256\" data-end=\"1653\">Venice Tours ha desarrollado aplicaciones m\u00f3viles intuitivas y enriquecidas con funcionalidades exclusivas, dise\u00f1adas para ofrecer una experiencia veneciana inmersiva y personalizada. Gracias a la digitalizaci\u00f3n, se han mapeado m\u00e1s de 200 puntos de inter\u00e9s de la ciudad, con informaci\u00f3n en tiempo real sobre monumentos, itinerarios peatonales y actividades asociadas, disponibles en siete idiomas.<\/p><h3 data-start=\"1655\" data-end=\"1706\"><span style=\"color: #005f5e;\"><strong data-start=\"1659\" data-end=\"1706\">Realidad virtual y reconstrucci\u00f3n hist\u00f3rica<\/strong><\/span><\/h3><p data-start=\"1708\" data-end=\"2103\">La innovaci\u00f3n se extiende tambi\u00e9n al \u00e1mbito de la realidad virtual, permitiendo a los visitantes revivir escenas de la Venecia hist\u00f3rica, como la Plaza de San Marcos en la \u00e9poca bizantina o el primer Puente de Rialto de madera. Estas experiencias inmersivas est\u00e1n disponibles a trav\u00e9s de aplicaciones dedicadas o mediante visores de realidad virtual proporcionados directamente por Venice Tours.<\/p><h3 data-start=\"2105\" data-end=\"2169\"><span style=\"color: #005f5e;\"><strong data-start=\"2109\" data-end=\"2169\">Tours en vivo multiling\u00fces potenciados por la tecnolog\u00eda<\/strong><\/span><\/h3><p data-start=\"2171\" data-end=\"2517\">Venice Tours introduce un nuevo est\u00e1ndar para los tours guiados en vivo y multiling\u00fces. Gracias a una formaci\u00f3n avanzada en integraci\u00f3n tecnol\u00f3gica, los gu\u00edas pueden ofrecer explicaciones en directo en ingl\u00e9s, acompa\u00f1adas de contenidos de audio sincronizados en franc\u00e9s, alem\u00e1n y espa\u00f1ol, garantizando una experiencia inclusiva y de alta calidad.<\/p><h3 data-start=\"2519\" data-end=\"2568\"><span style=\"color: #005f5e;\"><strong data-start=\"2523\" data-end=\"2568\">Check-in digital y procesos automatizados<\/strong><\/span><\/h3><p data-start=\"2570\" data-end=\"2836\">En l\u00ednea con los principios de la transformaci\u00f3n digital, Venice Tours ha automatizado el proceso de check-in, permitiendo actualizaciones inmediatas y la validaci\u00f3n digital de los vouchers. Un paso m\u00e1s hacia una experiencia fluida, eficiente y totalmente integrada.<\/p>\t\t\t\t\t\t\t\t<\/div>\n\t\t\t\t<\/div>\n\t\t\t\t\t<\/div>\n\t\t\t\t<\/div>\n\t\t\t\t<\/div>\n\t\t","protected":false},"excerpt":{"rendered":"<p>Innovaci\u00f3n digital al servicio del turismo veneciano Venice Tours se consolida como una realidad pionera en el \u00e1mbito digital y phygital dentro del panorama tur\u00edstico veneciano, redefiniendo la forma de vivir y gestionar el turismo en uno de los destinos m\u00e1s ic\u00f3nicos del mundo. Mediante la integraci\u00f3n de tecnolog\u00edas avanzadas y programas de formaci\u00f3n especializada, [&hellip;]<\/p>\n","protected":false},"author":3,"featured_media":0,"parent":0,"menu_order":0,"comment_status":"closed","ping_status":"closed","template":"","meta":{"_acf_changed":false,"footnotes":""},"class_list":["post-23654","page","type-page","status-publish","hentry"],"acf":[],"yoast_head":"<!-- This site is optimized with the Yoast SEO Premium plugin v27.1 (Yoast SEO v27.1.1) - https:\/\/yoast.com\/product\/yoast-seo-premium-wordpress\/ -->\n<title>Phygital Company | Venice Tours<\/title>\n<meta name=\"robots\" content=\"index, follow, max-snippet:-1, max-image-preview:large, max-video-preview:-1\" \/>\n<link rel=\"canonical\" href=\"https:\/\/www.venicecitytours.it\/es\/phygital-company\/\" \/>\n<meta property=\"og:locale\" content=\"es_ES\" \/>\n<meta property=\"og:type\" content=\"article\" \/>\n<meta property=\"og:title\" content=\"Phygital Company\" \/>\n<meta property=\"og:description\" content=\"Innovaci\u00f3n digital al servicio del turismo veneciano Venice Tours se consolida como una realidad pionera en el \u00e1mbito digital y phygital dentro del panorama tur\u00edstico veneciano, redefiniendo la forma de vivir y gestionar el turismo en uno de los destinos m\u00e1s ic\u00f3nicos del mundo. Mediante la integraci\u00f3n de tecnolog\u00edas avanzadas y programas de formaci\u00f3n especializada, [&hellip;]\" \/>\n<meta property=\"og:url\" content=\"https:\/\/www.venicecitytours.it\/es\/phygital-company\/\" \/>\n<meta property=\"og:site_name\" content=\"Venice Tours\" \/>\n<meta property=\"article:publisher\" content=\"https:\/\/www.facebook.com\/venicecitytours\" \/>\n<meta property=\"article:modified_time\" content=\"2026-01-07T14:38:21+00:00\" \/>\n<meta property=\"og:image\" content=\"https:\/\/www.venicecitytours.it\/wp-content\/uploads\/2026\/01\/f594835a-6a64-4047-85d8-086f641627c0-1-scaled.jpg\" \/>\n\t<meta property=\"og:image:width\" content=\"2560\" \/>\n\t<meta property=\"og:image:height\" content=\"1331\" \/>\n\t<meta property=\"og:image:type\" content=\"image\/jpeg\" \/>\n<meta name=\"twitter:card\" content=\"summary_large_image\" \/>\n<meta name=\"twitter:label1\" content=\"Tiempo de lectura\" \/>\n\t<meta name=\"twitter:data1\" content=\"2 minutos\" \/>\n<script type=\"application\/ld+json\" class=\"yoast-schema-graph\">{\"@context\":\"https:\/\/schema.org\",\"@graph\":[{\"@type\":\"WebPage\",\"@id\":\"https:\/\/www.venicecitytours.it\/es\/phygital-company\/\",\"url\":\"https:\/\/www.venicecitytours.it\/es\/phygital-company\/\",\"name\":\"Phygital Company | Venice Tours\",\"isPartOf\":{\"@id\":\"https:\/\/www.venicecitytours.it\/#website\"},\"primaryImageOfPage\":{\"@id\":\"https:\/\/www.venicecitytours.it\/es\/phygital-company\/#primaryimage\"},\"image\":{\"@id\":\"https:\/\/www.venicecitytours.it\/es\/phygital-company\/#primaryimage\"},\"thumbnailUrl\":\"https:\/\/www.venicecitytours.it\/wp-content\/uploads\/2026\/01\/f594835a-6a64-4047-85d8-086f641627c0-1-1300x650.jpg\",\"datePublished\":\"2026-01-07T11:02:30+00:00\",\"dateModified\":\"2026-01-07T14:38:21+00:00\",\"breadcrumb\":{\"@id\":\"https:\/\/www.venicecitytours.it\/es\/phygital-company\/#breadcrumb\"},\"inLanguage\":\"es\",\"potentialAction\":[{\"@type\":\"ReadAction\",\"target\":[\"https:\/\/www.venicecitytours.it\/es\/phygital-company\/\"]}]},{\"@type\":\"ImageObject\",\"inLanguage\":\"es\",\"@id\":\"https:\/\/www.venicecitytours.it\/es\/phygital-company\/#primaryimage\",\"url\":\"https:\/\/www.venicecitytours.it\/wp-content\/uploads\/2026\/01\/f594835a-6a64-4047-85d8-086f641627c0-1-1300x650.jpg\",\"contentUrl\":\"https:\/\/www.venicecitytours.it\/wp-content\/uploads\/2026\/01\/f594835a-6a64-4047-85d8-086f641627c0-1-1300x650.jpg\"},{\"@type\":\"BreadcrumbList\",\"@id\":\"https:\/\/www.venicecitytours.it\/es\/phygital-company\/#breadcrumb\",\"itemListElement\":[{\"@type\":\"ListItem\",\"position\":1,\"name\":\"Home\",\"item\":\"https:\/\/www.venicecitytours.it\/es\/\"},{\"@type\":\"ListItem\",\"position\":2,\"name\":\"Phygital Company\"}]},{\"@type\":\"WebSite\",\"@id\":\"https:\/\/www.venicecitytours.it\/#website\",\"url\":\"https:\/\/www.venicecitytours.it\/\",\"name\":\"Venice City Tours\",\"description\":\"\",\"publisher\":{\"@id\":\"https:\/\/www.venicecitytours.it\/#organization\"},\"potentialAction\":[{\"@type\":\"SearchAction\",\"target\":{\"@type\":\"EntryPoint\",\"urlTemplate\":\"https:\/\/www.venicecitytours.it\/?s={search_term_string}\"},\"query-input\":{\"@type\":\"PropertyValueSpecification\",\"valueRequired\":true,\"valueName\":\"search_term_string\"}}],\"inLanguage\":\"es\"},{\"@type\":\"Organization\",\"@id\":\"https:\/\/www.venicecitytours.it\/#organization\",\"name\":\"Venice Tours S.r.l.\",\"url\":\"https:\/\/www.venicecitytours.it\/\",\"logo\":{\"@type\":\"ImageObject\",\"inLanguage\":\"es\",\"@id\":\"https:\/\/www.venicecitytours.it\/#\/schema\/logo\/image\/\",\"url\":\"https:\/\/www.venicecitytours.it\/wp-content\/uploads\/2026\/01\/logo-venice-city-tours.jpg\",\"contentUrl\":\"https:\/\/www.venicecitytours.it\/wp-content\/uploads\/2026\/01\/logo-venice-city-tours.jpg\",\"width\":562,\"height\":588,\"caption\":\"Venice Tours S.r.l.\"},\"image\":{\"@id\":\"https:\/\/www.venicecitytours.it\/#\/schema\/logo\/image\/\"},\"sameAs\":[\"https:\/\/www.facebook.com\/venicecitytours\"],\"description\":\"Esperienze uniche a Venezia con Venice City Tours. Esplora ogni angolo di Venezia con esperienze su misura che ti porteranno oltre i luoghi comuni. Dai romantici giri in gondola ai tour esclusivi di Piazza San Marco, dalle tradizioni artigianali alle affascinanti isole della laguna, vivi la citt\u00e0 attraverso le sue meraviglie pi\u00f9 autentiche. Scopri cosa rende Venezia davvero unica!\",\"email\":\"booking@venicecitytours.it\",\"telephone\":\"+39 0414 761926\",\"legalName\":\"Venice Tours Srl\",\"vatID\":\"04351870276\",\"taxID\":\"04351870276\",\"numberOfEmployees\":{\"@type\":\"QuantitativeValue\",\"minValue\":\"1\",\"maxValue\":\"10\"}}]}<\/script>\n<!-- \/ Yoast SEO Premium plugin. -->","yoast_head_json":{"title":"Phygital Company | Venice Tours","robots":{"index":"index","follow":"follow","max-snippet":"max-snippet:-1","max-image-preview":"max-image-preview:large","max-video-preview":"max-video-preview:-1"},"canonical":"https:\/\/www.venicecitytours.it\/es\/phygital-company\/","og_locale":"es_ES","og_type":"article","og_title":"Phygital Company","og_description":"Innovaci\u00f3n digital al servicio del turismo veneciano Venice Tours se consolida como una realidad pionera en el \u00e1mbito digital y phygital dentro del panorama tur\u00edstico veneciano, redefiniendo la forma de vivir y gestionar el turismo en uno de los destinos m\u00e1s ic\u00f3nicos del mundo. Mediante la integraci\u00f3n de tecnolog\u00edas avanzadas y programas de formaci\u00f3n especializada, [&hellip;]","og_url":"https:\/\/www.venicecitytours.it\/es\/phygital-company\/","og_site_name":"Venice Tours","article_publisher":"https:\/\/www.facebook.com\/venicecitytours","article_modified_time":"2026-01-07T14:38:21+00:00","og_image":[{"width":2560,"height":1331,"url":"https:\/\/www.venicecitytours.it\/wp-content\/uploads\/2026\/01\/f594835a-6a64-4047-85d8-086f641627c0-1-scaled.jpg","type":"image\/jpeg"}],"twitter_card":"summary_large_image","twitter_misc":{"Tiempo de lectura":"2 minutos"},"schema":{"@context":"https:\/\/schema.org","@graph":[{"@type":"WebPage","@id":"https:\/\/www.venicecitytours.it\/es\/phygital-company\/","url":"https:\/\/www.venicecitytours.it\/es\/phygital-company\/","name":"Phygital Company | Venice Tours","isPartOf":{"@id":"https:\/\/www.venicecitytours.it\/#website"},"primaryImageOfPage":{"@id":"https:\/\/www.venicecitytours.it\/es\/phygital-company\/#primaryimage"},"image":{"@id":"https:\/\/www.venicecitytours.it\/es\/phygital-company\/#primaryimage"},"thumbnailUrl":"https:\/\/www.venicecitytours.it\/wp-content\/uploads\/2026\/01\/f594835a-6a64-4047-85d8-086f641627c0-1-1300x650.jpg","datePublished":"2026-01-07T11:02:30+00:00","dateModified":"2026-01-07T14:38:21+00:00","breadcrumb":{"@id":"https:\/\/www.venicecitytours.it\/es\/phygital-company\/#breadcrumb"},"inLanguage":"es","potentialAction":[{"@type":"ReadAction","target":["https:\/\/www.venicecitytours.it\/es\/phygital-company\/"]}]},{"@type":"ImageObject","inLanguage":"es","@id":"https:\/\/www.venicecitytours.it\/es\/phygital-company\/#primaryimage","url":"https:\/\/www.venicecitytours.it\/wp-content\/uploads\/2026\/01\/f594835a-6a64-4047-85d8-086f641627c0-1-1300x650.jpg","contentUrl":"https:\/\/www.venicecitytours.it\/wp-content\/uploads\/2026\/01\/f594835a-6a64-4047-85d8-086f641627c0-1-1300x650.jpg"},{"@type":"BreadcrumbList","@id":"https:\/\/www.venicecitytours.it\/es\/phygital-company\/#breadcrumb","itemListElement":[{"@type":"ListItem","position":1,"name":"Home","item":"https:\/\/www.venicecitytours.it\/es\/"},{"@type":"ListItem","position":2,"name":"Phygital Company"}]},{"@type":"WebSite","@id":"https:\/\/www.venicecitytours.it\/#website","url":"https:\/\/www.venicecitytours.it\/","name":"Venice City Tours","description":"","publisher":{"@id":"https:\/\/www.venicecitytours.it\/#organization"},"potentialAction":[{"@type":"SearchAction","target":{"@type":"EntryPoint","urlTemplate":"https:\/\/www.venicecitytours.it\/?s={search_term_string}"},"query-input":{"@type":"PropertyValueSpecification","valueRequired":true,"valueName":"search_term_string"}}],"inLanguage":"es"},{"@type":"Organization","@id":"https:\/\/www.venicecitytours.it\/#organization","name":"Venice Tours S.r.l.","url":"https:\/\/www.venicecitytours.it\/","logo":{"@type":"ImageObject","inLanguage":"es","@id":"https:\/\/www.venicecitytours.it\/#\/schema\/logo\/image\/","url":"https:\/\/www.venicecitytours.it\/wp-content\/uploads\/2026\/01\/logo-venice-city-tours.jpg","contentUrl":"https:\/\/www.venicecitytours.it\/wp-content\/uploads\/2026\/01\/logo-venice-city-tours.jpg","width":562,"height":588,"caption":"Venice Tours S.r.l."},"image":{"@id":"https:\/\/www.venicecitytours.it\/#\/schema\/logo\/image\/"},"sameAs":["https:\/\/www.facebook.com\/venicecitytours"],"description":"Esperienze uniche a Venezia con Venice City Tours. Esplora ogni angolo di Venezia con esperienze su misura che ti porteranno oltre i luoghi comuni. Dai romantici giri in gondola ai tour esclusivi di Piazza San Marco, dalle tradizioni artigianali alle affascinanti isole della laguna, vivi la citt\u00e0 attraverso le sue meraviglie pi\u00f9 autentiche. Scopri cosa rende Venezia davvero unica!","email":"booking@venicecitytours.it","telephone":"+39 0414 761926","legalName":"Venice Tours Srl","vatID":"04351870276","taxID":"04351870276","numberOfEmployees":{"@type":"QuantitativeValue","minValue":"1","maxValue":"10"}}]}},"_links":{"self":[{"href":"https:\/\/www.venicecitytours.it\/es\/wp-json\/wp\/v2\/pages\/23654","targetHints":{"allow":["GET"]}}],"collection":[{"href":"https:\/\/www.venicecitytours.it\/es\/wp-json\/wp\/v2\/pages"}],"about":[{"href":"https:\/\/www.venicecitytours.it\/es\/wp-json\/wp\/v2\/types\/page"}],"author":[{"embeddable":true,"href":"https:\/\/www.venicecitytours.it\/es\/wp-json\/wp\/v2\/users\/3"}],"replies":[{"embeddable":true,"href":"https:\/\/www.venicecitytours.it\/es\/wp-json\/wp\/v2\/comments?post=23654"}],"version-history":[{"count":0,"href":"https:\/\/www.venicecitytours.it\/es\/wp-json\/wp\/v2\/pages\/23654\/revisions"}],"wp:attachment":[{"href":"https:\/\/www.venicecitytours.it\/es\/wp-json\/wp\/v2\/media?parent=23654"}],"curies":[{"name":"wp","href":"https:\/\/api.w.org\/{rel}","templated":true}]}}