{"id":25335,"date":"2026-02-17T17:35:03","date_gmt":"2026-02-17T16:35:03","guid":{"rendered":"https:\/\/www.venicecitytours.it\/?page_id=25335"},"modified":"2026-02-18T12:27:12","modified_gmt":"2026-02-18T11:27:12","slug":"hablan-de-nosotros","status":"publish","type":"page","link":"https:\/\/www.venicecitytours.it\/es\/hablan-de-nosotros\/","title":{"rendered":"Hablan de Nosotros"},"content":{"rendered":"\t\t<div data-elementor-type=\"wp-page\" data-elementor-id=\"25335\" class=\"elementor elementor-25335 elementor-25331\" data-elementor-post-type=\"page\">\n\t\t\t\t<div class=\"elementor-element elementor-element-dece8c2 e-con-full e-flex e-con e-parent\" data-id=\"dece8c2\" data-element_type=\"container\" data-e-type=\"container\">\n\t\t\t\t<div class=\"elementor-element elementor-element-e3edd65 elementor-widget elementor-widget-image\" data-id=\"e3edd65\" data-element_type=\"widget\" data-e-type=\"widget\" data-widget_type=\"image.default\">\n\t\t\t\t<div class=\"elementor-widget-container\">\n\t\t\t\t\t\t\t\t\t\t\t\t\t\t\t<img fetchpriority=\"high\" decoding=\"async\" width=\"1536\" height=\"864\" src=\"https:\/\/www.venicecitytours.it\/wp-content\/uploads\/2026\/02\/Progetto-senza-titolo-1-1536x864.jpg\" class=\"attachment-1536x1536 size-1536x1536 wp-image-25415\" alt=\"\" srcset=\"https:\/\/www.venicecitytours.it\/wp-content\/uploads\/2026\/02\/Progetto-senza-titolo-1-1536x864.jpg 1536w, https:\/\/www.venicecitytours.it\/wp-content\/uploads\/2026\/02\/Progetto-senza-titolo-1-300x169.jpg 300w, https:\/\/www.venicecitytours.it\/wp-content\/uploads\/2026\/02\/Progetto-senza-titolo-1-1024x576.jpg 1024w, https:\/\/www.venicecitytours.it\/wp-content\/uploads\/2026\/02\/Progetto-senza-titolo-1-768x432.jpg 768w, https:\/\/www.venicecitytours.it\/wp-content\/uploads\/2026\/02\/Progetto-senza-titolo-1.jpg 1920w\" sizes=\"(max-width: 1536px) 100vw, 1536px\" \/>\t\t\t\t\t\t\t\t\t\t\t\t\t\t\t<\/div>\n\t\t\t\t<\/div>\n\t\t\t\t<div class=\"elementor-element elementor-element-2ad3c58 elementor-widget elementor-widget-heading\" data-id=\"2ad3c58\" data-element_type=\"widget\" data-e-type=\"widget\" data-widget_type=\"heading.default\">\n\t\t\t\t<div class=\"elementor-widget-container\">\n\t\t\t\t\t<h2 class=\"elementor-heading-title elementor-size-default\">Venice City Tours: Rese\u00f1as, Premios y Reconocimientos Internationals  <\/h2>\t\t\t\t<\/div>\n\t\t\t\t<\/div>\n\t\t\t\t<div class=\"elementor-element elementor-element-c8c4f56 elementor-widget elementor-widget-text-editor\" data-id=\"c8c4f56\" data-element_type=\"widget\" data-e-type=\"widget\" data-widget_type=\"text-editor.default\">\n\t\t\t\t<div class=\"elementor-widget-container\">\n\t\t\t\t\t\t\t\t\t<p>De operador local veneciano a l\u00edder global en el sector de las experiencias tur\u00edsticas.<\/p><ol><li><h3><b> Los m\u00e1s elegidos en Venecia: El \u00e9xito en los n\u00fameros<\/b><\/h3><\/li><\/ol><p><span style=\"font-weight: 400;\">Somos el operador veneciano con la reputaci\u00f3n digital m\u00e1s s\u00f3lida. Nuestra dedicaci\u00f3n a la excelencia est\u00e1 confirmada por miles de testimonios verificados de viajeros que han explorado la ciudad con nosotros.<\/span><\/p><ul><li style=\"font-weight: 400;\" aria-level=\"1\"><b>L\u00edder por n\u00famero de rese\u00f1as:<\/b><span style=\"font-weight: 400;\"> En <\/span><a href=\"https:\/\/www.tripadvisor.es\"><span style=\"font-weight: 400;\">TripAdvisor<\/span><\/a><span style=\"font-weight: 400;\"> y Google, <\/span><a href=\"https:\/\/www.venicecitytours.it\/\"><span style=\"font-weight: 400;\">Venice City Tours<\/span><\/a><span style=\"font-weight: 400;\"> cuenta con m\u00e1s del doble de rese\u00f1as en comparaci\u00f3n con el promedio de los competidores locales.<\/span><\/li><li style=\"font-weight: 400;\" aria-level=\"1\"><b>Fiabilidad Certificada:<\/b><span style=\"font-weight: 400;\"> Como expertos locales, somos la elecci\u00f3n oficial para miles de visitantes que buscan <\/span><a href=\"https:\/\/www.google.com\/search?q=https:\/\/www.venicecitytours.it\/tour-in-gondola\/\"><span style=\"font-weight: 400;\">paseos en g\u00f3ndola<\/span><\/a><span style=\"font-weight: 400;\"> y recorridos a pie aut\u00e9nticos.<\/span><\/li><\/ul><ol start=\"2\"><li><h3><b> Premios Internacionales de Turismo<\/b><\/h3><\/li><\/ol><p><span style=\"font-weight: 400;\">Nuestras experiencias son reconocidas como las mejores del mundo por los expertos del sector y por millones de usuarios en las principales plataformas de viaje.<\/span><\/p><ul><li style=\"font-weight: 400;\" aria-level=\"1\"><span style=\"font-weight: 400;\">\ud83c\udfc6<\/span> <a href=\"https:\/\/www.tiqets.com\/es\/\"><b>Tiqets<\/b><\/a><b> Remarkable Venue Awards 2023<\/b> <b>GANADOR GLOBAL &#8211; Mejor Actividad:<\/b><span style=\"font-weight: 400;\"> Nuestro \u00abVenice Gondola Ride with Commentary\u00bb fue elegido Mejor Actividad del Mundo, superando a los finalistas de EE. UU., Reino Unido, Francia y Espa\u00f1a. Este reconocimiento global consolida nuestra posici\u00f3n en la cima de la industria.<\/span><\/li><li style=\"font-weight: 400;\" aria-level=\"1\"><span style=\"font-weight: 400;\">\ud83c\udfc6<\/span> <a href=\"https:\/\/www.klook.com\/es\/\"><b>Klook<\/b><\/a><b> Travel Awards 2024<\/b> <b>Mejor Tour Europeo (2023 y 2024):<\/b><span style=\"font-weight: 400;\"> Por dos a\u00f1os consecutivos, Klook ha premiado nuestra \u00abGrand Canal Gondola Experience with live commentary\u00bb como el Mejor Tour de Europa. El premio subraya nuestra capacidad para unir tradici\u00f3n e innovaci\u00f3n moderna.<\/span><\/li><\/ul><ol start=\"3\"><li><h3><b> L\u00edder en Innovaci\u00f3n: Una \u00abPhygital Company\u00bb (Excelencia B2B)<\/b><\/h3><\/li><\/ol><p><span style=\"font-weight: 400;\">Como Phygital Company, Venice Tours fusiona la tradicional hospitalidad veneciana con tecnolog\u00edas digitales de vanguardia.<\/span><\/p><ul><li style=\"font-weight: 400;\" aria-level=\"1\"><a href=\"https:\/\/arival.travel\/\"><b>Arival<\/b><\/a><b> Speaker &#8211; Giuseppe Mattiazzo:<\/b><span style=\"font-weight: 400;\"> Nuestro innovativo sistema de gesti\u00f3n de audiogu\u00edas fue seleccionado por Arival como modelo para el mercado internacional.<\/span><\/li><li style=\"font-weight: 400;\" aria-level=\"1\"><a href=\"https:\/\/www.bokun.io\/\"><b>Bokun<\/b><\/a><b> (TripAdvisor Group) Success Story:<\/b><span style=\"font-weight: 400;\"> Nuestro crecimiento digital y eficiencia en el marketplace son citados como Case History oficial por Bokun, el software de reservas l\u00edder en el mundo.<\/span><\/li><li style=\"font-weight: 400;\" aria-level=\"1\"><b>Travel Tech Summit:<\/b><span style=\"font-weight: 400;\"> Presentamos nuestra historia de \u00e9xito en el Travel Tech Europe y en el Travel Tech Tel Aviv, compartiendo nuestra experiencia en la digitalizaci\u00f3n de la experiencia de viaje.<\/span><\/li><\/ul><ol start=\"4\"><li><h3><b> Experiencias Virales: Elegidos por los Travel Influencer<\/b><\/h3><\/li><\/ol><p><span style=\"font-weight: 400;\">Cada d\u00eda, creadores de contenido y bloggers de viajes eligen Venice Tours para documentar su viaje.<\/span><\/p><ul><li style=\"font-weight: 400;\" aria-level=\"1\"><span style=\"font-weight: 400;\">\ud83c\udfa5<\/span> <b>Elizabeth Clem:<\/b><span style=\"font-weight: 400;\"> Incluy\u00f3 nuestro tour en g\u00f3ndola en su popular vlog \u00abA Day in Venice\u00bb.<\/span><\/li><li style=\"font-weight: 400;\" aria-level=\"1\"><span style=\"font-weight: 400;\">\ud83c\udfa5<\/span> <b>Tina H\u00fcgel:<\/b><span style=\"font-weight: 400;\"> Recomend\u00f3 nuestros servicios en su Gu\u00eda Oficial de Venecia 2024 por su excelente relaci\u00f3n calidad-precio.<\/span><\/li><li style=\"font-weight: 400;\" aria-level=\"1\"><span style=\"font-weight: 400;\">\ud83c\udfa5<\/span> <b>Through My Lens:<\/b><span style=\"font-weight: 400;\"> Destac\u00f3 c\u00f3mo nuestra tecnolog\u00eda de audiogu\u00eda crea una experiencia superior en comparaci\u00f3n con los tours tradicionales.<\/span><\/li><\/ul><ol start=\"5\"><li><h3><b> Socios Oficiales de Distribuci\u00f3n<\/b><\/h3><\/li><\/ol><p><span style=\"font-weight: 400;\">Puedes encontrar nuestros tours galardonados en las plataformas de viaje m\u00e1s fiables del mundo: <\/span><a href=\"https:\/\/www.getyourguide.es\"><span style=\"font-weight: 400;\">GetYourGuide<\/span><\/a><span style=\"font-weight: 400;\"> | <\/span><a href=\"https:\/\/www.viator.com\/es-ES\/\"><span style=\"font-weight: 400;\">Viator<\/span><\/a><span style=\"font-weight: 400;\"> | <\/span><a href=\"https:\/\/www.booking.com\"><span style=\"font-weight: 400;\">Booking.com<\/span><\/a><span style=\"font-weight: 400;\"> | <\/span><a href=\"https:\/\/www.expedia.es\"><span style=\"font-weight: 400;\">Expedia<\/span><\/a><span style=\"font-weight: 400;\"> | <\/span><a href=\"https:\/\/www.tiqets.com\/es\/\"><span style=\"font-weight: 400;\">Tiqets<\/span><\/a><span style=\"font-weight: 400;\"> | <\/span><a href=\"https:\/\/www.headout.com\"><span style=\"font-weight: 400;\">Headout<\/span><\/a><span style=\"font-weight: 400;\"> | <\/span><a href=\"https:\/\/www.airbnb.es\"><span style=\"font-weight: 400;\">Airbnb<\/span><\/a><span style=\"font-weight: 400;\"> | <\/span><a href=\"https:\/\/www.klook.com\/es\/\"><span style=\"font-weight: 400;\">Klook<\/span><\/a><\/p><ol start=\"6\"><li><h3><b> Venice City Tours Academy: Nuestro Est\u00e1ndar de Qualidad<\/b><\/h3><\/li><\/ol><p><span style=\"font-weight: 400;\">La excelencia no nace por casualidad. A trav\u00e9s de la Venice City Tours Academy, formamos internamente a nuestro personal y a nuestros gu\u00edas para garantizar un est\u00e1ndar de hospitalidad \u00fanico.<\/span><\/p><p><b>Vive la experiencia de tour mejor valorada del mundo.<\/b> <a href=\"https:\/\/www.venicecitytours.it\/\">Reserva tu Tour<\/a> | <a href=\"https:\/\/www.venicecitytours.it\/contatti\/\">Cont\u00e1ctanos para Colaboraciones<\/a><\/p>\t\t\t\t\t\t\t\t<\/div>\n\t\t\t\t<\/div>\n\t\t\t\t<\/div>\n\t\t\t\t<\/div>\n\t\t","protected":false},"excerpt":{"rendered":"<p>Venice City Tours: Rese\u00f1as, Premios y Reconocimientos Internationals De operador local veneciano a l\u00edder global en el sector de las experiencias tur\u00edsticas. Los m\u00e1s elegidos en Venecia: El \u00e9xito en los n\u00fameros Somos el operador veneciano con la reputaci\u00f3n digital m\u00e1s s\u00f3lida. Nuestra dedicaci\u00f3n a la excelencia est\u00e1 confirmada por miles de testimonios verificados de [&hellip;]<\/p>\n","protected":false},"author":3,"featured_media":0,"parent":0,"menu_order":0,"comment_status":"closed","ping_status":"closed","template":"","meta":{"_acf_changed":false,"footnotes":""},"class_list":["post-25335","page","type-page","status-publish","hentry"],"acf":[],"yoast_head":"<!-- This site is optimized with the Yoast SEO Premium plugin v27.1 (Yoast SEO v27.1.1) - https:\/\/yoast.com\/product\/yoast-seo-premium-wordpress\/ -->\n<title>Hablan de Nosotros | Venice Tours<\/title>\n<meta name=\"description\" content=\"Descubre el mejor tour en g\u00f3ndola en Venecia: una experiencia galardonada con miles de excelentes rese\u00f1as y reconocimiento internacional.\" \/>\n<meta name=\"robots\" content=\"index, follow, max-snippet:-1, max-image-preview:large, max-video-preview:-1\" \/>\n<link rel=\"canonical\" href=\"https:\/\/www.venicecitytours.it\/es\/hablan-de-nosotros\/\" \/>\n<meta property=\"og:locale\" content=\"es_ES\" \/>\n<meta property=\"og:type\" content=\"article\" \/>\n<meta property=\"og:title\" content=\"Hablan de Nosotros\" \/>\n<meta property=\"og:description\" content=\"Descubre el mejor tour en g\u00f3ndola en Venecia: una experiencia galardonada con miles de excelentes rese\u00f1as y reconocimiento internacional.\" \/>\n<meta property=\"og:url\" content=\"https:\/\/www.venicecitytours.it\/es\/hablan-de-nosotros\/\" \/>\n<meta property=\"og:site_name\" content=\"Venice Tours\" \/>\n<meta property=\"article:publisher\" content=\"https:\/\/www.facebook.com\/venicecitytours\" \/>\n<meta property=\"article:modified_time\" content=\"2026-02-18T11:27:12+00:00\" \/>\n<meta property=\"og:image\" content=\"https:\/\/www.venicecitytours.it\/wp-content\/uploads\/2026\/02\/Progetto-senza-titolo-1.jpg\" \/>\n\t<meta property=\"og:image:width\" content=\"1920\" \/>\n\t<meta property=\"og:image:height\" content=\"1080\" \/>\n\t<meta property=\"og:image:type\" content=\"image\/jpeg\" \/>\n<meta name=\"twitter:card\" content=\"summary_large_image\" \/>\n<meta name=\"twitter:label1\" content=\"Tiempo de lectura\" \/>\n\t<meta name=\"twitter:data1\" content=\"3 minutos\" \/>\n<script type=\"application\/ld+json\" class=\"yoast-schema-graph\">{\"@context\":\"https:\/\/schema.org\",\"@graph\":[{\"@type\":\"WebPage\",\"@id\":\"https:\/\/www.venicecitytours.it\/es\/hablan-de-nosotros\/\",\"url\":\"https:\/\/www.venicecitytours.it\/es\/hablan-de-nosotros\/\",\"name\":\"Hablan de Nosotros | Venice Tours\",\"isPartOf\":{\"@id\":\"https:\/\/www.venicecitytours.it\/#website\"},\"primaryImageOfPage\":{\"@id\":\"https:\/\/www.venicecitytours.it\/es\/hablan-de-nosotros\/#primaryimage\"},\"image\":{\"@id\":\"https:\/\/www.venicecitytours.it\/es\/hablan-de-nosotros\/#primaryimage\"},\"thumbnailUrl\":\"https:\/\/www.venicecitytours.it\/wp-content\/uploads\/2026\/02\/Progetto-senza-titolo-1-1536x864.jpg\",\"datePublished\":\"2026-02-17T16:35:03+00:00\",\"dateModified\":\"2026-02-18T11:27:12+00:00\",\"description\":\"Descubre el mejor tour en g\u00f3ndola en Venecia: una experiencia galardonada con miles de excelentes rese\u00f1as y reconocimiento internacional.\",\"breadcrumb\":{\"@id\":\"https:\/\/www.venicecitytours.it\/es\/hablan-de-nosotros\/#breadcrumb\"},\"inLanguage\":\"es\",\"potentialAction\":[{\"@type\":\"ReadAction\",\"target\":[\"https:\/\/www.venicecitytours.it\/es\/hablan-de-nosotros\/\"]}]},{\"@type\":\"ImageObject\",\"inLanguage\":\"es\",\"@id\":\"https:\/\/www.venicecitytours.it\/es\/hablan-de-nosotros\/#primaryimage\",\"url\":\"https:\/\/www.venicecitytours.it\/wp-content\/uploads\/2026\/02\/Progetto-senza-titolo-1-1536x864.jpg\",\"contentUrl\":\"https:\/\/www.venicecitytours.it\/wp-content\/uploads\/2026\/02\/Progetto-senza-titolo-1-1536x864.jpg\"},{\"@type\":\"BreadcrumbList\",\"@id\":\"https:\/\/www.venicecitytours.it\/es\/hablan-de-nosotros\/#breadcrumb\",\"itemListElement\":[{\"@type\":\"ListItem\",\"position\":1,\"name\":\"Home\",\"item\":\"https:\/\/www.venicecitytours.it\/es\/\"},{\"@type\":\"ListItem\",\"position\":2,\"name\":\"Hablan de Nosotros\"}]},{\"@type\":\"WebSite\",\"@id\":\"https:\/\/www.venicecitytours.it\/#website\",\"url\":\"https:\/\/www.venicecitytours.it\/\",\"name\":\"Venice City Tours\",\"description\":\"\",\"publisher\":{\"@id\":\"https:\/\/www.venicecitytours.it\/#organization\"},\"potentialAction\":[{\"@type\":\"SearchAction\",\"target\":{\"@type\":\"EntryPoint\",\"urlTemplate\":\"https:\/\/www.venicecitytours.it\/?s={search_term_string}\"},\"query-input\":{\"@type\":\"PropertyValueSpecification\",\"valueRequired\":true,\"valueName\":\"search_term_string\"}}],\"inLanguage\":\"es\"},{\"@type\":\"Organization\",\"@id\":\"https:\/\/www.venicecitytours.it\/#organization\",\"name\":\"Venice Tours S.r.l.\",\"url\":\"https:\/\/www.venicecitytours.it\/\",\"logo\":{\"@type\":\"ImageObject\",\"inLanguage\":\"es\",\"@id\":\"https:\/\/www.venicecitytours.it\/#\/schema\/logo\/image\/\",\"url\":\"https:\/\/www.venicecitytours.it\/wp-content\/uploads\/2026\/01\/logo-venice-city-tours.jpg\",\"contentUrl\":\"https:\/\/www.venicecitytours.it\/wp-content\/uploads\/2026\/01\/logo-venice-city-tours.jpg\",\"width\":562,\"height\":588,\"caption\":\"Venice Tours S.r.l.\"},\"image\":{\"@id\":\"https:\/\/www.venicecitytours.it\/#\/schema\/logo\/image\/\"},\"sameAs\":[\"https:\/\/www.facebook.com\/venicecitytours\"],\"description\":\"Esperienze uniche a Venezia con Venice City Tours. Esplora ogni angolo di Venezia con esperienze su misura che ti porteranno oltre i luoghi comuni. Dai romantici giri in gondola ai tour esclusivi di Piazza San Marco, dalle tradizioni artigianali alle affascinanti isole della laguna, vivi la citt\u00e0 attraverso le sue meraviglie pi\u00f9 autentiche. Scopri cosa rende Venezia davvero unica!\",\"email\":\"booking@venicecitytours.it\",\"telephone\":\"+39 0414 761926\",\"legalName\":\"Venice Tours Srl\",\"vatID\":\"04351870276\",\"taxID\":\"04351870276\",\"numberOfEmployees\":{\"@type\":\"QuantitativeValue\",\"minValue\":\"1\",\"maxValue\":\"10\"}}]}<\/script>\n<!-- \/ Yoast SEO Premium plugin. -->","yoast_head_json":{"title":"Hablan de Nosotros | Venice Tours","description":"Descubre el mejor tour en g\u00f3ndola en Venecia: una experiencia galardonada con miles de excelentes rese\u00f1as y reconocimiento internacional.","robots":{"index":"index","follow":"follow","max-snippet":"max-snippet:-1","max-image-preview":"max-image-preview:large","max-video-preview":"max-video-preview:-1"},"canonical":"https:\/\/www.venicecitytours.it\/es\/hablan-de-nosotros\/","og_locale":"es_ES","og_type":"article","og_title":"Hablan de Nosotros","og_description":"Descubre el mejor tour en g\u00f3ndola en Venecia: una experiencia galardonada con miles de excelentes rese\u00f1as y reconocimiento internacional.","og_url":"https:\/\/www.venicecitytours.it\/es\/hablan-de-nosotros\/","og_site_name":"Venice Tours","article_publisher":"https:\/\/www.facebook.com\/venicecitytours","article_modified_time":"2026-02-18T11:27:12+00:00","og_image":[{"width":1920,"height":1080,"url":"https:\/\/www.venicecitytours.it\/wp-content\/uploads\/2026\/02\/Progetto-senza-titolo-1.jpg","type":"image\/jpeg"}],"twitter_card":"summary_large_image","twitter_misc":{"Tiempo de lectura":"3 minutos"},"schema":{"@context":"https:\/\/schema.org","@graph":[{"@type":"WebPage","@id":"https:\/\/www.venicecitytours.it\/es\/hablan-de-nosotros\/","url":"https:\/\/www.venicecitytours.it\/es\/hablan-de-nosotros\/","name":"Hablan de Nosotros | Venice Tours","isPartOf":{"@id":"https:\/\/www.venicecitytours.it\/#website"},"primaryImageOfPage":{"@id":"https:\/\/www.venicecitytours.it\/es\/hablan-de-nosotros\/#primaryimage"},"image":{"@id":"https:\/\/www.venicecitytours.it\/es\/hablan-de-nosotros\/#primaryimage"},"thumbnailUrl":"https:\/\/www.venicecitytours.it\/wp-content\/uploads\/2026\/02\/Progetto-senza-titolo-1-1536x864.jpg","datePublished":"2026-02-17T16:35:03+00:00","dateModified":"2026-02-18T11:27:12+00:00","description":"Descubre el mejor tour en g\u00f3ndola en Venecia: una experiencia galardonada con miles de excelentes rese\u00f1as y reconocimiento internacional.","breadcrumb":{"@id":"https:\/\/www.venicecitytours.it\/es\/hablan-de-nosotros\/#breadcrumb"},"inLanguage":"es","potentialAction":[{"@type":"ReadAction","target":["https:\/\/www.venicecitytours.it\/es\/hablan-de-nosotros\/"]}]},{"@type":"ImageObject","inLanguage":"es","@id":"https:\/\/www.venicecitytours.it\/es\/hablan-de-nosotros\/#primaryimage","url":"https:\/\/www.venicecitytours.it\/wp-content\/uploads\/2026\/02\/Progetto-senza-titolo-1-1536x864.jpg","contentUrl":"https:\/\/www.venicecitytours.it\/wp-content\/uploads\/2026\/02\/Progetto-senza-titolo-1-1536x864.jpg"},{"@type":"BreadcrumbList","@id":"https:\/\/www.venicecitytours.it\/es\/hablan-de-nosotros\/#breadcrumb","itemListElement":[{"@type":"ListItem","position":1,"name":"Home","item":"https:\/\/www.venicecitytours.it\/es\/"},{"@type":"ListItem","position":2,"name":"Hablan de Nosotros"}]},{"@type":"WebSite","@id":"https:\/\/www.venicecitytours.it\/#website","url":"https:\/\/www.venicecitytours.it\/","name":"Venice City Tours","description":"","publisher":{"@id":"https:\/\/www.venicecitytours.it\/#organization"},"potentialAction":[{"@type":"SearchAction","target":{"@type":"EntryPoint","urlTemplate":"https:\/\/www.venicecitytours.it\/?s={search_term_string}"},"query-input":{"@type":"PropertyValueSpecification","valueRequired":true,"valueName":"search_term_string"}}],"inLanguage":"es"},{"@type":"Organization","@id":"https:\/\/www.venicecitytours.it\/#organization","name":"Venice Tours S.r.l.","url":"https:\/\/www.venicecitytours.it\/","logo":{"@type":"ImageObject","inLanguage":"es","@id":"https:\/\/www.venicecitytours.it\/#\/schema\/logo\/image\/","url":"https:\/\/www.venicecitytours.it\/wp-content\/uploads\/2026\/01\/logo-venice-city-tours.jpg","contentUrl":"https:\/\/www.venicecitytours.it\/wp-content\/uploads\/2026\/01\/logo-venice-city-tours.jpg","width":562,"height":588,"caption":"Venice Tours S.r.l."},"image":{"@id":"https:\/\/www.venicecitytours.it\/#\/schema\/logo\/image\/"},"sameAs":["https:\/\/www.facebook.com\/venicecitytours"],"description":"Esperienze uniche a Venezia con Venice City Tours. Esplora ogni angolo di Venezia con esperienze su misura che ti porteranno oltre i luoghi comuni. Dai romantici giri in gondola ai tour esclusivi di Piazza San Marco, dalle tradizioni artigianali alle affascinanti isole della laguna, vivi la citt\u00e0 attraverso le sue meraviglie pi\u00f9 autentiche. Scopri cosa rende Venezia davvero unica!","email":"booking@venicecitytours.it","telephone":"+39 0414 761926","legalName":"Venice Tours Srl","vatID":"04351870276","taxID":"04351870276","numberOfEmployees":{"@type":"QuantitativeValue","minValue":"1","maxValue":"10"}}]}},"_links":{"self":[{"href":"https:\/\/www.venicecitytours.it\/es\/wp-json\/wp\/v2\/pages\/25335","targetHints":{"allow":["GET"]}}],"collection":[{"href":"https:\/\/www.venicecitytours.it\/es\/wp-json\/wp\/v2\/pages"}],"about":[{"href":"https:\/\/www.venicecitytours.it\/es\/wp-json\/wp\/v2\/types\/page"}],"author":[{"embeddable":true,"href":"https:\/\/www.venicecitytours.it\/es\/wp-json\/wp\/v2\/users\/3"}],"replies":[{"embeddable":true,"href":"https:\/\/www.venicecitytours.it\/es\/wp-json\/wp\/v2\/comments?post=25335"}],"version-history":[{"count":0,"href":"https:\/\/www.venicecitytours.it\/es\/wp-json\/wp\/v2\/pages\/25335\/revisions"}],"wp:attachment":[{"href":"https:\/\/www.venicecitytours.it\/es\/wp-json\/wp\/v2\/media?parent=25335"}],"curies":[{"name":"wp","href":"https:\/\/api.w.org\/{rel}","templated":true}]}}