{"id":15691,"date":"2025-02-06T08:45:38","date_gmt":"2025-02-06T07:45:38","guid":{"rendered":"https:\/\/www.venicecitytours.it\/agents\/"},"modified":"2025-07-07T08:43:06","modified_gmt":"2025-07-07T06:43:06","slug":"agents","status":"publish","type":"page","link":"https:\/\/www.venicecitytours.it\/fr\/agents\/","title":{"rendered":"Agents"},"content":{"rendered":"\t\t<div data-elementor-type=\"wp-page\" data-elementor-id=\"15691\" class=\"elementor elementor-15691 elementor-10008\" data-elementor-post-type=\"page\">\n\t\t\t\t\t\t<section class=\"elementor-section elementor-top-section elementor-element elementor-element-4d133e96 elementor-section-boxed elementor-section-height-default elementor-section-height-default\" data-id=\"4d133e96\" data-element_type=\"section\" data-e-type=\"section\" data-settings=\"{&quot;background_background&quot;:&quot;classic&quot;,&quot;shape_divider_bottom&quot;:&quot;curve&quot;,&quot;shape_divider_bottom_negative&quot;:&quot;yes&quot;}\">\n\t\t\t\t\t<div class=\"elementor-shape elementor-shape-bottom\" aria-hidden=\"true\" data-negative=\"true\">\n\t\t\t<svg xmlns=\"http:\/\/www.w3.org\/2000\/svg\" viewBox=\"0 0 1000 100\" preserveAspectRatio=\"none\">\n\t<path class=\"elementor-shape-fill\" d=\"M500,97C126.7,96.3,0.8,19.8,0,0v100l1000,0V1C1000,19.4,873.3,97.8,500,97z\"\/>\n<\/svg>\t\t<\/div>\n\t\t\t\t\t<div class=\"elementor-container elementor-column-gap-no\">\n\t\t\t\t\t<div class=\"elementor-column elementor-col-100 elementor-top-column elementor-element elementor-element-1efc410f\" data-id=\"1efc410f\" data-element_type=\"column\" data-e-type=\"column\">\n\t\t\t<div class=\"elementor-widget-wrap elementor-element-populated\">\n\t\t\t\t\t\t<div class=\"elementor-element elementor-element-55190af1 elementor-widget elementor-widget-heading\" data-id=\"55190af1\" data-element_type=\"widget\" data-e-type=\"widget\" data-widget_type=\"heading.default\">\n\t\t\t\t<div class=\"elementor-widget-container\">\n\t\t\t\t\t<h1 class=\"elementor-heading-title elementor-size-default\">Agents\n<\/h1>\t\t\t\t<\/div>\n\t\t\t\t<\/div>\n\t\t\t\t<div class=\"elementor-element elementor-element-4b96c5c elementor-widget elementor-widget-heading\" data-id=\"4b96c5c\" data-element_type=\"widget\" data-e-type=\"widget\" data-widget_type=\"heading.default\">\n\t\t\t\t<div class=\"elementor-widget-container\">\n\t\t\t\t\t<h3 class=\"elementor-heading-title elementor-size-default\">Ajoutez votre code promo et r\u00e9servez votre tour<\/h3>\t\t\t\t<\/div>\n\t\t\t\t<\/div>\n\t\t\t\t\t<\/div>\n\t\t<\/div>\n\t\t\t\t\t<\/div>\n\t\t<\/section>\n\t\t\t\t<section class=\"elementor-section elementor-top-section elementor-element elementor-element-31ba37b5 elementor-section-boxed elementor-section-height-default elementor-section-height-default\" data-id=\"31ba37b5\" data-element_type=\"section\" data-e-type=\"section\">\n\t\t\t\t\t\t<div class=\"elementor-container elementor-column-gap-no\">\n\t\t\t\t\t<div class=\"elementor-column elementor-col-100 elementor-top-column elementor-element elementor-element-065c8c2\" data-id=\"065c8c2\" data-element_type=\"column\" data-e-type=\"column\">\n\t\t\t<div class=\"elementor-widget-wrap\">\n\t\t\t\t\t\t\t<\/div>\n\t\t<\/div>\n\t\t\t\t\t<\/div>\n\t\t<\/section>\n\t\t<div class=\"elementor-element elementor-element-7f74c4c e-flex e-con-boxed e-con e-parent\" data-id=\"7f74c4c\" data-element_type=\"container\" data-e-type=\"container\">\n\t\t\t\t\t<div class=\"e-con-inner\">\n\t\t\t\t<div class=\"elementor-element elementor-element-1d9ba6a elementor-widget elementor-widget-html\" data-id=\"1d9ba6a\" data-element_type=\"widget\" data-e-type=\"widget\" data-widget_type=\"html.default\">\n\t\t\t\t<div class=\"elementor-widget-container\">\n\t\t\t\t\t<script type=\"text\/javascript\" src=\"https:\/\/widgets.bokun.io\/assets\/javascripts\/apps\/build\/BokunWidgetsLoader.js?bookingChannelUUID=9fc1037d-f686-4356-8b63-74c47eccc293\" async=\"\"><\/script>\r\n     \r\n    <div class=\"bokunWidget\" data-src=\"https:\/\/widgets.bokun.io\/online-sales\/9fc1037d-f686-4356-8b63-74c47eccc293\/product-list\/67659\"><\/div>\r\n    <noscript>Veuillez activer le javascript dans votre navigateur pour r\u00e9server<\/noscript>\r\n\t\t\t\t<\/div>\n\t\t\t\t<\/div>\n\t\t\t\t\t<\/div>\n\t\t\t\t<\/div>\n\t\t<div class=\"elementor-element elementor-element-45ef568 e-flex e-con-boxed e-con e-parent\" data-id=\"45ef568\" data-element_type=\"container\" data-e-type=\"container\">\n\t\t\t\t\t<div class=\"e-con-inner\">\n\t\t\t\t\t<\/div>\n\t\t\t\t<\/div>\n\t\t\t\t<\/div>\n\t\t","protected":false},"excerpt":{"rendered":"<p>Agents Ajoutez votre code promo et r\u00e9servez votre tour Veuillez activer le javascript dans votre navigateur pour r\u00e9server<\/p>\n","protected":false},"author":2,"featured_media":0,"parent":0,"menu_order":0,"comment_status":"closed","ping_status":"closed","template":"","meta":{"_acf_changed":false,"footnotes":""},"class_list":["post-15691","page","type-page","status-publish","hentry"],"acf":[],"yoast_head":"<!-- This site is optimized with the Yoast SEO Premium plugin v27.1 (Yoast SEO v27.1.1) - https:\/\/yoast.com\/product\/yoast-seo-premium-wordpress\/ -->\n<title>Agents | Venice Tours<\/title>\n<meta name=\"description\" content=\"Offres d\u00e9di\u00e9es aux agents de voyage : tarifs exclusifs, collaborations sur mesure et support pour organiser des visites \u00e0 Venise.\" \/>\n<meta name=\"robots\" content=\"index, follow, max-snippet:-1, max-image-preview:large, max-video-preview:-1\" \/>\n<link rel=\"canonical\" href=\"https:\/\/www.venicecitytours.it\/fr\/agents\/\" \/>\n<meta property=\"og:locale\" content=\"fr_FR\" \/>\n<meta property=\"og:type\" content=\"article\" \/>\n<meta property=\"og:title\" content=\"Agents\" \/>\n<meta property=\"og:description\" content=\"Offres d\u00e9di\u00e9es aux agents de voyage : tarifs exclusifs, collaborations sur mesure et support pour organiser des visites \u00e0 Venise.\" \/>\n<meta property=\"og:url\" content=\"https:\/\/www.venicecitytours.it\/fr\/agents\/\" \/>\n<meta property=\"og:site_name\" content=\"Venice Tours\" \/>\n<meta property=\"article:publisher\" content=\"https:\/\/www.facebook.com\/venicecitytours\" \/>\n<meta property=\"article:modified_time\" content=\"2025-07-07T06:43:06+00:00\" \/>\n<meta name=\"twitter:card\" content=\"summary_large_image\" \/>\n<meta name=\"twitter:label1\" content=\"Dur\u00e9e de lecture estim\u00e9e\" \/>\n\t<meta name=\"twitter:data1\" content=\"1 minute\" \/>\n<script type=\"application\/ld+json\" class=\"yoast-schema-graph\">{\"@context\":\"https:\/\/schema.org\",\"@graph\":[{\"@type\":\"WebPage\",\"@id\":\"https:\/\/www.venicecitytours.it\/fr\/agents\/\",\"url\":\"https:\/\/www.venicecitytours.it\/fr\/agents\/\",\"name\":\"Agents | Venice Tours\",\"isPartOf\":{\"@id\":\"https:\/\/www.venicecitytours.it\/#website\"},\"datePublished\":\"2025-02-06T07:45:38+00:00\",\"dateModified\":\"2025-07-07T06:43:06+00:00\",\"description\":\"Offres d\u00e9di\u00e9es aux agents de voyage : tarifs exclusifs, collaborations sur mesure et support pour organiser des visites \u00e0 Venise.\",\"breadcrumb\":{\"@id\":\"https:\/\/www.venicecitytours.it\/fr\/agents\/#breadcrumb\"},\"inLanguage\":\"fr-FR\",\"potentialAction\":[{\"@type\":\"ReadAction\",\"target\":[\"https:\/\/www.venicecitytours.it\/fr\/agents\/\"]}]},{\"@type\":\"BreadcrumbList\",\"@id\":\"https:\/\/www.venicecitytours.it\/fr\/agents\/#breadcrumb\",\"itemListElement\":[{\"@type\":\"ListItem\",\"position\":1,\"name\":\"Home\",\"item\":\"https:\/\/www.venicecitytours.it\/fr\/\"},{\"@type\":\"ListItem\",\"position\":2,\"name\":\"Agents\"}]},{\"@type\":\"WebSite\",\"@id\":\"https:\/\/www.venicecitytours.it\/#website\",\"url\":\"https:\/\/www.venicecitytours.it\/\",\"name\":\"Venice City Tours\",\"description\":\"\",\"publisher\":{\"@id\":\"https:\/\/www.venicecitytours.it\/#organization\"},\"potentialAction\":[{\"@type\":\"SearchAction\",\"target\":{\"@type\":\"EntryPoint\",\"urlTemplate\":\"https:\/\/www.venicecitytours.it\/?s={search_term_string}\"},\"query-input\":{\"@type\":\"PropertyValueSpecification\",\"valueRequired\":true,\"valueName\":\"search_term_string\"}}],\"inLanguage\":\"fr-FR\"},{\"@type\":\"Organization\",\"@id\":\"https:\/\/www.venicecitytours.it\/#organization\",\"name\":\"Venice Tours S.r.l.\",\"url\":\"https:\/\/www.venicecitytours.it\/\",\"logo\":{\"@type\":\"ImageObject\",\"inLanguage\":\"fr-FR\",\"@id\":\"https:\/\/www.venicecitytours.it\/#\/schema\/logo\/image\/\",\"url\":\"https:\/\/www.venicecitytours.it\/wp-content\/uploads\/2026\/01\/logo-venice-city-tours.jpg\",\"contentUrl\":\"https:\/\/www.venicecitytours.it\/wp-content\/uploads\/2026\/01\/logo-venice-city-tours.jpg\",\"width\":562,\"height\":588,\"caption\":\"Venice Tours S.r.l.\"},\"image\":{\"@id\":\"https:\/\/www.venicecitytours.it\/#\/schema\/logo\/image\/\"},\"sameAs\":[\"https:\/\/www.facebook.com\/venicecitytours\"],\"description\":\"Esperienze uniche a Venezia con Venice City Tours. Esplora ogni angolo di Venezia con esperienze su misura che ti porteranno oltre i luoghi comuni. Dai romantici giri in gondola ai tour esclusivi di Piazza San Marco, dalle tradizioni artigianali alle affascinanti isole della laguna, vivi la citt\u00e0 attraverso le sue meraviglie pi\u00f9 autentiche. Scopri cosa rende Venezia davvero unica!\",\"email\":\"booking@venicecitytours.it\",\"telephone\":\"+39 0414 761926\",\"legalName\":\"Venice Tours Srl\",\"vatID\":\"04351870276\",\"taxID\":\"04351870276\",\"numberOfEmployees\":{\"@type\":\"QuantitativeValue\",\"minValue\":\"1\",\"maxValue\":\"10\"}}]}<\/script>\n<!-- \/ Yoast SEO Premium plugin. -->","yoast_head_json":{"title":"Agents | Venice Tours","description":"Offres d\u00e9di\u00e9es aux agents de voyage : tarifs exclusifs, collaborations sur mesure et support pour organiser des visites \u00e0 Venise.","robots":{"index":"index","follow":"follow","max-snippet":"max-snippet:-1","max-image-preview":"max-image-preview:large","max-video-preview":"max-video-preview:-1"},"canonical":"https:\/\/www.venicecitytours.it\/fr\/agents\/","og_locale":"fr_FR","og_type":"article","og_title":"Agents","og_description":"Offres d\u00e9di\u00e9es aux agents de voyage : tarifs exclusifs, collaborations sur mesure et support pour organiser des visites \u00e0 Venise.","og_url":"https:\/\/www.venicecitytours.it\/fr\/agents\/","og_site_name":"Venice Tours","article_publisher":"https:\/\/www.facebook.com\/venicecitytours","article_modified_time":"2025-07-07T06:43:06+00:00","twitter_card":"summary_large_image","twitter_misc":{"Dur\u00e9e de lecture estim\u00e9e":"1 minute"},"schema":{"@context":"https:\/\/schema.org","@graph":[{"@type":"WebPage","@id":"https:\/\/www.venicecitytours.it\/fr\/agents\/","url":"https:\/\/www.venicecitytours.it\/fr\/agents\/","name":"Agents | Venice Tours","isPartOf":{"@id":"https:\/\/www.venicecitytours.it\/#website"},"datePublished":"2025-02-06T07:45:38+00:00","dateModified":"2025-07-07T06:43:06+00:00","description":"Offres d\u00e9di\u00e9es aux agents de voyage : tarifs exclusifs, collaborations sur mesure et support pour organiser des visites \u00e0 Venise.","breadcrumb":{"@id":"https:\/\/www.venicecitytours.it\/fr\/agents\/#breadcrumb"},"inLanguage":"fr-FR","potentialAction":[{"@type":"ReadAction","target":["https:\/\/www.venicecitytours.it\/fr\/agents\/"]}]},{"@type":"BreadcrumbList","@id":"https:\/\/www.venicecitytours.it\/fr\/agents\/#breadcrumb","itemListElement":[{"@type":"ListItem","position":1,"name":"Home","item":"https:\/\/www.venicecitytours.it\/fr\/"},{"@type":"ListItem","position":2,"name":"Agents"}]},{"@type":"WebSite","@id":"https:\/\/www.venicecitytours.it\/#website","url":"https:\/\/www.venicecitytours.it\/","name":"Venice City Tours","description":"","publisher":{"@id":"https:\/\/www.venicecitytours.it\/#organization"},"potentialAction":[{"@type":"SearchAction","target":{"@type":"EntryPoint","urlTemplate":"https:\/\/www.venicecitytours.it\/?s={search_term_string}"},"query-input":{"@type":"PropertyValueSpecification","valueRequired":true,"valueName":"search_term_string"}}],"inLanguage":"fr-FR"},{"@type":"Organization","@id":"https:\/\/www.venicecitytours.it\/#organization","name":"Venice Tours S.r.l.","url":"https:\/\/www.venicecitytours.it\/","logo":{"@type":"ImageObject","inLanguage":"fr-FR","@id":"https:\/\/www.venicecitytours.it\/#\/schema\/logo\/image\/","url":"https:\/\/www.venicecitytours.it\/wp-content\/uploads\/2026\/01\/logo-venice-city-tours.jpg","contentUrl":"https:\/\/www.venicecitytours.it\/wp-content\/uploads\/2026\/01\/logo-venice-city-tours.jpg","width":562,"height":588,"caption":"Venice Tours S.r.l."},"image":{"@id":"https:\/\/www.venicecitytours.it\/#\/schema\/logo\/image\/"},"sameAs":["https:\/\/www.facebook.com\/venicecitytours"],"description":"Esperienze uniche a Venezia con Venice City Tours. Esplora ogni angolo di Venezia con esperienze su misura che ti porteranno oltre i luoghi comuni. Dai romantici giri in gondola ai tour esclusivi di Piazza San Marco, dalle tradizioni artigianali alle affascinanti isole della laguna, vivi la citt\u00e0 attraverso le sue meraviglie pi\u00f9 autentiche. Scopri cosa rende Venezia davvero unica!","email":"booking@venicecitytours.it","telephone":"+39 0414 761926","legalName":"Venice Tours Srl","vatID":"04351870276","taxID":"04351870276","numberOfEmployees":{"@type":"QuantitativeValue","minValue":"1","maxValue":"10"}}]}},"_links":{"self":[{"href":"https:\/\/www.venicecitytours.it\/fr\/wp-json\/wp\/v2\/pages\/15691","targetHints":{"allow":["GET"]}}],"collection":[{"href":"https:\/\/www.venicecitytours.it\/fr\/wp-json\/wp\/v2\/pages"}],"about":[{"href":"https:\/\/www.venicecitytours.it\/fr\/wp-json\/wp\/v2\/types\/page"}],"author":[{"embeddable":true,"href":"https:\/\/www.venicecitytours.it\/fr\/wp-json\/wp\/v2\/users\/2"}],"replies":[{"embeddable":true,"href":"https:\/\/www.venicecitytours.it\/fr\/wp-json\/wp\/v2\/comments?post=15691"}],"version-history":[{"count":0,"href":"https:\/\/www.venicecitytours.it\/fr\/wp-json\/wp\/v2\/pages\/15691\/revisions"}],"wp:attachment":[{"href":"https:\/\/www.venicecitytours.it\/fr\/wp-json\/wp\/v2\/media?parent=15691"}],"curies":[{"name":"wp","href":"https:\/\/api.w.org\/{rel}","templated":true}]}}