{"id":23631,"date":"2026-01-07T12:16:11","date_gmt":"2026-01-07T11:16:11","guid":{"rendered":"https:\/\/www.venicecitytours.it\/academy\/"},"modified":"2026-01-07T12:35:02","modified_gmt":"2026-01-07T11:35:02","slug":"academy","status":"publish","type":"page","link":"https:\/\/www.venicecitytours.it\/fr\/academy\/","title":{"rendered":"Academy"},"content":{"rendered":"\t\t<div data-elementor-type=\"wp-page\" data-elementor-id=\"23631\" class=\"elementor elementor-23631 elementor-23574\" data-elementor-post-type=\"page\">\n\t\t\t\t<div class=\"elementor-element elementor-element-6876b24 e-flex e-con-boxed e-con e-parent\" data-id=\"6876b24\" data-element_type=\"container\" data-e-type=\"container\">\n\t\t\t\t\t<div class=\"e-con-inner\">\n\t\t\t\t\t<\/div>\n\t\t\t\t<\/div>\n\t\t<div class=\"elementor-element elementor-element-dece8c2 e-flex e-con-boxed e-con e-parent\" data-id=\"dece8c2\" data-element_type=\"container\" data-e-type=\"container\">\n\t\t\t\t\t<div class=\"e-con-inner\">\n\t\t\t\t<div class=\"elementor-element elementor-element-e3edd65 elementor-widget elementor-widget-image\" data-id=\"e3edd65\" data-element_type=\"widget\" data-e-type=\"widget\" data-widget_type=\"image.default\">\n\t\t\t\t<div class=\"elementor-widget-container\">\n\t\t\t\t\t\t\t\t\t\t\t\t\t\t\t<img fetchpriority=\"high\" decoding=\"async\" width=\"1300\" height=\"650\" src=\"https:\/\/www.venicecitytours.it\/wp-content\/uploads\/2026\/01\/Fotolia_43685068_M-1300x650.jpg\" class=\"attachment-qi_addons_for_elementor_image_size_landscape size-qi_addons_for_elementor_image_size_landscape wp-image-23602\" alt=\"\" \/>\t\t\t\t\t\t\t\t\t\t\t\t\t\t\t<\/div>\n\t\t\t\t<\/div>\n\t\t\t\t<div class=\"elementor-element elementor-element-23e8a06 elementor-widget elementor-widget-heading\" data-id=\"23e8a06\" data-element_type=\"widget\" data-e-type=\"widget\" data-widget_type=\"heading.default\">\n\t\t\t\t<div class=\"elementor-widget-container\">\n\t\t\t\t\t<h2 class=\"elementor-heading-title elementor-size-default\">Venice Tours Academy<\/h2>\t\t\t\t<\/div>\n\t\t\t\t<\/div>\n\t\t\t\t<div class=\"elementor-element elementor-element-c8c4f56 elementor-widget elementor-widget-text-editor\" data-id=\"c8c4f56\" data-element_type=\"widget\" data-e-type=\"widget\" data-widget_type=\"text-editor.default\">\n\t\t\t\t<div class=\"elementor-widget-container\">\n\t\t\t\t\t\t\t\t\t<p data-start=\"30\" data-end=\"374\">Venice Tours consid\u00e8re le d\u00e9veloppement des comp\u00e9tences de son personnel comme l\u2019un des atouts strat\u00e9giques les plus importants de l\u2019entreprise. C\u2019est pourquoi elle accorde une attention constante \u00e0 la croissance professionnelle de ses collaborateurs, afin de r\u00e9pondre efficacement aux d\u00e9fis et aux changements permanents impos\u00e9s par le march\u00e9.<\/p>\n<p data-start=\"376\" data-end=\"928\">Afin de faire face \u00e0 ces \u00e9volutions, Venice Tours a mis en place un programme de formation permanent qui offre \u00e0 l\u2019ensemble des employ\u00e9s des opportunit\u00e9s de formation et de d\u00e9veloppement personnel, avec des parcours adapt\u00e9s aux fonctions exerc\u00e9es et aux besoins individuels. L\u2019entreprise souhaite exprimer ses sinc\u00e8res remerciements aux formateurs et aux partenaires qui ont contribu\u00e9 \u00e0 la r\u00e9alisation de ce parcours de d\u00e9veloppement des ressources humaines, con\u00e7u sur mesure tant pour les besoins de l\u2019entreprise que pour ceux de chaque collaborateur.<\/p>\n<p data-start=\"930\" data-end=\"1109\">Les formations ont \u00e9t\u00e9 organis\u00e9es en collaboration avec TRAICONET, organisme de formation agr\u00e9\u00e9 FTO, gr\u00e2ce \u00e0 l\u2019utilisation du Fondo Forte et de l\u2019Organisme Paritaire de r\u00e9f\u00e9rence.<\/p>\n<h3 data-start=\"1111\" data-end=\"1134\"><span style=\"color: #005f5e;\">Domaines d\u2019activit\u00e9<\/span><\/h3>\n<p data-start=\"1136\" data-end=\"1574\"><span style=\"color: #005f5e;\"><strong data-start=\"1136\" data-end=\"1163\">Mod\u00e8les comportementaux<\/strong><\/span><br data-start=\"1163\" data-end=\"1166\" \/>Parcours de formation et de d\u00e9veloppement d\u00e9di\u00e9s \u00e0 la gestion de la relation client, \u00e0 la r\u00e9solution des conflits et \u00e0 la gestion des situations de stress. Un format Venice Tours pour la gestion du client pendant les visites a \u00e9galement \u00e9t\u00e9 d\u00e9velopp\u00e9, dans le but d\u2019accro\u00eetre l\u2019engagement et la qualit\u00e9 de l\u2019exp\u00e9rience.<br data-start=\"1485\" data-end=\"1488\" \/>Formations assur\u00e9es par Codato Communication \u2013 Dr Massimo Codato et Dr Alessia Codato.<\/p>\n<p data-start=\"1576\" data-end=\"1842\"><span style=\"color: #005f5e;\"><strong data-start=\"1576\" data-end=\"1594\">Neuromarketing<\/strong><\/span><br data-start=\"1594\" data-end=\"1597\" \/>Formations d\u2019approfondissement et de mise \u00e0 jour continue en neuromarketing, int\u00e9grant les techniques les plus r\u00e9centes et des outils de communication innovants.<br data-start=\"1758\" data-end=\"1761\" \/>Formations assur\u00e9es par Neurowebdesign \u2013 Dr Stefano Civiero et Dr Nicola Trentin.<\/p>\n<p data-start=\"1844\" data-end=\"2208\"><span style=\"color: #005f5e;\"><strong data-start=\"1844\" data-end=\"1870\">Strat\u00e9gie d\u2019entreprise<\/strong><\/span><br data-start=\"1870\" data-end=\"1873\" \/>Parcours de formation consacr\u00e9s \u00e0 l\u2019analyse de march\u00e9 et \u00e0 la comp\u00e9titivit\u00e9 \u00e9conomique dans un contexte en constante \u00e9volution, avec une attention particuli\u00e8re port\u00e9e \u00e0 l\u2019impact des nouvelles technologies sur les activit\u00e9s de l\u2019entreprise.<br data-start=\"2112\" data-end=\"2115\" \/>Formations assur\u00e9es par ASCE \u2013 Prof. Arduino Paniccia, Dr Laura Trevisa et Dr Eugenio Porras.<\/p>\n<p data-start=\"2210\" data-end=\"2473\"><span style=\"color: #005f5e;\"><strong data-start=\"2210\" data-end=\"2269\">Les nouvelles fronti\u00e8res de l\u2019intelligence artificielle<\/strong><\/span><br data-start=\"2269\" data-end=\"2272\" \/>Formations d\u00e9di\u00e9es \u00e0 l\u2019int\u00e9gration de l\u2019IA dans les processus de l\u2019entreprise, avec un focus sur la r\u00e9organisation et l\u2019optimisation des processus m\u00e9tiers.<br data-start=\"2427\" data-end=\"2430\" \/>Formations assur\u00e9es par Dr Raffaello Lully.<\/p>\n<p data-start=\"2475\" data-end=\"2710\"><span style=\"color: #005f5e;\"><strong data-start=\"2475\" data-end=\"2510\">API et maintenance des syst\u00e8mes<\/strong><\/span><br data-start=\"2510\" data-end=\"2513\" \/>Mises \u00e0 jour et formations continues pour la gestion des processus de r\u00e9servation via des connexions API avec les principaux portails en constante \u00e9volution.<br data-start=\"2670\" data-end=\"2673\" \/>Formations assur\u00e9es par Datagest Srl.<\/p>\n<p data-start=\"2712\" data-end=\"2869\"><span style=\"color: #005f5e;\"><strong data-start=\"2712\" data-end=\"2732\">Cours de langues<\/strong><\/span><br data-start=\"2732\" data-end=\"2735\" \/>Parcours linguistiques con\u00e7us en fonction des besoins individuels des collaborateurs et des exigences op\u00e9rationnelles de l\u2019entreprise.<\/p>\n<p data-start=\"2871\" data-end=\"3048\" data-is-last-node=\"\" data-is-only-node=\"\"><span style=\"color: #005f5e;\"><strong data-start=\"2871\" data-end=\"2909\">Formation \u00e0 la s\u00e9curit\u00e9 au travail<\/strong><\/span><br data-start=\"2909\" data-end=\"2912\" \/>Formations obligatoires et sessions de mise \u00e0 jour en mati\u00e8re de s\u00e9curit\u00e9 au travail, dispens\u00e9es par des organismes de formation agr\u00e9\u00e9s.<\/p>\t\t\t\t\t\t\t\t<\/div>\n\t\t\t\t<\/div>\n\t\t\t\t\t<\/div>\n\t\t\t\t<\/div>\n\t\t\t\t<\/div>\n\t\t","protected":false},"excerpt":{"rendered":"<p>Venice Tours Academy Venice Tours consid\u00e8re le d\u00e9veloppement des comp\u00e9tences de son personnel comme l\u2019un des atouts strat\u00e9giques les plus importants de l\u2019entreprise. C\u2019est pourquoi elle accorde une attention constante \u00e0 la croissance professionnelle de ses collaborateurs, afin de r\u00e9pondre efficacement aux d\u00e9fis et aux changements permanents impos\u00e9s par le march\u00e9. Afin de faire face [&hellip;]<\/p>\n","protected":false},"author":3,"featured_media":0,"parent":0,"menu_order":0,"comment_status":"closed","ping_status":"closed","template":"","meta":{"_acf_changed":false,"footnotes":""},"class_list":["post-23631","page","type-page","status-publish","hentry"],"acf":[],"yoast_head":"<!-- This site is optimized with the Yoast SEO Premium plugin v27.1 (Yoast SEO v27.1.1) - https:\/\/yoast.com\/product\/yoast-seo-premium-wordpress\/ -->\n<title>Academy | Venice Tours<\/title>\n<meta name=\"robots\" content=\"index, follow, max-snippet:-1, max-image-preview:large, max-video-preview:-1\" \/>\n<link rel=\"canonical\" href=\"https:\/\/www.venicecitytours.it\/fr\/academy\/\" \/>\n<meta property=\"og:locale\" content=\"fr_FR\" \/>\n<meta property=\"og:type\" content=\"article\" \/>\n<meta property=\"og:title\" content=\"Academy\" \/>\n<meta property=\"og:description\" content=\"Venice Tours Academy Venice Tours consid\u00e8re le d\u00e9veloppement des comp\u00e9tences de son personnel comme l\u2019un des atouts strat\u00e9giques les plus importants de l\u2019entreprise. C\u2019est pourquoi elle accorde une attention constante \u00e0 la croissance professionnelle de ses collaborateurs, afin de r\u00e9pondre efficacement aux d\u00e9fis et aux changements permanents impos\u00e9s par le march\u00e9. Afin de faire face [&hellip;]\" \/>\n<meta property=\"og:url\" content=\"https:\/\/www.venicecitytours.it\/fr\/academy\/\" \/>\n<meta property=\"og:site_name\" content=\"Venice Tours\" \/>\n<meta property=\"article:publisher\" content=\"https:\/\/www.facebook.com\/venicecitytours\" \/>\n<meta property=\"article:modified_time\" content=\"2026-01-07T11:35:02+00:00\" \/>\n<meta property=\"og:image\" content=\"https:\/\/www.venicecitytours.it\/wp-content\/uploads\/2026\/01\/Fotolia_43685068_M.jpg\" \/>\n\t<meta property=\"og:image:width\" content=\"1690\" \/>\n\t<meta property=\"og:image:height\" content=\"1124\" \/>\n\t<meta property=\"og:image:type\" content=\"image\/jpeg\" \/>\n<meta name=\"twitter:card\" content=\"summary_large_image\" \/>\n<meta name=\"twitter:label1\" content=\"Dur\u00e9e de lecture estim\u00e9e\" \/>\n\t<meta name=\"twitter:data1\" content=\"3 minutes\" \/>\n<script type=\"application\/ld+json\" class=\"yoast-schema-graph\">{\"@context\":\"https:\/\/schema.org\",\"@graph\":[{\"@type\":\"WebPage\",\"@id\":\"https:\/\/www.venicecitytours.it\/fr\/academy\/\",\"url\":\"https:\/\/www.venicecitytours.it\/fr\/academy\/\",\"name\":\"Academy | Venice Tours\",\"isPartOf\":{\"@id\":\"https:\/\/www.venicecitytours.it\/#website\"},\"primaryImageOfPage\":{\"@id\":\"https:\/\/www.venicecitytours.it\/fr\/academy\/#primaryimage\"},\"image\":{\"@id\":\"https:\/\/www.venicecitytours.it\/fr\/academy\/#primaryimage\"},\"thumbnailUrl\":\"https:\/\/www.venicecitytours.it\/wp-content\/uploads\/2026\/01\/Fotolia_43685068_M-1300x650.jpg\",\"datePublished\":\"2026-01-07T11:16:11+00:00\",\"dateModified\":\"2026-01-07T11:35:02+00:00\",\"breadcrumb\":{\"@id\":\"https:\/\/www.venicecitytours.it\/fr\/academy\/#breadcrumb\"},\"inLanguage\":\"fr-FR\",\"potentialAction\":[{\"@type\":\"ReadAction\",\"target\":[\"https:\/\/www.venicecitytours.it\/fr\/academy\/\"]}]},{\"@type\":\"ImageObject\",\"inLanguage\":\"fr-FR\",\"@id\":\"https:\/\/www.venicecitytours.it\/fr\/academy\/#primaryimage\",\"url\":\"https:\/\/www.venicecitytours.it\/wp-content\/uploads\/2026\/01\/Fotolia_43685068_M-1300x650.jpg\",\"contentUrl\":\"https:\/\/www.venicecitytours.it\/wp-content\/uploads\/2026\/01\/Fotolia_43685068_M-1300x650.jpg\"},{\"@type\":\"BreadcrumbList\",\"@id\":\"https:\/\/www.venicecitytours.it\/fr\/academy\/#breadcrumb\",\"itemListElement\":[{\"@type\":\"ListItem\",\"position\":1,\"name\":\"Home\",\"item\":\"https:\/\/www.venicecitytours.it\/fr\/\"},{\"@type\":\"ListItem\",\"position\":2,\"name\":\"Academy\"}]},{\"@type\":\"WebSite\",\"@id\":\"https:\/\/www.venicecitytours.it\/#website\",\"url\":\"https:\/\/www.venicecitytours.it\/\",\"name\":\"Venice City Tours\",\"description\":\"\",\"publisher\":{\"@id\":\"https:\/\/www.venicecitytours.it\/#organization\"},\"potentialAction\":[{\"@type\":\"SearchAction\",\"target\":{\"@type\":\"EntryPoint\",\"urlTemplate\":\"https:\/\/www.venicecitytours.it\/?s={search_term_string}\"},\"query-input\":{\"@type\":\"PropertyValueSpecification\",\"valueRequired\":true,\"valueName\":\"search_term_string\"}}],\"inLanguage\":\"fr-FR\"},{\"@type\":\"Organization\",\"@id\":\"https:\/\/www.venicecitytours.it\/#organization\",\"name\":\"Venice Tours S.r.l.\",\"url\":\"https:\/\/www.venicecitytours.it\/\",\"logo\":{\"@type\":\"ImageObject\",\"inLanguage\":\"fr-FR\",\"@id\":\"https:\/\/www.venicecitytours.it\/#\/schema\/logo\/image\/\",\"url\":\"https:\/\/www.venicecitytours.it\/wp-content\/uploads\/2026\/01\/logo-venice-city-tours.jpg\",\"contentUrl\":\"https:\/\/www.venicecitytours.it\/wp-content\/uploads\/2026\/01\/logo-venice-city-tours.jpg\",\"width\":562,\"height\":588,\"caption\":\"Venice Tours S.r.l.\"},\"image\":{\"@id\":\"https:\/\/www.venicecitytours.it\/#\/schema\/logo\/image\/\"},\"sameAs\":[\"https:\/\/www.facebook.com\/venicecitytours\"],\"description\":\"Esperienze uniche a Venezia con Venice City Tours. Esplora ogni angolo di Venezia con esperienze su misura che ti porteranno oltre i luoghi comuni. Dai romantici giri in gondola ai tour esclusivi di Piazza San Marco, dalle tradizioni artigianali alle affascinanti isole della laguna, vivi la citt\u00e0 attraverso le sue meraviglie pi\u00f9 autentiche. Scopri cosa rende Venezia davvero unica!\",\"email\":\"booking@venicecitytours.it\",\"telephone\":\"+39 0414 761926\",\"legalName\":\"Venice Tours Srl\",\"vatID\":\"04351870276\",\"taxID\":\"04351870276\",\"numberOfEmployees\":{\"@type\":\"QuantitativeValue\",\"minValue\":\"1\",\"maxValue\":\"10\"}}]}<\/script>\n<!-- \/ Yoast SEO Premium plugin. -->","yoast_head_json":{"title":"Academy | Venice Tours","robots":{"index":"index","follow":"follow","max-snippet":"max-snippet:-1","max-image-preview":"max-image-preview:large","max-video-preview":"max-video-preview:-1"},"canonical":"https:\/\/www.venicecitytours.it\/fr\/academy\/","og_locale":"fr_FR","og_type":"article","og_title":"Academy","og_description":"Venice Tours Academy Venice Tours consid\u00e8re le d\u00e9veloppement des comp\u00e9tences de son personnel comme l\u2019un des atouts strat\u00e9giques les plus importants de l\u2019entreprise. C\u2019est pourquoi elle accorde une attention constante \u00e0 la croissance professionnelle de ses collaborateurs, afin de r\u00e9pondre efficacement aux d\u00e9fis et aux changements permanents impos\u00e9s par le march\u00e9. Afin de faire face [&hellip;]","og_url":"https:\/\/www.venicecitytours.it\/fr\/academy\/","og_site_name":"Venice Tours","article_publisher":"https:\/\/www.facebook.com\/venicecitytours","article_modified_time":"2026-01-07T11:35:02+00:00","og_image":[{"width":1690,"height":1124,"url":"https:\/\/www.venicecitytours.it\/wp-content\/uploads\/2026\/01\/Fotolia_43685068_M.jpg","type":"image\/jpeg"}],"twitter_card":"summary_large_image","twitter_misc":{"Dur\u00e9e de lecture estim\u00e9e":"3 minutes"},"schema":{"@context":"https:\/\/schema.org","@graph":[{"@type":"WebPage","@id":"https:\/\/www.venicecitytours.it\/fr\/academy\/","url":"https:\/\/www.venicecitytours.it\/fr\/academy\/","name":"Academy | Venice Tours","isPartOf":{"@id":"https:\/\/www.venicecitytours.it\/#website"},"primaryImageOfPage":{"@id":"https:\/\/www.venicecitytours.it\/fr\/academy\/#primaryimage"},"image":{"@id":"https:\/\/www.venicecitytours.it\/fr\/academy\/#primaryimage"},"thumbnailUrl":"https:\/\/www.venicecitytours.it\/wp-content\/uploads\/2026\/01\/Fotolia_43685068_M-1300x650.jpg","datePublished":"2026-01-07T11:16:11+00:00","dateModified":"2026-01-07T11:35:02+00:00","breadcrumb":{"@id":"https:\/\/www.venicecitytours.it\/fr\/academy\/#breadcrumb"},"inLanguage":"fr-FR","potentialAction":[{"@type":"ReadAction","target":["https:\/\/www.venicecitytours.it\/fr\/academy\/"]}]},{"@type":"ImageObject","inLanguage":"fr-FR","@id":"https:\/\/www.venicecitytours.it\/fr\/academy\/#primaryimage","url":"https:\/\/www.venicecitytours.it\/wp-content\/uploads\/2026\/01\/Fotolia_43685068_M-1300x650.jpg","contentUrl":"https:\/\/www.venicecitytours.it\/wp-content\/uploads\/2026\/01\/Fotolia_43685068_M-1300x650.jpg"},{"@type":"BreadcrumbList","@id":"https:\/\/www.venicecitytours.it\/fr\/academy\/#breadcrumb","itemListElement":[{"@type":"ListItem","position":1,"name":"Home","item":"https:\/\/www.venicecitytours.it\/fr\/"},{"@type":"ListItem","position":2,"name":"Academy"}]},{"@type":"WebSite","@id":"https:\/\/www.venicecitytours.it\/#website","url":"https:\/\/www.venicecitytours.it\/","name":"Venice City Tours","description":"","publisher":{"@id":"https:\/\/www.venicecitytours.it\/#organization"},"potentialAction":[{"@type":"SearchAction","target":{"@type":"EntryPoint","urlTemplate":"https:\/\/www.venicecitytours.it\/?s={search_term_string}"},"query-input":{"@type":"PropertyValueSpecification","valueRequired":true,"valueName":"search_term_string"}}],"inLanguage":"fr-FR"},{"@type":"Organization","@id":"https:\/\/www.venicecitytours.it\/#organization","name":"Venice Tours S.r.l.","url":"https:\/\/www.venicecitytours.it\/","logo":{"@type":"ImageObject","inLanguage":"fr-FR","@id":"https:\/\/www.venicecitytours.it\/#\/schema\/logo\/image\/","url":"https:\/\/www.venicecitytours.it\/wp-content\/uploads\/2026\/01\/logo-venice-city-tours.jpg","contentUrl":"https:\/\/www.venicecitytours.it\/wp-content\/uploads\/2026\/01\/logo-venice-city-tours.jpg","width":562,"height":588,"caption":"Venice Tours S.r.l."},"image":{"@id":"https:\/\/www.venicecitytours.it\/#\/schema\/logo\/image\/"},"sameAs":["https:\/\/www.facebook.com\/venicecitytours"],"description":"Esperienze uniche a Venezia con Venice City Tours. Esplora ogni angolo di Venezia con esperienze su misura che ti porteranno oltre i luoghi comuni. Dai romantici giri in gondola ai tour esclusivi di Piazza San Marco, dalle tradizioni artigianali alle affascinanti isole della laguna, vivi la citt\u00e0 attraverso le sue meraviglie pi\u00f9 autentiche. Scopri cosa rende Venezia davvero unica!","email":"booking@venicecitytours.it","telephone":"+39 0414 761926","legalName":"Venice Tours Srl","vatID":"04351870276","taxID":"04351870276","numberOfEmployees":{"@type":"QuantitativeValue","minValue":"1","maxValue":"10"}}]}},"_links":{"self":[{"href":"https:\/\/www.venicecitytours.it\/fr\/wp-json\/wp\/v2\/pages\/23631","targetHints":{"allow":["GET"]}}],"collection":[{"href":"https:\/\/www.venicecitytours.it\/fr\/wp-json\/wp\/v2\/pages"}],"about":[{"href":"https:\/\/www.venicecitytours.it\/fr\/wp-json\/wp\/v2\/types\/page"}],"author":[{"embeddable":true,"href":"https:\/\/www.venicecitytours.it\/fr\/wp-json\/wp\/v2\/users\/3"}],"replies":[{"embeddable":true,"href":"https:\/\/www.venicecitytours.it\/fr\/wp-json\/wp\/v2\/comments?post=23631"}],"version-history":[{"count":0,"href":"https:\/\/www.venicecitytours.it\/fr\/wp-json\/wp\/v2\/pages\/23631\/revisions"}],"wp:attachment":[{"href":"https:\/\/www.venicecitytours.it\/fr\/wp-json\/wp\/v2\/media?parent=23631"}],"curies":[{"name":"wp","href":"https:\/\/api.w.org\/{rel}","templated":true}]}}