{"id":23652,"date":"2026-01-07T12:02:30","date_gmt":"2026-01-07T11:02:30","guid":{"rendered":"https:\/\/www.venicecitytours.it\/phygital-company\/"},"modified":"2026-01-07T15:32:35","modified_gmt":"2026-01-07T14:32:35","slug":"phygital-company","status":"publish","type":"page","link":"https:\/\/www.venicecitytours.it\/fr\/phygital-company\/","title":{"rendered":"Phygital Company"},"content":{"rendered":"\t\t<div data-elementor-type=\"wp-page\" data-elementor-id=\"23652\" class=\"elementor elementor-23652 elementor-23608\" data-elementor-post-type=\"page\">\n\t\t\t\t<div class=\"elementor-element elementor-element-864c441 e-flex e-con-boxed e-con e-parent\" data-id=\"864c441\" data-element_type=\"container\" data-e-type=\"container\">\n\t\t\t\t\t<div class=\"e-con-inner\">\n\t\t\t\t<div class=\"elementor-element elementor-element-2c8b16d elementor-widget__width-initial elementor-widget elementor-widget-image\" data-id=\"2c8b16d\" data-element_type=\"widget\" data-e-type=\"widget\" data-widget_type=\"image.default\">\n\t\t\t\t<div class=\"elementor-widget-container\">\n\t\t\t\t\t\t\t\t\t\t\t\t\t\t\t<img fetchpriority=\"high\" decoding=\"async\" width=\"1300\" height=\"650\" src=\"https:\/\/www.venicecitytours.it\/wp-content\/uploads\/2026\/01\/f594835a-6a64-4047-85d8-086f641627c0-1-1300x650.jpg\" class=\"attachment-qi_addons_for_elementor_image_size_landscape size-qi_addons_for_elementor_image_size_landscape wp-image-23617\" alt=\"\" \/>\t\t\t\t\t\t\t\t\t\t\t\t\t\t\t<\/div>\n\t\t\t\t<\/div>\n\t\t\t\t<div class=\"elementor-element elementor-element-05640fd elementor-widget elementor-widget-heading\" data-id=\"05640fd\" data-element_type=\"widget\" data-e-type=\"widget\" data-widget_type=\"heading.default\">\n\t\t\t\t<div class=\"elementor-widget-container\">\n\t\t\t\t\t<h2 class=\"elementor-heading-title elementor-size-default\">L\u2019innovation au service du tourisme \u00e0 Venise<\/h2>\t\t\t\t<\/div>\n\t\t\t\t<\/div>\n\t\t\t\t<div class=\"elementor-element elementor-element-3dd49e0 elementor-widget elementor-widget-text-editor\" data-id=\"3dd49e0\" data-element_type=\"widget\" data-e-type=\"widget\" data-widget_type=\"text-editor.default\">\n\t\t\t\t<div class=\"elementor-widget-container\">\n\t\t\t\t\t\t\t\t\t<p data-start=\"220\" data-end=\"671\">Venice Tours s\u2019impose comme un acteur pionnier du digital et du phygital dans le paysage touristique v\u00e9nitien, red\u00e9finissant la mani\u00e8re de vivre et de g\u00e9rer le tourisme dans l\u2019une des destinations les plus embl\u00e9matiques au monde. Gr\u00e2ce \u00e0 l\u2019int\u00e9gration de technologies avanc\u00e9es et de programmes de formation sp\u00e9cialis\u00e9s, l\u2019entreprise optimise l\u2019exp\u00e9rience client et les processus de r\u00e9servation, en adoptant une approche phygitale v\u00e9ritablement unique.<\/p><h3 data-start=\"673\" data-end=\"755\"><span style=\"color: #005f5e;\"><strong data-start=\"677\" data-end=\"755\">Connexions API et tarification dynamique: un nouveau standard pour Venise<\/strong><\/span><\/h3><p data-start=\"757\" data-end=\"1184\">Gr\u00e2ce \u00e0 un partenariat solide avec Datagest, \u00e9diteur de logiciels de r\u00e9f\u00e9rence dans le secteur, Venice Tours utilise des connexions API avec les principales agences de voyage en ligne (OTA). Cette infrastructure technologique permet la v\u00e9rification en temps r\u00e9el des disponibilit\u00e9s, des conditions et des prix dynamiques pour les produits \u00e0 Venise, positionnant l\u2019entreprise comme un acteur digital de pointe du tourisme local.<\/p><h3 data-start=\"1186\" data-end=\"1264\"><span style=\"color: #005f5e;\"><strong data-start=\"1190\" data-end=\"1264\">Service client digital et applications exclusives pour explorer Venise<\/strong><\/span><\/h3><p data-start=\"1266\" data-end=\"1666\">Venice Tours a d\u00e9velopp\u00e9 des applications mobiles intuitives, enrichies de fonctionnalit\u00e9s exclusives, con\u00e7ues pour offrir une exp\u00e9rience v\u00e9nitienne immersive et personnalis\u00e9e. La digitalisation a permis de cartographier plus de 200 points d\u2019int\u00e9r\u00eat de la ville, avec des informations en temps r\u00e9el sur les monuments, les itin\u00e9raires pi\u00e9tons et les activit\u00e9s partenaires, disponibles en sept langues.<\/p><h3 data-start=\"1668\" data-end=\"1722\"><span style=\"color: #005f5e;\"><strong data-start=\"1672\" data-end=\"1722\">R\u00e9alit\u00e9 virtuelle et reconstitution historique<\/strong><\/span><\/h3><p data-start=\"1724\" data-end=\"2089\">L\u2019innovation s\u2019\u00e9tend \u00e9galement au domaine de la r\u00e9alit\u00e9 virtuelle, permettant aux visiteurs de revivre des sc\u00e8nes de la Venise historique, telles que la place Saint-Marc \u00e0 l\u2019\u00e9poque byzantine ou le premier pont du Rialto en bois. Ces exp\u00e9riences immersives sont accessibles via des applications d\u00e9di\u00e9es ou gr\u00e2ce \u00e0 des casques VR fournis directement par Venice Tours.<\/p><h3 data-start=\"2091\" data-end=\"2166\"><span style=\"color: #005f5e;\"><strong data-start=\"2095\" data-end=\"2166\">Visites guid\u00e9es en direct multilingues enrichies par la technologie<\/strong><\/span><\/h3><p data-start=\"2168\" data-end=\"2521\">Venice Tours \u00e9tablit un nouveau standard pour les visites guid\u00e9es multilingues en direct. Gr\u00e2ce \u00e0 une formation avanc\u00e9e \u00e0 l\u2019int\u00e9gration technologique, les guides proposent des explications en direct en anglais, accompagn\u00e9es de contenus audio synchronis\u00e9s en fran\u00e7ais, allemand et espagnol, garantissant une exp\u00e9rience inclusive et de tr\u00e8s haute qualit\u00e9.<\/p><h3 data-start=\"2523\" data-end=\"2572\"><span style=\"color: #005f5e;\"><strong data-start=\"2527\" data-end=\"2572\">Check-in digital et processus automatis\u00e9s<\/strong><\/span><\/h3><p data-start=\"2574\" data-end=\"2850\">Conform\u00e9ment aux principes de la transformation num\u00e9rique, Venice Tours a automatis\u00e9 le processus de check-in, permettant des mises \u00e0 jour imm\u00e9diates et la validation digitale des vouchers. Une \u00e9tape suppl\u00e9mentaire vers une exp\u00e9rience fluide, efficace et enti\u00e8rement int\u00e9gr\u00e9e.<\/p>\t\t\t\t\t\t\t\t<\/div>\n\t\t\t\t<\/div>\n\t\t\t\t\t<\/div>\n\t\t\t\t<\/div>\n\t\t\t\t<\/div>\n\t\t","protected":false},"excerpt":{"rendered":"<p>L\u2019innovation au service du tourisme \u00e0 Venise Venice Tours s\u2019impose comme un acteur pionnier du digital et du phygital dans le paysage touristique v\u00e9nitien, red\u00e9finissant la mani\u00e8re de vivre et de g\u00e9rer le tourisme dans l\u2019une des destinations les plus embl\u00e9matiques au monde. Gr\u00e2ce \u00e0 l\u2019int\u00e9gration de technologies avanc\u00e9es et de programmes de formation sp\u00e9cialis\u00e9s, [&hellip;]<\/p>\n","protected":false},"author":3,"featured_media":0,"parent":0,"menu_order":0,"comment_status":"closed","ping_status":"closed","template":"","meta":{"_acf_changed":false,"footnotes":""},"class_list":["post-23652","page","type-page","status-publish","hentry"],"acf":[],"yoast_head":"<!-- This site is optimized with the Yoast SEO Premium plugin v27.1 (Yoast SEO v27.1.1) - https:\/\/yoast.com\/product\/yoast-seo-premium-wordpress\/ -->\n<title>Phygital Company | Venice Tours<\/title>\n<meta name=\"robots\" content=\"index, follow, max-snippet:-1, max-image-preview:large, max-video-preview:-1\" \/>\n<link rel=\"canonical\" href=\"https:\/\/www.venicecitytours.it\/fr\/phygital-company\/\" \/>\n<meta property=\"og:locale\" content=\"fr_FR\" \/>\n<meta property=\"og:type\" content=\"article\" \/>\n<meta property=\"og:title\" content=\"Phygital Company\" \/>\n<meta property=\"og:description\" content=\"L\u2019innovation au service du tourisme \u00e0 Venise Venice Tours s\u2019impose comme un acteur pionnier du digital et du phygital dans le paysage touristique v\u00e9nitien, red\u00e9finissant la mani\u00e8re de vivre et de g\u00e9rer le tourisme dans l\u2019une des destinations les plus embl\u00e9matiques au monde. Gr\u00e2ce \u00e0 l\u2019int\u00e9gration de technologies avanc\u00e9es et de programmes de formation sp\u00e9cialis\u00e9s, [&hellip;]\" \/>\n<meta property=\"og:url\" content=\"https:\/\/www.venicecitytours.it\/fr\/phygital-company\/\" \/>\n<meta property=\"og:site_name\" content=\"Venice Tours\" \/>\n<meta property=\"article:publisher\" content=\"https:\/\/www.facebook.com\/venicecitytours\" \/>\n<meta property=\"article:modified_time\" content=\"2026-01-07T14:32:35+00:00\" \/>\n<meta property=\"og:image\" content=\"https:\/\/www.venicecitytours.it\/wp-content\/uploads\/2026\/01\/f594835a-6a64-4047-85d8-086f641627c0-1-scaled.jpg\" \/>\n\t<meta property=\"og:image:width\" content=\"2560\" \/>\n\t<meta property=\"og:image:height\" content=\"1331\" \/>\n\t<meta property=\"og:image:type\" content=\"image\/jpeg\" \/>\n<meta name=\"twitter:card\" content=\"summary_large_image\" \/>\n<meta name=\"twitter:label1\" content=\"Dur\u00e9e de lecture estim\u00e9e\" \/>\n\t<meta name=\"twitter:data1\" content=\"3 minutes\" \/>\n<script type=\"application\/ld+json\" class=\"yoast-schema-graph\">{\"@context\":\"https:\/\/schema.org\",\"@graph\":[{\"@type\":\"WebPage\",\"@id\":\"https:\/\/www.venicecitytours.it\/fr\/phygital-company\/\",\"url\":\"https:\/\/www.venicecitytours.it\/fr\/phygital-company\/\",\"name\":\"Phygital Company | Venice Tours\",\"isPartOf\":{\"@id\":\"https:\/\/www.venicecitytours.it\/#website\"},\"primaryImageOfPage\":{\"@id\":\"https:\/\/www.venicecitytours.it\/fr\/phygital-company\/#primaryimage\"},\"image\":{\"@id\":\"https:\/\/www.venicecitytours.it\/fr\/phygital-company\/#primaryimage\"},\"thumbnailUrl\":\"https:\/\/www.venicecitytours.it\/wp-content\/uploads\/2026\/01\/f594835a-6a64-4047-85d8-086f641627c0-1-1300x650.jpg\",\"datePublished\":\"2026-01-07T11:02:30+00:00\",\"dateModified\":\"2026-01-07T14:32:35+00:00\",\"breadcrumb\":{\"@id\":\"https:\/\/www.venicecitytours.it\/fr\/phygital-company\/#breadcrumb\"},\"inLanguage\":\"fr-FR\",\"potentialAction\":[{\"@type\":\"ReadAction\",\"target\":[\"https:\/\/www.venicecitytours.it\/fr\/phygital-company\/\"]}]},{\"@type\":\"ImageObject\",\"inLanguage\":\"fr-FR\",\"@id\":\"https:\/\/www.venicecitytours.it\/fr\/phygital-company\/#primaryimage\",\"url\":\"https:\/\/www.venicecitytours.it\/wp-content\/uploads\/2026\/01\/f594835a-6a64-4047-85d8-086f641627c0-1-1300x650.jpg\",\"contentUrl\":\"https:\/\/www.venicecitytours.it\/wp-content\/uploads\/2026\/01\/f594835a-6a64-4047-85d8-086f641627c0-1-1300x650.jpg\"},{\"@type\":\"BreadcrumbList\",\"@id\":\"https:\/\/www.venicecitytours.it\/fr\/phygital-company\/#breadcrumb\",\"itemListElement\":[{\"@type\":\"ListItem\",\"position\":1,\"name\":\"Home\",\"item\":\"https:\/\/www.venicecitytours.it\/fr\/\"},{\"@type\":\"ListItem\",\"position\":2,\"name\":\"Phygital Company\"}]},{\"@type\":\"WebSite\",\"@id\":\"https:\/\/www.venicecitytours.it\/#website\",\"url\":\"https:\/\/www.venicecitytours.it\/\",\"name\":\"Venice City Tours\",\"description\":\"\",\"publisher\":{\"@id\":\"https:\/\/www.venicecitytours.it\/#organization\"},\"potentialAction\":[{\"@type\":\"SearchAction\",\"target\":{\"@type\":\"EntryPoint\",\"urlTemplate\":\"https:\/\/www.venicecitytours.it\/?s={search_term_string}\"},\"query-input\":{\"@type\":\"PropertyValueSpecification\",\"valueRequired\":true,\"valueName\":\"search_term_string\"}}],\"inLanguage\":\"fr-FR\"},{\"@type\":\"Organization\",\"@id\":\"https:\/\/www.venicecitytours.it\/#organization\",\"name\":\"Venice Tours S.r.l.\",\"url\":\"https:\/\/www.venicecitytours.it\/\",\"logo\":{\"@type\":\"ImageObject\",\"inLanguage\":\"fr-FR\",\"@id\":\"https:\/\/www.venicecitytours.it\/#\/schema\/logo\/image\/\",\"url\":\"https:\/\/www.venicecitytours.it\/wp-content\/uploads\/2026\/01\/logo-venice-city-tours.jpg\",\"contentUrl\":\"https:\/\/www.venicecitytours.it\/wp-content\/uploads\/2026\/01\/logo-venice-city-tours.jpg\",\"width\":562,\"height\":588,\"caption\":\"Venice Tours S.r.l.\"},\"image\":{\"@id\":\"https:\/\/www.venicecitytours.it\/#\/schema\/logo\/image\/\"},\"sameAs\":[\"https:\/\/www.facebook.com\/venicecitytours\"],\"description\":\"Esperienze uniche a Venezia con Venice City Tours. Esplora ogni angolo di Venezia con esperienze su misura che ti porteranno oltre i luoghi comuni. Dai romantici giri in gondola ai tour esclusivi di Piazza San Marco, dalle tradizioni artigianali alle affascinanti isole della laguna, vivi la citt\u00e0 attraverso le sue meraviglie pi\u00f9 autentiche. Scopri cosa rende Venezia davvero unica!\",\"email\":\"booking@venicecitytours.it\",\"telephone\":\"+39 0414 761926\",\"legalName\":\"Venice Tours Srl\",\"vatID\":\"04351870276\",\"taxID\":\"04351870276\",\"numberOfEmployees\":{\"@type\":\"QuantitativeValue\",\"minValue\":\"1\",\"maxValue\":\"10\"}}]}<\/script>\n<!-- \/ Yoast SEO Premium plugin. -->","yoast_head_json":{"title":"Phygital Company | Venice Tours","robots":{"index":"index","follow":"follow","max-snippet":"max-snippet:-1","max-image-preview":"max-image-preview:large","max-video-preview":"max-video-preview:-1"},"canonical":"https:\/\/www.venicecitytours.it\/fr\/phygital-company\/","og_locale":"fr_FR","og_type":"article","og_title":"Phygital Company","og_description":"L\u2019innovation au service du tourisme \u00e0 Venise Venice Tours s\u2019impose comme un acteur pionnier du digital et du phygital dans le paysage touristique v\u00e9nitien, red\u00e9finissant la mani\u00e8re de vivre et de g\u00e9rer le tourisme dans l\u2019une des destinations les plus embl\u00e9matiques au monde. Gr\u00e2ce \u00e0 l\u2019int\u00e9gration de technologies avanc\u00e9es et de programmes de formation sp\u00e9cialis\u00e9s, [&hellip;]","og_url":"https:\/\/www.venicecitytours.it\/fr\/phygital-company\/","og_site_name":"Venice Tours","article_publisher":"https:\/\/www.facebook.com\/venicecitytours","article_modified_time":"2026-01-07T14:32:35+00:00","og_image":[{"width":2560,"height":1331,"url":"https:\/\/www.venicecitytours.it\/wp-content\/uploads\/2026\/01\/f594835a-6a64-4047-85d8-086f641627c0-1-scaled.jpg","type":"image\/jpeg"}],"twitter_card":"summary_large_image","twitter_misc":{"Dur\u00e9e de lecture estim\u00e9e":"3 minutes"},"schema":{"@context":"https:\/\/schema.org","@graph":[{"@type":"WebPage","@id":"https:\/\/www.venicecitytours.it\/fr\/phygital-company\/","url":"https:\/\/www.venicecitytours.it\/fr\/phygital-company\/","name":"Phygital Company | Venice Tours","isPartOf":{"@id":"https:\/\/www.venicecitytours.it\/#website"},"primaryImageOfPage":{"@id":"https:\/\/www.venicecitytours.it\/fr\/phygital-company\/#primaryimage"},"image":{"@id":"https:\/\/www.venicecitytours.it\/fr\/phygital-company\/#primaryimage"},"thumbnailUrl":"https:\/\/www.venicecitytours.it\/wp-content\/uploads\/2026\/01\/f594835a-6a64-4047-85d8-086f641627c0-1-1300x650.jpg","datePublished":"2026-01-07T11:02:30+00:00","dateModified":"2026-01-07T14:32:35+00:00","breadcrumb":{"@id":"https:\/\/www.venicecitytours.it\/fr\/phygital-company\/#breadcrumb"},"inLanguage":"fr-FR","potentialAction":[{"@type":"ReadAction","target":["https:\/\/www.venicecitytours.it\/fr\/phygital-company\/"]}]},{"@type":"ImageObject","inLanguage":"fr-FR","@id":"https:\/\/www.venicecitytours.it\/fr\/phygital-company\/#primaryimage","url":"https:\/\/www.venicecitytours.it\/wp-content\/uploads\/2026\/01\/f594835a-6a64-4047-85d8-086f641627c0-1-1300x650.jpg","contentUrl":"https:\/\/www.venicecitytours.it\/wp-content\/uploads\/2026\/01\/f594835a-6a64-4047-85d8-086f641627c0-1-1300x650.jpg"},{"@type":"BreadcrumbList","@id":"https:\/\/www.venicecitytours.it\/fr\/phygital-company\/#breadcrumb","itemListElement":[{"@type":"ListItem","position":1,"name":"Home","item":"https:\/\/www.venicecitytours.it\/fr\/"},{"@type":"ListItem","position":2,"name":"Phygital Company"}]},{"@type":"WebSite","@id":"https:\/\/www.venicecitytours.it\/#website","url":"https:\/\/www.venicecitytours.it\/","name":"Venice City Tours","description":"","publisher":{"@id":"https:\/\/www.venicecitytours.it\/#organization"},"potentialAction":[{"@type":"SearchAction","target":{"@type":"EntryPoint","urlTemplate":"https:\/\/www.venicecitytours.it\/?s={search_term_string}"},"query-input":{"@type":"PropertyValueSpecification","valueRequired":true,"valueName":"search_term_string"}}],"inLanguage":"fr-FR"},{"@type":"Organization","@id":"https:\/\/www.venicecitytours.it\/#organization","name":"Venice Tours S.r.l.","url":"https:\/\/www.venicecitytours.it\/","logo":{"@type":"ImageObject","inLanguage":"fr-FR","@id":"https:\/\/www.venicecitytours.it\/#\/schema\/logo\/image\/","url":"https:\/\/www.venicecitytours.it\/wp-content\/uploads\/2026\/01\/logo-venice-city-tours.jpg","contentUrl":"https:\/\/www.venicecitytours.it\/wp-content\/uploads\/2026\/01\/logo-venice-city-tours.jpg","width":562,"height":588,"caption":"Venice Tours S.r.l."},"image":{"@id":"https:\/\/www.venicecitytours.it\/#\/schema\/logo\/image\/"},"sameAs":["https:\/\/www.facebook.com\/venicecitytours"],"description":"Esperienze uniche a Venezia con Venice City Tours. Esplora ogni angolo di Venezia con esperienze su misura che ti porteranno oltre i luoghi comuni. Dai romantici giri in gondola ai tour esclusivi di Piazza San Marco, dalle tradizioni artigianali alle affascinanti isole della laguna, vivi la citt\u00e0 attraverso le sue meraviglie pi\u00f9 autentiche. Scopri cosa rende Venezia davvero unica!","email":"booking@venicecitytours.it","telephone":"+39 0414 761926","legalName":"Venice Tours Srl","vatID":"04351870276","taxID":"04351870276","numberOfEmployees":{"@type":"QuantitativeValue","minValue":"1","maxValue":"10"}}]}},"_links":{"self":[{"href":"https:\/\/www.venicecitytours.it\/fr\/wp-json\/wp\/v2\/pages\/23652","targetHints":{"allow":["GET"]}}],"collection":[{"href":"https:\/\/www.venicecitytours.it\/fr\/wp-json\/wp\/v2\/pages"}],"about":[{"href":"https:\/\/www.venicecitytours.it\/fr\/wp-json\/wp\/v2\/types\/page"}],"author":[{"embeddable":true,"href":"https:\/\/www.venicecitytours.it\/fr\/wp-json\/wp\/v2\/users\/3"}],"replies":[{"embeddable":true,"href":"https:\/\/www.venicecitytours.it\/fr\/wp-json\/wp\/v2\/comments?post=23652"}],"version-history":[{"count":0,"href":"https:\/\/www.venicecitytours.it\/fr\/wp-json\/wp\/v2\/pages\/23652\/revisions"}],"wp:attachment":[{"href":"https:\/\/www.venicecitytours.it\/fr\/wp-json\/wp\/v2\/media?parent=23652"}],"curies":[{"name":"wp","href":"https:\/\/api.w.org\/{rel}","templated":true}]}}