{"id":25333,"date":"2026-02-17T17:35:03","date_gmt":"2026-02-17T16:35:03","guid":{"rendered":"https:\/\/www.venicecitytours.it\/?page_id=25333"},"modified":"2026-02-18T12:24:41","modified_gmt":"2026-02-18T11:24:41","slug":"ils-parlent-de-nous","status":"publish","type":"page","link":"https:\/\/www.venicecitytours.it\/fr\/ils-parlent-de-nous\/","title":{"rendered":"Ils Parlent de Nous"},"content":{"rendered":"\t\t<div data-elementor-type=\"wp-page\" data-elementor-id=\"25333\" class=\"elementor elementor-25333 elementor-25331\" data-elementor-post-type=\"page\">\n\t\t\t\t<div class=\"elementor-element elementor-element-dece8c2 e-con-full e-flex e-con e-parent\" data-id=\"dece8c2\" data-element_type=\"container\" data-e-type=\"container\">\n\t\t\t\t<div class=\"elementor-element elementor-element-e3edd65 elementor-widget elementor-widget-image\" data-id=\"e3edd65\" data-element_type=\"widget\" data-e-type=\"widget\" data-widget_type=\"image.default\">\n\t\t\t\t<div class=\"elementor-widget-container\">\n\t\t\t\t\t\t\t\t\t\t\t\t\t\t\t<img fetchpriority=\"high\" decoding=\"async\" width=\"1536\" height=\"864\" src=\"https:\/\/www.venicecitytours.it\/wp-content\/uploads\/2026\/02\/Progetto-senza-titolo-1-1536x864.jpg\" class=\"attachment-1536x1536 size-1536x1536 wp-image-25413\" alt=\"\" srcset=\"https:\/\/www.venicecitytours.it\/wp-content\/uploads\/2026\/02\/Progetto-senza-titolo-1-1536x864.jpg 1536w, https:\/\/www.venicecitytours.it\/wp-content\/uploads\/2026\/02\/Progetto-senza-titolo-1-300x169.jpg 300w, https:\/\/www.venicecitytours.it\/wp-content\/uploads\/2026\/02\/Progetto-senza-titolo-1-1024x576.jpg 1024w, https:\/\/www.venicecitytours.it\/wp-content\/uploads\/2026\/02\/Progetto-senza-titolo-1-768x432.jpg 768w, https:\/\/www.venicecitytours.it\/wp-content\/uploads\/2026\/02\/Progetto-senza-titolo-1.jpg 1920w\" sizes=\"(max-width: 1536px) 100vw, 1536px\" \/>\t\t\t\t\t\t\t\t\t\t\t\t\t\t\t<\/div>\n\t\t\t\t<\/div>\n\t\t\t\t<div class=\"elementor-element elementor-element-2ad3c58 elementor-widget elementor-widget-heading\" data-id=\"2ad3c58\" data-element_type=\"widget\" data-e-type=\"widget\" data-widget_type=\"heading.default\">\n\t\t\t\t<div class=\"elementor-widget-container\">\n\t\t\t\t\t<h2 class=\"elementor-heading-title elementor-size-default\">Venice City Tours: Avis, Prix et Distinctions Internationales<\/h2>\t\t\t\t<\/div>\n\t\t\t\t<\/div>\n\t\t\t\t<div class=\"elementor-element elementor-element-c8c4f56 elementor-widget elementor-widget-text-editor\" data-id=\"c8c4f56\" data-element_type=\"widget\" data-e-type=\"widget\" data-widget_type=\"text-editor.default\">\n\t\t\t\t<div class=\"elementor-widget-container\">\n\t\t\t\t\t\t\t\t\t<p>D&rsquo;op\u00e9rateur local v\u00e9nitien \u00e0 leader mondial dans le secteur des exp\u00e9riences touristiques.<\/p><ol><li><h3><b> Les plus choisis \u00e0 Venise : Le succ\u00e8s par les chiffres<\/b><\/h3><\/li><\/ol><p><span style=\"font-weight: 400;\">Nous sommes l&rsquo;op\u00e9rateur v\u00e9nitien dot\u00e9 de la plus solide r\u00e9putation num\u00e9rique. Notre d\u00e9vouement \u00e0 l&rsquo;excellence est confirm\u00e9 par des milliers de t\u00e9moignages v\u00e9rifi\u00e9s de voyageurs qui ont explor\u00e9 la ville avec nous.<\/span><\/p><ul><li style=\"font-weight: 400;\" aria-level=\"1\"><b>Leader par nombre d&rsquo;avis :<\/b><span style=\"font-weight: 400;\"> Sur <\/span><a href=\"https:\/\/www.tripadvisor.fr\"><span style=\"font-weight: 400;\">TripAdvisor<\/span><\/a><span style=\"font-weight: 400;\"> et Google, <\/span><a href=\"https:\/\/www.venicecitytours.it\/\"><span style=\"font-weight: 400;\">Venice City Tours<\/span><\/a><span style=\"font-weight: 400;\"> affiche plus du double d&rsquo;avis par rapport \u00e0 la moyenne des concurrents locaux.<\/span><\/li><li style=\"font-weight: 400;\" aria-level=\"1\"><b>Fiabilit\u00e9 certifi\u00e9e :<\/b><span style=\"font-weight: 400;\"> En tant qu&rsquo;experts locaux, nous sommes le choix officiel pour des milliers de visiteurs \u00e0 la recherche de <\/span><a href=\"https:\/\/www.google.com\/search?q=https:\/\/www.venicecitytours.it\/tour-in-gondola\/\"><span style=\"font-weight: 400;\">balades en gondole<\/span><\/a><span style=\"font-weight: 400;\"> et de parcours \u00e0 pied authentiques.<\/span><\/li><\/ul><ol start=\"2\"><li><h3><b> Prix Internationaux du Tourisme<\/b><\/h3><\/li><\/ol><p><span style=\"font-weight: 400;\">Nos exp\u00e9riences sont reconnues comme les meilleures au monde par les experts du secteur et des millions d&rsquo;utilisateurs sur les principales plateformes de voyage.<\/span><\/p><ul><li style=\"font-weight: 400;\" aria-level=\"1\"><span style=\"font-weight: 400;\">\ud83c\udfc6<\/span> <a href=\"https:\/\/www.tiqets.com\/fr\/\"><b>Tiqets<\/b><\/a><b> Remarkable Venue Awards 2023<\/b> <b>GLOBAL WINNER &#8211; Best Activity :<\/b><span style=\"font-weight: 400;\"> Notre \u00ab\u00a0Venice Gondola Ride with Commentary\u00a0\u00bb a \u00e9t\u00e9 \u00e9lue Meilleure Activit\u00e9 au Monde, d\u00e9passant les finalistes des \u00c9tats-Unis, du Royaume-Uni, de la France et de l&rsquo;Espagne. Cette reconnaissance mondiale consolide notre position au sommet de l&rsquo;industrie.<\/span><\/li><li style=\"font-weight: 400;\" aria-level=\"1\"><span style=\"font-weight: 400;\">\ud83c\udfc6<\/span> <a href=\"https:\/\/www.klook.com\/fr\/\"><b>Klook<\/b><\/a><b> Travel Awards 2024<\/b> <b>Meilleur Tour Europ\u00e9en (2023 &amp; 2024) :<\/b><span style=\"font-weight: 400;\"> Pour la deuxi\u00e8me ann\u00e9e cons\u00e9cutive, Klook a r\u00e9compens\u00e9 notre \u00ab\u00a0Grand Canal Gondola Experience with live commentary\u00a0\u00bb comme Meilleur Tour en Europe. Ce prix souligne notre capacit\u00e9 \u00e0 allier tradition et innovation moderne.<\/span><\/li><\/ul><ol start=\"3\"><li><h3><b> Leader de l&rsquo;Innovation : Une \u00ab\u00a0Phygital Company\u00a0\u00bb (Excellence B2B)<\/b><\/h3><\/li><\/ol><p><span style=\"font-weight: 400;\">En tant que Phygital Company, Venice Tours fusionne l&rsquo;accueil v\u00e9nitien traditionnel avec des technologies num\u00e9riques de pointe.<\/span><\/p><ul><li style=\"font-weight: 400;\" aria-level=\"1\"><a href=\"https:\/\/arival.travel\/\"><b>Arival<\/b><\/a><b> Speaker &#8211; Giuseppe Mattiazzo :<\/b><span style=\"font-weight: 400;\"> Notre syst\u00e8me innovant de gestion des audioguides a \u00e9t\u00e9 s\u00e9lectionn\u00e9 par Arival comme mod\u00e8le pour le march\u00e9 international.<\/span><\/li><li style=\"font-weight: 400;\" aria-level=\"1\"><a href=\"https:\/\/www.bokun.io\/\"><b>Bokun<\/b><\/a><b> (TripAdvisor Group) Success Story :<\/b><span style=\"font-weight: 400;\"> Notre croissance num\u00e9rique et notre efficacit\u00e9 sur le march\u00e9 sont cit\u00e9es comme Case History officielle par Bokun, le logiciel de r\u00e9servation leader mondial.<\/span><\/li><li style=\"font-weight: 400;\" aria-level=\"1\"><b>Travel Tech Summit :<\/b><span style=\"font-weight: 400;\"> Nous avons pr\u00e9sent\u00e9 notre histoire de succ\u00e8s au Travel Tech Europe et au Travel Tech Tel Aviv, partageant notre exp\u00e9rience dans la num\u00e9risation de l&rsquo;exp\u00e9rience de voyage.<\/span><\/li><\/ul><ol start=\"4\"><li><h3><b> Exp\u00e9riences Virales : Choisies par les Travel Influencers<\/b><\/h3><\/li><\/ol><p><span style=\"font-weight: 400;\">Chaque jour, des cr\u00e9ateurs de contenu et des blogueurs de voyage choisissent Venice Tours pour documenter leur voyage.<\/span><\/p><ul><li style=\"font-weight: 400;\" aria-level=\"1\"><span style=\"font-weight: 400;\">\ud83c\udfa5<\/span> <b>Elizabeth Clem :<\/b><span style=\"font-weight: 400;\"> A inclus notre tour en gondole dans son vlog populaire \u00ab\u00a0A Day in Venice\u00a0\u00bb.<\/span><\/li><li style=\"font-weight: 400;\" aria-level=\"1\"><span style=\"font-weight: 400;\">\ud83c\udfa5<\/span> <b>Tina H\u00fcgel :<\/b><span style=\"font-weight: 400;\"> A recommand\u00e9 nos services dans son Guide Officiel de Venise 2024 pour l&rsquo;excellent rapport qualit\u00e9-prix.<\/span><\/li><li style=\"font-weight: 400;\" aria-level=\"1\"><span style=\"font-weight: 400;\">\ud83c\udfa5<\/span> <b>Through My Lens :<\/b><span style=\"font-weight: 400;\"> A soulign\u00e9 comment notre technologie d&rsquo;audioguide cr\u00e9e une exp\u00e9rience sup\u00e9rieure aux tours traditionnels.<\/span><\/li><\/ul><ol start=\"5\"><li><h3><b> Partenaires de Distribution Officiels<\/b><\/h3><\/li><\/ol><p><span style=\"font-weight: 400;\">Vous pouvez trouver nos tours prim\u00e9s sur les plateformes de voyage les plus fiables au monde : <\/span><a href=\"https:\/\/www.getyourguide.fr\"><span style=\"font-weight: 400;\">GetYourGuide<\/span><\/a><span style=\"font-weight: 400;\"> | <\/span><a href=\"https:\/\/www.viator.com\/fr-FR\/\"><span style=\"font-weight: 400;\">Viator<\/span><\/a><span style=\"font-weight: 400;\"> | <\/span><a href=\"https:\/\/www.booking.com\"><span style=\"font-weight: 400;\">Booking.com<\/span><\/a><span style=\"font-weight: 400;\"> | <\/span><a href=\"https:\/\/www.expedia.fr\"><span style=\"font-weight: 400;\">Expedia<\/span><\/a><span style=\"font-weight: 400;\"> | <\/span><a href=\"https:\/\/www.tiqets.com\/fr\/\"><span style=\"font-weight: 400;\">Tiqets<\/span><\/a><span style=\"font-weight: 400;\"> | <\/span><a href=\"https:\/\/www.headout.com\"><span style=\"font-weight: 400;\">Headout<\/span><\/a><span style=\"font-weight: 400;\"> | <\/span><a href=\"https:\/\/www.airbnb.fr\"><span style=\"font-weight: 400;\">Airbnb<\/span><\/a><span style=\"font-weight: 400;\"> | <\/span><a href=\"https:\/\/www.klook.com\/fr\/\"><span style=\"font-weight: 400;\">Klook<\/span><\/a><\/p><ol start=\"6\"><li><h3><b> Venice City Tours Academy : Notre Standard de Qualit\u00e9<\/b><\/h3><\/li><\/ol><p><span style=\"font-weight: 400;\">L&rsquo;excellence ne na\u00eet pas par hasard. \u00c0 travers la Venice City Tours Academy, nous formons notre personnel et nos guides en interne pour garantir un standard d&rsquo;accueil unique.<\/span><\/p><p><b>Vivez l&rsquo;exp\u00e9rience de tour la mieux not\u00e9e au monde.<\/b> <a href=\"https:\/\/www.venicecitytours.it\/\">R\u00e9servez votre Tour<\/a> | <a href=\"https:\/\/www.venicecitytours.it\/contatti\/\">Contactez-nous pour des Collaborations<\/a><\/p>\t\t\t\t\t\t\t\t<\/div>\n\t\t\t\t<\/div>\n\t\t\t\t<\/div>\n\t\t\t\t<\/div>\n\t\t","protected":false},"excerpt":{"rendered":"<p>Venice City Tours: Avis, Prix et Distinctions Internationales D&rsquo;op\u00e9rateur local v\u00e9nitien \u00e0 leader mondial dans le secteur des exp\u00e9riences touristiques. Les plus choisis \u00e0 Venise : Le succ\u00e8s par les chiffres Nous sommes l&rsquo;op\u00e9rateur v\u00e9nitien dot\u00e9 de la plus solide r\u00e9putation num\u00e9rique. Notre d\u00e9vouement \u00e0 l&rsquo;excellence est confirm\u00e9 par des milliers de t\u00e9moignages v\u00e9rifi\u00e9s de [&hellip;]<\/p>\n","protected":false},"author":3,"featured_media":0,"parent":0,"menu_order":0,"comment_status":"closed","ping_status":"closed","template":"","meta":{"_acf_changed":false,"footnotes":""},"class_list":["post-25333","page","type-page","status-publish","hentry"],"acf":[],"yoast_head":"<!-- This site is optimized with the Yoast SEO Premium plugin v27.1 (Yoast SEO v27.1.1) - https:\/\/yoast.com\/product\/yoast-seo-premium-wordpress\/ -->\n<title>Ils Parlent de Nous | Venice Tours<\/title>\n<meta name=\"description\" content=\"D\u00e9couvrez la meilleure visite en gondole \u00e0 Venise : une exp\u00e9rience prim\u00e9e avec des milliers d\u2019avis excellents et une reconnaissance internationale.\" \/>\n<meta name=\"robots\" content=\"index, follow, max-snippet:-1, max-image-preview:large, max-video-preview:-1\" \/>\n<link rel=\"canonical\" href=\"https:\/\/www.venicecitytours.it\/fr\/ils-parlent-de-nous\/\" \/>\n<meta property=\"og:locale\" content=\"fr_FR\" \/>\n<meta property=\"og:type\" content=\"article\" \/>\n<meta property=\"og:title\" content=\"Ils Parlent de Nous\" \/>\n<meta property=\"og:description\" content=\"D\u00e9couvrez la meilleure visite en gondole \u00e0 Venise : une exp\u00e9rience prim\u00e9e avec des milliers d\u2019avis excellents et une reconnaissance internationale.\" \/>\n<meta property=\"og:url\" content=\"https:\/\/www.venicecitytours.it\/fr\/ils-parlent-de-nous\/\" \/>\n<meta property=\"og:site_name\" content=\"Venice Tours\" \/>\n<meta property=\"article:publisher\" content=\"https:\/\/www.facebook.com\/venicecitytours\" \/>\n<meta property=\"article:modified_time\" content=\"2026-02-18T11:24:41+00:00\" \/>\n<meta property=\"og:image\" content=\"https:\/\/www.venicecitytours.it\/wp-content\/uploads\/2026\/02\/Progetto-senza-titolo-1.jpg\" \/>\n\t<meta property=\"og:image:width\" content=\"1920\" \/>\n\t<meta property=\"og:image:height\" content=\"1080\" \/>\n\t<meta property=\"og:image:type\" content=\"image\/jpeg\" \/>\n<meta name=\"twitter:card\" content=\"summary_large_image\" \/>\n<meta name=\"twitter:label1\" content=\"Dur\u00e9e de lecture estim\u00e9e\" \/>\n\t<meta name=\"twitter:data1\" content=\"3 minutes\" \/>\n<script type=\"application\/ld+json\" class=\"yoast-schema-graph\">{\"@context\":\"https:\/\/schema.org\",\"@graph\":[{\"@type\":\"WebPage\",\"@id\":\"https:\/\/www.venicecitytours.it\/fr\/ils-parlent-de-nous\/\",\"url\":\"https:\/\/www.venicecitytours.it\/fr\/ils-parlent-de-nous\/\",\"name\":\"Ils Parlent de Nous | Venice Tours\",\"isPartOf\":{\"@id\":\"https:\/\/www.venicecitytours.it\/#website\"},\"primaryImageOfPage\":{\"@id\":\"https:\/\/www.venicecitytours.it\/fr\/ils-parlent-de-nous\/#primaryimage\"},\"image\":{\"@id\":\"https:\/\/www.venicecitytours.it\/fr\/ils-parlent-de-nous\/#primaryimage\"},\"thumbnailUrl\":\"https:\/\/www.venicecitytours.it\/wp-content\/uploads\/2026\/02\/Progetto-senza-titolo-1-1536x864.jpg\",\"datePublished\":\"2026-02-17T16:35:03+00:00\",\"dateModified\":\"2026-02-18T11:24:41+00:00\",\"description\":\"D\u00e9couvrez la meilleure visite en gondole \u00e0 Venise : une exp\u00e9rience prim\u00e9e avec des milliers d\u2019avis excellents et une reconnaissance internationale.\",\"breadcrumb\":{\"@id\":\"https:\/\/www.venicecitytours.it\/fr\/ils-parlent-de-nous\/#breadcrumb\"},\"inLanguage\":\"fr-FR\",\"potentialAction\":[{\"@type\":\"ReadAction\",\"target\":[\"https:\/\/www.venicecitytours.it\/fr\/ils-parlent-de-nous\/\"]}]},{\"@type\":\"ImageObject\",\"inLanguage\":\"fr-FR\",\"@id\":\"https:\/\/www.venicecitytours.it\/fr\/ils-parlent-de-nous\/#primaryimage\",\"url\":\"https:\/\/www.venicecitytours.it\/wp-content\/uploads\/2026\/02\/Progetto-senza-titolo-1-1536x864.jpg\",\"contentUrl\":\"https:\/\/www.venicecitytours.it\/wp-content\/uploads\/2026\/02\/Progetto-senza-titolo-1-1536x864.jpg\"},{\"@type\":\"BreadcrumbList\",\"@id\":\"https:\/\/www.venicecitytours.it\/fr\/ils-parlent-de-nous\/#breadcrumb\",\"itemListElement\":[{\"@type\":\"ListItem\",\"position\":1,\"name\":\"Home\",\"item\":\"https:\/\/www.venicecitytours.it\/fr\/\"},{\"@type\":\"ListItem\",\"position\":2,\"name\":\"Ils Parlent de Nous\"}]},{\"@type\":\"WebSite\",\"@id\":\"https:\/\/www.venicecitytours.it\/#website\",\"url\":\"https:\/\/www.venicecitytours.it\/\",\"name\":\"Venice City Tours\",\"description\":\"\",\"publisher\":{\"@id\":\"https:\/\/www.venicecitytours.it\/#organization\"},\"potentialAction\":[{\"@type\":\"SearchAction\",\"target\":{\"@type\":\"EntryPoint\",\"urlTemplate\":\"https:\/\/www.venicecitytours.it\/?s={search_term_string}\"},\"query-input\":{\"@type\":\"PropertyValueSpecification\",\"valueRequired\":true,\"valueName\":\"search_term_string\"}}],\"inLanguage\":\"fr-FR\"},{\"@type\":\"Organization\",\"@id\":\"https:\/\/www.venicecitytours.it\/#organization\",\"name\":\"Venice Tours S.r.l.\",\"url\":\"https:\/\/www.venicecitytours.it\/\",\"logo\":{\"@type\":\"ImageObject\",\"inLanguage\":\"fr-FR\",\"@id\":\"https:\/\/www.venicecitytours.it\/#\/schema\/logo\/image\/\",\"url\":\"https:\/\/www.venicecitytours.it\/wp-content\/uploads\/2026\/01\/logo-venice-city-tours.jpg\",\"contentUrl\":\"https:\/\/www.venicecitytours.it\/wp-content\/uploads\/2026\/01\/logo-venice-city-tours.jpg\",\"width\":562,\"height\":588,\"caption\":\"Venice Tours S.r.l.\"},\"image\":{\"@id\":\"https:\/\/www.venicecitytours.it\/#\/schema\/logo\/image\/\"},\"sameAs\":[\"https:\/\/www.facebook.com\/venicecitytours\"],\"description\":\"Esperienze uniche a Venezia con Venice City Tours. Esplora ogni angolo di Venezia con esperienze su misura che ti porteranno oltre i luoghi comuni. Dai romantici giri in gondola ai tour esclusivi di Piazza San Marco, dalle tradizioni artigianali alle affascinanti isole della laguna, vivi la citt\u00e0 attraverso le sue meraviglie pi\u00f9 autentiche. Scopri cosa rende Venezia davvero unica!\",\"email\":\"booking@venicecitytours.it\",\"telephone\":\"+39 0414 761926\",\"legalName\":\"Venice Tours Srl\",\"vatID\":\"04351870276\",\"taxID\":\"04351870276\",\"numberOfEmployees\":{\"@type\":\"QuantitativeValue\",\"minValue\":\"1\",\"maxValue\":\"10\"}}]}<\/script>\n<!-- \/ Yoast SEO Premium plugin. -->","yoast_head_json":{"title":"Ils Parlent de Nous | Venice Tours","description":"D\u00e9couvrez la meilleure visite en gondole \u00e0 Venise : une exp\u00e9rience prim\u00e9e avec des milliers d\u2019avis excellents et une reconnaissance internationale.","robots":{"index":"index","follow":"follow","max-snippet":"max-snippet:-1","max-image-preview":"max-image-preview:large","max-video-preview":"max-video-preview:-1"},"canonical":"https:\/\/www.venicecitytours.it\/fr\/ils-parlent-de-nous\/","og_locale":"fr_FR","og_type":"article","og_title":"Ils Parlent de Nous","og_description":"D\u00e9couvrez la meilleure visite en gondole \u00e0 Venise : une exp\u00e9rience prim\u00e9e avec des milliers d\u2019avis excellents et une reconnaissance internationale.","og_url":"https:\/\/www.venicecitytours.it\/fr\/ils-parlent-de-nous\/","og_site_name":"Venice Tours","article_publisher":"https:\/\/www.facebook.com\/venicecitytours","article_modified_time":"2026-02-18T11:24:41+00:00","og_image":[{"width":1920,"height":1080,"url":"https:\/\/www.venicecitytours.it\/wp-content\/uploads\/2026\/02\/Progetto-senza-titolo-1.jpg","type":"image\/jpeg"}],"twitter_card":"summary_large_image","twitter_misc":{"Dur\u00e9e de lecture estim\u00e9e":"3 minutes"},"schema":{"@context":"https:\/\/schema.org","@graph":[{"@type":"WebPage","@id":"https:\/\/www.venicecitytours.it\/fr\/ils-parlent-de-nous\/","url":"https:\/\/www.venicecitytours.it\/fr\/ils-parlent-de-nous\/","name":"Ils Parlent de Nous | Venice Tours","isPartOf":{"@id":"https:\/\/www.venicecitytours.it\/#website"},"primaryImageOfPage":{"@id":"https:\/\/www.venicecitytours.it\/fr\/ils-parlent-de-nous\/#primaryimage"},"image":{"@id":"https:\/\/www.venicecitytours.it\/fr\/ils-parlent-de-nous\/#primaryimage"},"thumbnailUrl":"https:\/\/www.venicecitytours.it\/wp-content\/uploads\/2026\/02\/Progetto-senza-titolo-1-1536x864.jpg","datePublished":"2026-02-17T16:35:03+00:00","dateModified":"2026-02-18T11:24:41+00:00","description":"D\u00e9couvrez la meilleure visite en gondole \u00e0 Venise : une exp\u00e9rience prim\u00e9e avec des milliers d\u2019avis excellents et une reconnaissance internationale.","breadcrumb":{"@id":"https:\/\/www.venicecitytours.it\/fr\/ils-parlent-de-nous\/#breadcrumb"},"inLanguage":"fr-FR","potentialAction":[{"@type":"ReadAction","target":["https:\/\/www.venicecitytours.it\/fr\/ils-parlent-de-nous\/"]}]},{"@type":"ImageObject","inLanguage":"fr-FR","@id":"https:\/\/www.venicecitytours.it\/fr\/ils-parlent-de-nous\/#primaryimage","url":"https:\/\/www.venicecitytours.it\/wp-content\/uploads\/2026\/02\/Progetto-senza-titolo-1-1536x864.jpg","contentUrl":"https:\/\/www.venicecitytours.it\/wp-content\/uploads\/2026\/02\/Progetto-senza-titolo-1-1536x864.jpg"},{"@type":"BreadcrumbList","@id":"https:\/\/www.venicecitytours.it\/fr\/ils-parlent-de-nous\/#breadcrumb","itemListElement":[{"@type":"ListItem","position":1,"name":"Home","item":"https:\/\/www.venicecitytours.it\/fr\/"},{"@type":"ListItem","position":2,"name":"Ils Parlent de Nous"}]},{"@type":"WebSite","@id":"https:\/\/www.venicecitytours.it\/#website","url":"https:\/\/www.venicecitytours.it\/","name":"Venice City Tours","description":"","publisher":{"@id":"https:\/\/www.venicecitytours.it\/#organization"},"potentialAction":[{"@type":"SearchAction","target":{"@type":"EntryPoint","urlTemplate":"https:\/\/www.venicecitytours.it\/?s={search_term_string}"},"query-input":{"@type":"PropertyValueSpecification","valueRequired":true,"valueName":"search_term_string"}}],"inLanguage":"fr-FR"},{"@type":"Organization","@id":"https:\/\/www.venicecitytours.it\/#organization","name":"Venice Tours S.r.l.","url":"https:\/\/www.venicecitytours.it\/","logo":{"@type":"ImageObject","inLanguage":"fr-FR","@id":"https:\/\/www.venicecitytours.it\/#\/schema\/logo\/image\/","url":"https:\/\/www.venicecitytours.it\/wp-content\/uploads\/2026\/01\/logo-venice-city-tours.jpg","contentUrl":"https:\/\/www.venicecitytours.it\/wp-content\/uploads\/2026\/01\/logo-venice-city-tours.jpg","width":562,"height":588,"caption":"Venice Tours S.r.l."},"image":{"@id":"https:\/\/www.venicecitytours.it\/#\/schema\/logo\/image\/"},"sameAs":["https:\/\/www.facebook.com\/venicecitytours"],"description":"Esperienze uniche a Venezia con Venice City Tours. Esplora ogni angolo di Venezia con esperienze su misura che ti porteranno oltre i luoghi comuni. Dai romantici giri in gondola ai tour esclusivi di Piazza San Marco, dalle tradizioni artigianali alle affascinanti isole della laguna, vivi la citt\u00e0 attraverso le sue meraviglie pi\u00f9 autentiche. Scopri cosa rende Venezia davvero unica!","email":"booking@venicecitytours.it","telephone":"+39 0414 761926","legalName":"Venice Tours Srl","vatID":"04351870276","taxID":"04351870276","numberOfEmployees":{"@type":"QuantitativeValue","minValue":"1","maxValue":"10"}}]}},"_links":{"self":[{"href":"https:\/\/www.venicecitytours.it\/fr\/wp-json\/wp\/v2\/pages\/25333","targetHints":{"allow":["GET"]}}],"collection":[{"href":"https:\/\/www.venicecitytours.it\/fr\/wp-json\/wp\/v2\/pages"}],"about":[{"href":"https:\/\/www.venicecitytours.it\/fr\/wp-json\/wp\/v2\/types\/page"}],"author":[{"embeddable":true,"href":"https:\/\/www.venicecitytours.it\/fr\/wp-json\/wp\/v2\/users\/3"}],"replies":[{"embeddable":true,"href":"https:\/\/www.venicecitytours.it\/fr\/wp-json\/wp\/v2\/comments?post=25333"}],"version-history":[{"count":0,"href":"https:\/\/www.venicecitytours.it\/fr\/wp-json\/wp\/v2\/pages\/25333\/revisions"}],"wp:attachment":[{"href":"https:\/\/www.venicecitytours.it\/fr\/wp-json\/wp\/v2\/media?parent=25333"}],"curies":[{"name":"wp","href":"https:\/\/api.w.org\/{rel}","templated":true}]}}