{"id":25810,"date":"2026-03-11T11:24:17","date_gmt":"2026-03-11T10:24:17","guid":{"rendered":"https:\/\/www.venicecitytours.it\/?page_id=25810"},"modified":"2026-03-11T11:53:55","modified_gmt":"2026-03-11T10:53:55","slug":"tour-murano-burano-torcello-faq","status":"publish","type":"page","link":"https:\/\/www.venicecitytours.it\/fr\/tour-murano-burano-torcello-faq\/","title":{"rendered":"Faq \u00celes"},"content":{"rendered":"\t\t<div data-elementor-type=\"wp-page\" data-elementor-id=\"25810\" class=\"elementor elementor-25810\" data-elementor-post-type=\"page\">\n\t\t\t\t<div class=\"elementor-element elementor-element-a33f2d5 e-flex e-con-boxed e-con e-parent\" data-id=\"a33f2d5\" data-element_type=\"container\" data-e-type=\"container\" data-settings=\"{&quot;background_background&quot;:&quot;classic&quot;,&quot;shape_divider_bottom&quot;:&quot;curve&quot;,&quot;shape_divider_bottom_negative&quot;:&quot;yes&quot;}\">\n\t\t\t\t\t<div class=\"e-con-inner\">\n\t\t\t\t<div class=\"elementor-shape elementor-shape-bottom\" aria-hidden=\"true\" data-negative=\"true\">\n\t\t\t<svg xmlns=\"http:\/\/www.w3.org\/2000\/svg\" viewBox=\"0 0 1000 100\" preserveAspectRatio=\"none\">\n\t<path class=\"elementor-shape-fill\" d=\"M500,97C126.7,96.3,0.8,19.8,0,0v100l1000,0V1C1000,19.4,873.3,97.8,500,97z\"\/>\n<\/svg>\t\t<\/div>\n\t\t<div class=\"elementor-element elementor-element-c44b64f e-con-full e-flex e-con e-child\" data-id=\"c44b64f\" data-element_type=\"container\" data-e-type=\"container\">\n\t\t\t\t<div class=\"elementor-element elementor-element-ff70253 elementor-widget elementor-widget-heading\" data-id=\"ff70253\" data-element_type=\"widget\" data-e-type=\"widget\" data-widget_type=\"heading.default\">\n\t\t\t\t<div class=\"elementor-widget-container\">\n\t\t\t\t\t<h1 class=\"elementor-heading-title elementor-size-default\">FAQ \u00celes: Murano, Burano et Torcello<\/h1>\t\t\t\t<\/div>\n\t\t\t\t<\/div>\n\t\t\t\t<div class=\"elementor-element elementor-element-edbf21a elementor-widget elementor-widget-heading\" data-id=\"edbf21a\" data-element_type=\"widget\" data-e-type=\"widget\" data-widget_type=\"heading.default\">\n\t\t\t\t<div class=\"elementor-widget-container\">\n\t\t\t\t\t<p class=\"elementor-heading-title elementor-size-default\">Achetez v\u00e9nitien, savourez l\u2019authenticit\u00e9!<\/p>\t\t\t\t<\/div>\n\t\t\t\t<\/div>\n\t\t\t\t<\/div>\n\t\t\t\t\t<\/div>\n\t\t\t\t<\/div>\n\t\t<div class=\"elementor-element elementor-element-4cf9903 e-flex e-con-boxed e-con e-parent\" data-id=\"4cf9903\" data-element_type=\"container\" data-e-type=\"container\">\n\t\t\t\t\t<div class=\"e-con-inner\">\n\t\t\t\t<div class=\"elementor-element elementor-element-28c171b elementor-widget elementor-widget-spacer\" data-id=\"28c171b\" data-element_type=\"widget\" data-e-type=\"widget\" data-widget_type=\"spacer.default\">\n\t\t\t\t<div class=\"elementor-widget-container\">\n\t\t\t\t\t\t\t<div class=\"elementor-spacer\">\n\t\t\t<div class=\"elementor-spacer-inner\"><\/div>\n\t\t<\/div>\n\t\t\t\t\t\t<\/div>\n\t\t\t\t<\/div>\n\t\t\t\t\t<\/div>\n\t\t\t\t<\/div>\n\t\t<div class=\"elementor-element elementor-element-e3ad795 e-flex e-con-boxed e-con e-parent\" data-id=\"e3ad795\" data-element_type=\"container\" data-e-type=\"container\">\n\t\t\t\t\t<div class=\"e-con-inner\">\n\t\t\t\t<div class=\"elementor-element elementor-element-8f85c01 elementor-widget elementor-widget-text-editor\" data-id=\"8f85c01\" data-element_type=\"widget\" data-e-type=\"widget\" data-widget_type=\"text-editor.default\">\n\t\t\t\t<div class=\"elementor-widget-container\">\n\t\t\t\t\t\t\t\t\t<p data-start=\"1071\" data-end=\"1467\"><strong data-start=\"1071\" data-end=\"1129\">Q : Combien de temps dure un tour des \u00eeles de Venise ? <\/strong>R : La dur\u00e9e d\u2019un <strong data-start=\"1150\" data-end=\"1181\">tour Murano Burano Torcello<\/strong> d\u00e9pend de l\u2019option choisie. Les tours complets incluant les trois \u00eeles durent g\u00e9n\u00e9ralement environ <strong data-start=\"1281\" data-end=\"1293\">5 heures<\/strong>, tandis que certaines exp\u00e9riences plus courtes ou semi-priv\u00e9es peuvent durer environ <strong data-start=\"1379\" data-end=\"1391\">3 heures<\/strong>. Ce temps comprend la navigation dans la lagune et les arr\u00eats sur les \u00eeles.<\/p><p data-start=\"1474\" data-end=\"1732\"><strong data-start=\"1474\" data-end=\"1524\">Q : Comment rejoindre les \u00eeles depuis Venise ? <\/strong>R : Les \u00eeles de la lagune v\u00e9nitienne ne sont accessibles <strong data-start=\"1584\" data-end=\"1602\">que par bateau<\/strong>. Un <strong data-start=\"1607\" data-end=\"1638\">tour Murano Burano Torcello<\/strong> part g\u00e9n\u00e9ralement du centre de Venise et comprend le transfert en bateau \u00e0 travers la lagune.<\/p><p data-start=\"1739\" data-end=\"2079\"><strong data-start=\"1739\" data-end=\"1798\">Q : Le transport en bateau est-il inclus dans le tour ? <\/strong>R : Oui, tous les tours incluent le transfert en bateau dans la lagune de Venise. Selon l\u2019exp\u00e9rience choisie, le <strong data-start=\"1914\" data-end=\"1945\">tour Murano Burano Torcello<\/strong> peut se faire \u00e0 bord de grandes embarcations avec plusieurs passagers, de bateaux plus petits ou de bateaux semi-priv\u00e9s avec skipper.<\/p><p data-start=\"2086\" data-end=\"2402\"><strong data-start=\"2086\" data-end=\"2138\">Q : Combien de temps passe-t-on sur chaque \u00eele ? <\/strong>R : Lors d\u2019un <strong data-start=\"2155\" data-end=\"2186\">tour Murano Burano Torcello<\/strong>, les visiteurs passent g\u00e9n\u00e9ralement environ <strong data-start=\"2231\" data-end=\"2271\">1 heure \u00e0 Murano et 1 heure \u00e0 Burano<\/strong>, tandis que l\u2019arr\u00eat \u00e0 <strong data-start=\"2294\" data-end=\"2330\">Torcello dure environ 30 minutes<\/strong>. Une partie de l\u2019exp\u00e9rience se d\u00e9roule \u00e9galement pendant la navigation.<\/p><p data-start=\"2409\" data-end=\"2726\"><strong data-start=\"2409\" data-end=\"2466\">Q : Que voit-on sur l\u2019\u00eele de Murano pendant le tour ? <\/strong>R : Murano est c\u00e9l\u00e8bre dans le monde entier pour sa <strong data-start=\"2521\" data-end=\"2553\">tradition du verre artisanal<\/strong>. De nombreux tours incluent la visite d\u2019une <strong data-start=\"2598\" data-end=\"2621\">verrerie historique<\/strong>, o\u00f9 il est possible d\u2019assister \u00e0 une d\u00e9monstration de soufflage du verre r\u00e9alis\u00e9e par un ma\u00eetre verrier.<\/p><p data-start=\"2733\" data-end=\"3080\"><strong data-start=\"2733\" data-end=\"2800\">Q : Pourquoi Burano est-elle l\u2019une des \u00eeles les plus visit\u00e9es ? <\/strong>R : Burano est connue pour ses <strong data-start=\"2834\" data-end=\"2873\">maisons color\u00e9es le long des canaux<\/strong>, consid\u00e9r\u00e9es parmi les endroits les plus photographi\u00e9s de la lagune de Venise. Pendant le <strong data-start=\"2964\" data-end=\"2995\">tour Murano Burano Torcello<\/strong>, les visiteurs profitent souvent de la pause pour se promener et prendre des photos.<\/p><p data-start=\"3087\" data-end=\"3399\"><strong data-start=\"3087\" data-end=\"3135\">Q : Qu\u2019est-ce qui rend Torcello si sp\u00e9cial ? <\/strong>R : Torcello est l\u2019une des <strong data-start=\"3165\" data-end=\"3215\">\u00eeles les plus anciennes de la lagune de Venise<\/strong> et l\u2019un des premiers lieux d\u2019habitation qui ont conduit \u00e0 la naissance de Venise. Le <strong data-start=\"3301\" data-end=\"3332\">tour Murano Burano Torcello<\/strong> permet de d\u00e9couvrir un c\u00f4t\u00e9 plus calme et historique de la lagune.<\/p><p data-start=\"3406\" data-end=\"3682\"><strong data-start=\"3406\" data-end=\"3445\">Q : Le tour des \u00eeles est-il guid\u00e9 ? <\/strong>R : De nombreuses excursions incluent un <strong data-start=\"3489\" data-end=\"3511\">guide local expert<\/strong> qui raconte l\u2019histoire des \u00eeles pendant la navigation et lors des principales \u00e9tapes. Certaines versions du <strong data-start=\"3620\" data-end=\"3651\">tour Murano Burano Torcello<\/strong> incluent seulement un skipper.<\/p><p data-start=\"3689\" data-end=\"3949\"><strong data-start=\"3689\" data-end=\"3747\">Q : Est-il n\u00e9cessaire de r\u00e9server le tour \u00e0 l\u2019avance ? <\/strong>R : La r\u00e9servation n\u2019est pas obligatoire, mais elle est <strong data-start=\"3806\" data-end=\"3831\">fortement recommand\u00e9e<\/strong>, surtout pendant la haute saison. R\u00e9server un <strong data-start=\"3878\" data-end=\"3909\">tour Murano Burano Torcello<\/strong> \u00e0 l\u2019avance permet de garantir sa place.<\/p><p data-start=\"3956\" data-end=\"4224\"><strong data-start=\"3956\" data-end=\"4007\">Q : D\u2019o\u00f9 partent les tours des \u00eeles de Venise ? <\/strong>R : Le <strong data-start=\"4017\" data-end=\"4048\">tour Murano Burano Torcello<\/strong> part g\u00e9n\u00e9ralement de points d\u2019embarquement situ\u00e9s dans le centre de Venise. Le point de d\u00e9part exact est indiqu\u00e9 dans la section <strong data-start=\"4178\" data-end=\"4204\">\u00ab Point de rencontre \u00bb<\/strong> de la page du tour.<\/p><p data-start=\"4231\" data-end=\"4464\"><strong data-start=\"4231\" data-end=\"4285\">Q : Peut-on montrer le voucher sur le smartphone ? <\/strong>R : Oui, il n\u2019est pas n\u00e9cessaire d\u2019imprimer le voucher. Vous pouvez simplement montrer le <strong data-start=\"4378\" data-end=\"4420\">voucher num\u00e9rique sur votre smartphone<\/strong> au point de rencontre avant l\u2019embarquement.<\/p><p data-start=\"4471\" data-end=\"4730\"><strong data-start=\"4471\" data-end=\"4536\">Q : Est-il possible d\u2019annuler ou de modifier la r\u00e9servation ? <\/strong>R : Dans la plupart des cas, il est possible <strong data-start=\"4584\" data-end=\"4661\">d\u2019annuler ou de modifier la r\u00e9servation jusqu\u2019\u00e0 24 heures avant le d\u00e9part<\/strong> pour obtenir un remboursement complet, selon les conditions du tour.<\/p>\t\t\t\t\t\t\t\t<\/div>\n\t\t\t\t<\/div>\n\t\t\t\t<div class=\"elementor-element elementor-element-f1a604e elementor-widget elementor-widget-html\" data-id=\"f1a604e\" data-element_type=\"widget\" data-e-type=\"widget\" data-widget_type=\"html.default\">\n\t\t\t\t<div class=\"elementor-widget-container\">\n\t\t\t\t\t<script type=\"application\/ld+json\">\r\n{\r\n  \"@context\": \"https:\/\/schema.org\",\r\n  \"@type\": \"FAQPage\",\r\n  \"mainEntity\": [\r\n    {\r\n      \"@type\": \"Question\",\r\n      \"name\": \"Combien de personnes peuvent monter \u00e0 bord d\u2019une gondole ?\",\r\n      \"acceptedAnswer\": {\r\n        \"@type\": \"Answer\",\r\n        \"text\": \"Chaque gondole peut accueillir jusqu\u2019\u00e0 5 passagers maximum.\"\r\n      }\r\n    },\r\n    {\r\n      \"@type\": \"Question\",\r\n      \"name\": \"Quelle est la dur\u00e9e moyenne du tour ?\",\r\n      \"acceptedAnswer\": {\r\n        \"@type\": \"Answer\",\r\n        \"text\": \"Les tours partag\u00e9s durent environ 50 minutes et incluent la Gondola Gallery, une courte introduction \u00e0 pied et le tour en gondole. Le tour priv\u00e9 dure environ 25 \u00e0 30 minutes.\"\r\n      }\r\n    },\r\n    {\r\n      \"@type\": \"Question\",\r\n      \"name\": \"Est-il obligatoire de r\u00e9server \u00e0 l\u2019avance ?\",\r\n      \"acceptedAnswer\": {\r\n        \"@type\": \"Answer\",\r\n        \"text\": \"La r\u00e9servation \u00e0 l\u2019avance n\u2019est pas obligatoire, mais elle est fortement recommand\u00e9e, surtout les week-ends, pendant le Carnaval et durant la saison estivale.\"\r\n      }\r\n    },\r\n    {\r\n      \"@type\": \"Question\",\r\n      \"name\": \"Le gondolier chantera-t-il ou expliquera-t-il les monuments ?\",\r\n      \"acceptedAnswer\": {\r\n        \"@type\": \"Answer\",\r\n        \"text\": \"Le service n\u2019inclut pas de musique sauf si l\u2019option s\u00e9r\u00e9nade est choisie. Les gondoliers sont des professionnels de la navigation et ne font pas office de guides touristiques.\"\r\n      }\r\n    },\r\n    {\r\n      \"@type\": \"Question\",\r\n      \"name\": \"Que se passe-t-il en cas de pluie ou de mauvais temps ?\",\r\n      \"acceptedAnswer\": {\r\n        \"@type\": \"Answer\",\r\n        \"text\": \"En cas de pluie, le tour est g\u00e9n\u00e9ralement maintenu. Il est toutefois n\u00e9cessaire de se pr\u00e9senter au point de rendez-vous pour l\u2019enregistrement et recevoir des informations actualis\u00e9es. En cas d\u2019annulation par les gondoliers, un remboursement sera effectu\u00e9.\"\r\n      }\r\n    },\r\n    {\r\n      \"@type\": \"Question\",\r\n      \"name\": \"Puis-je choisir l\u2019itin\u00e9raire du tour ?\",\r\n      \"acceptedAnswer\": {\r\n        \"@type\": \"Answer\",\r\n        \"text\": \"Il est possible de choisir parmi diff\u00e9rents itin\u00e9raires propos\u00e9s, notamment les canaux de San Marco, le Grand Canal, la Basilique Santa Maria della Salute ou l\u2019itin\u00e9raire incluant le Pont des Soupirs.\"\r\n      }\r\n    },\r\n    {\r\n      \"@type\": \"Question\",\r\n      \"name\": \"Les enfants doivent-ils payer un billet ?\",\r\n      \"acceptedAnswer\": {\r\n        \"@type\": \"Answer\",\r\n        \"text\": \"Les enfants jusqu\u2019\u00e0 2 ans peuvent participer gratuitement.\"\r\n      }\r\n    },\r\n    {\r\n      \"@type\": \"Question\",\r\n      \"name\": \"D\u2019o\u00f9 partent les tours en gondole ?\",\r\n      \"acceptedAnswer\": {\r\n        \"@type\": \"Answer\",\r\n        \"text\": \"Il existe plusieurs points de rendez-vous et d\u2019assistance. Le point exact est indiqu\u00e9 lors de la r\u00e9servation. Les participants doivent arriver au moins 10 minutes avant le d\u00e9part.\"\r\n      }\r\n    },\r\n    {\r\n      \"@type\": \"Question\",\r\n      \"name\": \"Dois-je imprimer le bon ou puis-je le pr\u00e9senter sur mon smartphone ?\",\r\n      \"acceptedAnswer\": {\r\n        \"@type\": \"Answer\",\r\n        \"text\": \"Vous pouvez pr\u00e9senter le bon de r\u00e9servation directement sur votre smartphone.\"\r\n      }\r\n    },\r\n    {\r\n      \"@type\": \"Question\",\r\n      \"name\": \"Qu\u2019est-ce que l\u2019exp\u00e9rience \u00ab Gondola Gallery \u00bb incluse dans le tour ?\",\r\n      \"acceptedAnswer\": {\r\n        \"@type\": \"Answer\",\r\n        \"text\": \"La Gondola Gallery est une exposition immersive d\u00e9di\u00e9e \u00e0 l\u2019histoire de la gondole, incluant une exp\u00e9rience virtuelle en 3D retra\u00e7ant des si\u00e8cles d\u2019histoire v\u00e9nitienne.\"\r\n      }\r\n    },\r\n    {\r\n      \"@type\": \"Question\",\r\n      \"name\": \"Puis-je annuler ma r\u00e9servation ?\",\r\n      \"acceptedAnswer\": {\r\n        \"@type\": \"Answer\",\r\n        \"text\": \"Oui, il est possible d\u2019annuler ou de reprogrammer la r\u00e9servation jusqu\u2019\u00e0 24 heures avant l\u2019heure de d\u00e9part afin d\u2019obtenir un remboursement.\"\r\n      }\r\n    }\r\n  ]\r\n}\r\n<\/script>\r\n\t\t\t\t<\/div>\n\t\t\t\t<\/div>\n\t\t\t\t\t<\/div>\n\t\t\t\t<\/div>\n\t\t<div class=\"elementor-element elementor-element-8629a54 e-flex e-con-boxed e-con e-parent\" data-id=\"8629a54\" data-element_type=\"container\" data-e-type=\"container\">\n\t\t\t\t\t<div class=\"e-con-inner\">\n\t\t\t\t<div class=\"elementor-element elementor-element-fa45e91 elementor-widget elementor-widget-spacer\" data-id=\"fa45e91\" data-element_type=\"widget\" data-e-type=\"widget\" data-widget_type=\"spacer.default\">\n\t\t\t\t<div class=\"elementor-widget-container\">\n\t\t\t\t\t\t\t<div class=\"elementor-spacer\">\n\t\t\t<div class=\"elementor-spacer-inner\"><\/div>\n\t\t<\/div>\n\t\t\t\t\t\t<\/div>\n\t\t\t\t<\/div>\n\t\t\t\t<div class=\"elementor-element elementor-element-0e50411 elementor-widget elementor-widget-html\" data-id=\"0e50411\" data-element_type=\"widget\" data-e-type=\"widget\" data-widget_type=\"html.default\">\n\t\t\t\t<div class=\"elementor-widget-container\">\n\t\t\t\t\t<script defer async src='https:\/\/cdn.trustindex.io\/loader.js?7017433623ad789580960482098'><\/script>\t\t\t\t<\/div>\n\t\t\t\t<\/div>\n\t\t\t\t\t<\/div>\n\t\t\t\t<\/div>\n\t\t<div class=\"elementor-element elementor-element-1a573af e-flex e-con-boxed e-con e-parent\" data-id=\"1a573af\" data-element_type=\"container\" data-e-type=\"container\">\n\t\t\t\t\t<div class=\"e-con-inner\">\n\t\t\t\t<div class=\"elementor-element elementor-element-a7c3d04 elementor-widget elementor-widget-heading\" data-id=\"a7c3d04\" data-element_type=\"widget\" data-e-type=\"widget\" data-widget_type=\"heading.default\">\n\t\t\t\t<div class=\"elementor-widget-container\">\n\t\t\t\t\t<h4 class=\"elementor-heading-title elementor-size-default\">Vous avez d\u2019autres questions ou curiosit\u00e9s ?\nCliquez en bas \u00e0 droite et demandez \u00e0 Marco Polo!<\/h4>\t\t\t\t<\/div>\n\t\t\t\t<\/div>\n\t\t\t\t\t<\/div>\n\t\t\t\t<\/div>\n\t\t\t\t<\/div>\n\t\t","protected":false},"excerpt":{"rendered":"<p>FAQ \u00celes: Murano, Burano et Torcello Achetez v\u00e9nitien, savourez l\u2019authenticit\u00e9! Q : Combien de temps dure un tour des \u00eeles de Venise ? R : La dur\u00e9e d\u2019un tour Murano Burano Torcello d\u00e9pend de l\u2019option choisie. Les tours complets incluant les trois \u00eeles durent g\u00e9n\u00e9ralement environ 5 heures, tandis que certaines exp\u00e9riences plus courtes ou [&hellip;]<\/p>\n","protected":false},"author":3,"featured_media":0,"parent":0,"menu_order":0,"comment_status":"closed","ping_status":"closed","template":"","meta":{"_acf_changed":false,"footnotes":""},"class_list":["post-25810","page","type-page","status-publish","hentry"],"acf":[],"yoast_head":"<!-- This site is optimized with the Yoast SEO Premium plugin v27.1 (Yoast SEO v27.1.1) - https:\/\/yoast.com\/product\/yoast-seo-premium-wordpress\/ -->\n<title>FAQ Tour Murano Burano Torcello | \u00celes de Venise<\/title>\n<meta name=\"description\" content=\"Consultez la FAQ du tour Murano Burano Torcello depuis Venise : dur\u00e9e, visite d\u2019une verrerie \u00e0 Murano et d\u00e9couverte des \u00eeles de la lagune.\" \/>\n<meta name=\"robots\" content=\"index, follow, max-snippet:-1, max-image-preview:large, max-video-preview:-1\" \/>\n<link rel=\"canonical\" href=\"https:\/\/www.venicecitytours.it\/fr\/tour-murano-burano-torcello-faq\/\" \/>\n<meta property=\"og:locale\" content=\"fr_FR\" \/>\n<meta property=\"og:type\" content=\"article\" \/>\n<meta property=\"og:title\" content=\"Faq \u00celes\" \/>\n<meta property=\"og:description\" content=\"Consultez la FAQ du tour Murano Burano Torcello depuis Venise : dur\u00e9e, visite d\u2019une verrerie \u00e0 Murano et d\u00e9couverte des \u00eeles de la lagune.\" \/>\n<meta property=\"og:url\" content=\"https:\/\/www.venicecitytours.it\/fr\/tour-murano-burano-torcello-faq\/\" \/>\n<meta property=\"og:site_name\" content=\"Venice Tours\" \/>\n<meta property=\"article:publisher\" content=\"https:\/\/www.facebook.com\/venicecitytours\" \/>\n<meta property=\"article:modified_time\" content=\"2026-03-11T10:53:55+00:00\" \/>\n<meta name=\"twitter:card\" content=\"summary_large_image\" \/>\n<meta name=\"twitter:label1\" content=\"Dur\u00e9e de lecture estim\u00e9e\" \/>\n\t<meta name=\"twitter:data1\" content=\"75 minutes\" \/>\n<script type=\"application\/ld+json\" class=\"yoast-schema-graph\">{\"@context\":\"https:\/\/schema.org\",\"@graph\":[{\"@type\":\"WebPage\",\"@id\":\"https:\/\/www.venicecitytours.it\/fr\/tour-murano-burano-torcello-faq\/\",\"url\":\"https:\/\/www.venicecitytours.it\/fr\/tour-murano-burano-torcello-faq\/\",\"name\":\"FAQ Tour Murano Burano Torcello | \u00celes de Venise\",\"isPartOf\":{\"@id\":\"https:\/\/www.venicecitytours.it\/#website\"},\"datePublished\":\"2026-03-11T10:24:17+00:00\",\"dateModified\":\"2026-03-11T10:53:55+00:00\",\"description\":\"Consultez la FAQ du tour Murano Burano Torcello depuis Venise : dur\u00e9e, visite d\u2019une verrerie \u00e0 Murano et d\u00e9couverte des \u00eeles de la lagune.\",\"breadcrumb\":{\"@id\":\"https:\/\/www.venicecitytours.it\/fr\/tour-murano-burano-torcello-faq\/#breadcrumb\"},\"inLanguage\":\"fr-FR\",\"potentialAction\":[{\"@type\":\"ReadAction\",\"target\":[\"https:\/\/www.venicecitytours.it\/fr\/tour-murano-burano-torcello-faq\/\"]}]},{\"@type\":\"BreadcrumbList\",\"@id\":\"https:\/\/www.venicecitytours.it\/fr\/tour-murano-burano-torcello-faq\/#breadcrumb\",\"itemListElement\":[{\"@type\":\"ListItem\",\"position\":1,\"name\":\"Home\",\"item\":\"https:\/\/www.venicecitytours.it\/fr\/\"},{\"@type\":\"ListItem\",\"position\":2,\"name\":\"Faq \u00celes\"}]},{\"@type\":\"WebSite\",\"@id\":\"https:\/\/www.venicecitytours.it\/#website\",\"url\":\"https:\/\/www.venicecitytours.it\/\",\"name\":\"Venice City Tours\",\"description\":\"\",\"publisher\":{\"@id\":\"https:\/\/www.venicecitytours.it\/#organization\"},\"potentialAction\":[{\"@type\":\"SearchAction\",\"target\":{\"@type\":\"EntryPoint\",\"urlTemplate\":\"https:\/\/www.venicecitytours.it\/?s={search_term_string}\"},\"query-input\":{\"@type\":\"PropertyValueSpecification\",\"valueRequired\":true,\"valueName\":\"search_term_string\"}}],\"inLanguage\":\"fr-FR\"},{\"@type\":\"Organization\",\"@id\":\"https:\/\/www.venicecitytours.it\/#organization\",\"name\":\"Venice Tours S.r.l.\",\"url\":\"https:\/\/www.venicecitytours.it\/\",\"logo\":{\"@type\":\"ImageObject\",\"inLanguage\":\"fr-FR\",\"@id\":\"https:\/\/www.venicecitytours.it\/#\/schema\/logo\/image\/\",\"url\":\"https:\/\/www.venicecitytours.it\/wp-content\/uploads\/2026\/01\/logo-venice-city-tours.jpg\",\"contentUrl\":\"https:\/\/www.venicecitytours.it\/wp-content\/uploads\/2026\/01\/logo-venice-city-tours.jpg\",\"width\":562,\"height\":588,\"caption\":\"Venice Tours S.r.l.\"},\"image\":{\"@id\":\"https:\/\/www.venicecitytours.it\/#\/schema\/logo\/image\/\"},\"sameAs\":[\"https:\/\/www.facebook.com\/venicecitytours\"],\"description\":\"Esperienze uniche a Venezia con Venice City Tours. Esplora ogni angolo di Venezia con esperienze su misura che ti porteranno oltre i luoghi comuni. Dai romantici giri in gondola ai tour esclusivi di Piazza San Marco, dalle tradizioni artigianali alle affascinanti isole della laguna, vivi la citt\u00e0 attraverso le sue meraviglie pi\u00f9 autentiche. Scopri cosa rende Venezia davvero unica!\",\"email\":\"booking@venicecitytours.it\",\"telephone\":\"+39 0414 761926\",\"legalName\":\"Venice Tours Srl\",\"vatID\":\"04351870276\",\"taxID\":\"04351870276\",\"numberOfEmployees\":{\"@type\":\"QuantitativeValue\",\"minValue\":\"1\",\"maxValue\":\"10\"}}]}<\/script>\n<!-- \/ Yoast SEO Premium plugin. -->","yoast_head_json":{"title":"FAQ Tour Murano Burano Torcello | \u00celes de Venise","description":"Consultez la FAQ du tour Murano Burano Torcello depuis Venise : dur\u00e9e, visite d\u2019une verrerie \u00e0 Murano et d\u00e9couverte des \u00eeles de la lagune.","robots":{"index":"index","follow":"follow","max-snippet":"max-snippet:-1","max-image-preview":"max-image-preview:large","max-video-preview":"max-video-preview:-1"},"canonical":"https:\/\/www.venicecitytours.it\/fr\/tour-murano-burano-torcello-faq\/","og_locale":"fr_FR","og_type":"article","og_title":"Faq \u00celes","og_description":"Consultez la FAQ du tour Murano Burano Torcello depuis Venise : dur\u00e9e, visite d\u2019une verrerie \u00e0 Murano et d\u00e9couverte des \u00eeles de la lagune.","og_url":"https:\/\/www.venicecitytours.it\/fr\/tour-murano-burano-torcello-faq\/","og_site_name":"Venice Tours","article_publisher":"https:\/\/www.facebook.com\/venicecitytours","article_modified_time":"2026-03-11T10:53:55+00:00","twitter_card":"summary_large_image","twitter_misc":{"Dur\u00e9e de lecture estim\u00e9e":"75 minutes"},"schema":{"@context":"https:\/\/schema.org","@graph":[{"@type":"WebPage","@id":"https:\/\/www.venicecitytours.it\/fr\/tour-murano-burano-torcello-faq\/","url":"https:\/\/www.venicecitytours.it\/fr\/tour-murano-burano-torcello-faq\/","name":"FAQ Tour Murano Burano Torcello | \u00celes de Venise","isPartOf":{"@id":"https:\/\/www.venicecitytours.it\/#website"},"datePublished":"2026-03-11T10:24:17+00:00","dateModified":"2026-03-11T10:53:55+00:00","description":"Consultez la FAQ du tour Murano Burano Torcello depuis Venise : dur\u00e9e, visite d\u2019une verrerie \u00e0 Murano et d\u00e9couverte des \u00eeles de la lagune.","breadcrumb":{"@id":"https:\/\/www.venicecitytours.it\/fr\/tour-murano-burano-torcello-faq\/#breadcrumb"},"inLanguage":"fr-FR","potentialAction":[{"@type":"ReadAction","target":["https:\/\/www.venicecitytours.it\/fr\/tour-murano-burano-torcello-faq\/"]}]},{"@type":"BreadcrumbList","@id":"https:\/\/www.venicecitytours.it\/fr\/tour-murano-burano-torcello-faq\/#breadcrumb","itemListElement":[{"@type":"ListItem","position":1,"name":"Home","item":"https:\/\/www.venicecitytours.it\/fr\/"},{"@type":"ListItem","position":2,"name":"Faq \u00celes"}]},{"@type":"WebSite","@id":"https:\/\/www.venicecitytours.it\/#website","url":"https:\/\/www.venicecitytours.it\/","name":"Venice City Tours","description":"","publisher":{"@id":"https:\/\/www.venicecitytours.it\/#organization"},"potentialAction":[{"@type":"SearchAction","target":{"@type":"EntryPoint","urlTemplate":"https:\/\/www.venicecitytours.it\/?s={search_term_string}"},"query-input":{"@type":"PropertyValueSpecification","valueRequired":true,"valueName":"search_term_string"}}],"inLanguage":"fr-FR"},{"@type":"Organization","@id":"https:\/\/www.venicecitytours.it\/#organization","name":"Venice Tours S.r.l.","url":"https:\/\/www.venicecitytours.it\/","logo":{"@type":"ImageObject","inLanguage":"fr-FR","@id":"https:\/\/www.venicecitytours.it\/#\/schema\/logo\/image\/","url":"https:\/\/www.venicecitytours.it\/wp-content\/uploads\/2026\/01\/logo-venice-city-tours.jpg","contentUrl":"https:\/\/www.venicecitytours.it\/wp-content\/uploads\/2026\/01\/logo-venice-city-tours.jpg","width":562,"height":588,"caption":"Venice Tours S.r.l."},"image":{"@id":"https:\/\/www.venicecitytours.it\/#\/schema\/logo\/image\/"},"sameAs":["https:\/\/www.facebook.com\/venicecitytours"],"description":"Esperienze uniche a Venezia con Venice City Tours. Esplora ogni angolo di Venezia con esperienze su misura che ti porteranno oltre i luoghi comuni. Dai romantici giri in gondola ai tour esclusivi di Piazza San Marco, dalle tradizioni artigianali alle affascinanti isole della laguna, vivi la citt\u00e0 attraverso le sue meraviglie pi\u00f9 autentiche. Scopri cosa rende Venezia davvero unica!","email":"booking@venicecitytours.it","telephone":"+39 0414 761926","legalName":"Venice Tours Srl","vatID":"04351870276","taxID":"04351870276","numberOfEmployees":{"@type":"QuantitativeValue","minValue":"1","maxValue":"10"}}]}},"_links":{"self":[{"href":"https:\/\/www.venicecitytours.it\/fr\/wp-json\/wp\/v2\/pages\/25810","targetHints":{"allow":["GET"]}}],"collection":[{"href":"https:\/\/www.venicecitytours.it\/fr\/wp-json\/wp\/v2\/pages"}],"about":[{"href":"https:\/\/www.venicecitytours.it\/fr\/wp-json\/wp\/v2\/types\/page"}],"author":[{"embeddable":true,"href":"https:\/\/www.venicecitytours.it\/fr\/wp-json\/wp\/v2\/users\/3"}],"replies":[{"embeddable":true,"href":"https:\/\/www.venicecitytours.it\/fr\/wp-json\/wp\/v2\/comments?post=25810"}],"version-history":[{"count":0,"href":"https:\/\/www.venicecitytours.it\/fr\/wp-json\/wp\/v2\/pages\/25810\/revisions"}],"wp:attachment":[{"href":"https:\/\/www.venicecitytours.it\/fr\/wp-json\/wp\/v2\/media?parent=25810"}],"curies":[{"name":"wp","href":"https:\/\/api.w.org\/{rel}","templated":true}]}}